{"id":11325,"date":"2024-05-10T15:26:23","date_gmt":"2024-05-10T12:26:23","guid":{"rendered":"https:\/\/testimine.kliimapluss.ee\/siltumsukna-uzstadisana\/"},"modified":"2024-05-10T15:26:24","modified_gmt":"2024-05-10T12:26:24","slug":"siltumsukna-uzstadisana","status":"publish","type":"page","link":"https:\/\/testimine.kliimapluss.ee\/lv\/siltumsukna-uzstadisana\/","title":{"rendered":"Siltums\u016bk\u0146a uzst\u0101d\u012b\u0161ana"},"content":{"rendered":"\t\t<div data-elementor-type=\"wp-page\" data-elementor-id=\"11325\" class=\"elementor elementor-11325 elementor-5359\" data-elementor-post-type=\"page\">\n\t\t\t\t\t\t<section class=\"elementor-section elementor-top-section elementor-element elementor-element-dac7ee1 elementor-section-full_width elementor-section-height-default elementor-section-height-default\" data-id=\"dac7ee1\" data-element_type=\"section\">\n\t\t\t\t\t\t<div class=\"elementor-container elementor-column-gap-default\">\n\t\t\t\t\t<div class=\"elementor-column elementor-col-100 elementor-top-column elementor-element elementor-element-1f0aea1\" data-id=\"1f0aea1\" data-element_type=\"column\">\n\t\t\t<div class=\"elementor-widget-wrap elementor-element-populated\">\n\t\t\t\t\t\t<div class=\"elementor-element elementor-element-42cbacb elementor-widget elementor-widget-heading\" data-id=\"42cbacb\" data-element_type=\"widget\" data-widget_type=\"heading.default\">\n\t\t\t\t<div class=\"elementor-widget-container\">\n\t\t\t<h2 class=\"elementor-heading-title elementor-size-default\">Gaisa siltums\u016bk\u0146u uzst\u0101d\u012b\u0161ana<\/h2>\t\t<\/div>\n\t\t\t\t<\/div>\n\t\t\t\t<div class=\"elementor-element elementor-element-b29a831 elementor-widget elementor-widget-image\" data-id=\"b29a831\" data-element_type=\"widget\" data-widget_type=\"image.default\">\n\t\t\t\t<div class=\"elementor-widget-container\">\n\t\t\t\t\t\t\t\t\t\t\t\t\t<img fetchpriority=\"high\" decoding=\"async\" width=\"2000\" height=\"600\" src=\"https:\/\/testimine.kliimapluss.ee\/wp-content\/uploads\/2023\/03\/kliimaabc-2000x600-paigaldus.jpg\" class=\"attachment-full size-full wp-image-4786\" alt=\"Cooper Hunter soojuspumbad paigaldus\" srcset=\"https:\/\/testimine.kliimapluss.ee\/wp-content\/uploads\/2023\/03\/kliimaabc-2000x600-paigaldus.jpg 2000w, https:\/\/testimine.kliimapluss.ee\/wp-content\/uploads\/2023\/03\/kliimaabc-2000x600-paigaldus-300x90.jpg 300w, https:\/\/testimine.kliimapluss.ee\/wp-content\/uploads\/2023\/03\/kliimaabc-2000x600-paigaldus-1024x307.jpg 1024w, https:\/\/testimine.kliimapluss.ee\/wp-content\/uploads\/2023\/03\/kliimaabc-2000x600-paigaldus-768x230.jpg 768w, https:\/\/testimine.kliimapluss.ee\/wp-content\/uploads\/2023\/03\/kliimaabc-2000x600-paigaldus-1536x461.jpg 1536w, https:\/\/testimine.kliimapluss.ee\/wp-content\/uploads\/2023\/03\/kliimaabc-2000x600-paigaldus-600x180.jpg 600w\" sizes=\"(max-width: 2000px) 100vw, 2000px\" \/>\t\t\t\t\t\t\t\t\t\t\t\t\t<\/div>\n\t\t\t\t<\/div>\n\t\t\t\t\t<\/div>\n\t\t<\/div>\n\t\t\t\t\t<\/div>\n\t\t<\/section>\n\t\t\t\t<section class=\"elementor-section elementor-top-section elementor-element elementor-element-2abef69 elementor-section-full_width elementor-section-height-default elementor-section-height-default\" data-id=\"2abef69\" data-element_type=\"section\">\n\t\t\t\t\t\t<div class=\"elementor-container elementor-column-gap-default\">\n\t\t\t\t\t<div class=\"elementor-column elementor-col-50 elementor-top-column elementor-element elementor-element-5ef7c20\" data-id=\"5ef7c20\" data-element_type=\"column\">\n\t\t\t<div class=\"elementor-widget-wrap elementor-element-populated\">\n\t\t\t\t\t\t<div class=\"elementor-element elementor-element-07e083c elementor-widget elementor-widget-heading\" data-id=\"07e083c\" data-element_type=\"widget\" data-widget_type=\"heading.default\">\n\t\t\t\t<div class=\"elementor-widget-container\">\n\t\t\t<h2 class=\"elementor-heading-title elementor-size-default\">Gaiss-gaiss siltums\u016bk\u0146a standarta uzst\u0101d\u012b\u0161ana ietver:<\/h2>\t\t<\/div>\n\t\t\t\t<\/div>\n\t\t\t\t<div class=\"elementor-element elementor-element-ec0f47a elementor-widget elementor-widget-text-editor\" data-id=\"ec0f47a\" data-element_type=\"widget\" data-widget_type=\"text-editor.default\">\n\t\t\t\t<div class=\"elementor-widget-container\">\n\t\t\t\t\t\t\t<p><span style=\"font-weight: var( --e-global-typography-text-font-weight );\">\u2022 \u0101r\u0113j\u0101s da\u013cas uzst\u0101d\u012b\u0161ana l\u012bdz 2,5 m augstumam<br \/><\/span><span style=\"font-weight: var( --e-global-typography-text-font-weight );\">\u2022 l\u012bdz 5 m izol\u0113tas caurules<br \/><\/span><span style=\"font-weight: var( --e-global-typography-text-font-weight );\">\u2022 viena 68 mm cauruma urb\u0161ana sien\u0101 l\u012bdz 50 cm biezai, iz\u0146emot. betons<br \/><\/span><span style=\"font-weight: var( --e-global-typography-text-font-weight );\">\u2022 \u0101r\u0113j\u0101s sienas stiprin\u0101jumi un stiprin\u0101jumi<br \/><\/span><span style=\"font-weight: var( --e-global-typography-text-font-weight );\">\u2022 kabe\u013ci starp iek\u0161\u0113jo un \u0101r\u0113jo da\u013cu l\u012bdz 5 m<br \/><\/span><span style=\"font-weight: var( --e-global-typography-text-font-weight );\">\u2022 elektr\u012bbas piesl\u0113gums ir l\u012bdz 5 m no iek\u0161\u0113j\u0101s da\u013cas<br \/><\/span><span style=\"font-weight: var( --e-global-typography-text-font-weight );\">\u2022 Kondens\u0101ta novad\u012b\u0161ana l\u012bdz 5 m<br \/><\/span><span style=\"font-weight: var( --e-global-typography-text-font-weight );\">\u2022 kaste ar 2 citiem un 3 papildu piederumiem (st\u016bra atveru v\u0101ku veid\u0101 utt.)<\/span><\/p>\n\t\t\t\t\t\t<\/div>\n\t\t\t\t<\/div>\n\t\t\t\t\t<\/div>\n\t\t<\/div>\n\t\t\t\t<div class=\"elementor-column elementor-col-50 elementor-top-column elementor-element elementor-element-afdfca5\" data-id=\"afdfca5\" data-element_type=\"column\">\n\t\t\t<div class=\"elementor-widget-wrap elementor-element-populated\">\n\t\t\t\t\t\t<div class=\"elementor-element elementor-element-e5ce71b elementor-widget elementor-widget-text-editor\" data-id=\"e5ce71b\" data-element_type=\"widget\" data-widget_type=\"text-editor.default\">\n\t\t\t\t<div class=\"elementor-widget-container\">\n\t\t\t\t\t\t\t<p><strong style=\"font-size: 1rem;\">Papildu izmaksas ir:<\/strong><\/p>\n<p>\u2022 groza pac\u0113l\u0101js<br \/>\u2022 kondens\u0101ta s\u016bknis<br \/>\u2022 autom\u0101tisk\u0101 sadales skapja uzst\u0101d\u012b\u0161ana un kabe\u013cu mar\u0161rut\u0113\u0161ana uz ier\u012bci<br \/>\u2022 Papildus augstums, uzst\u0101dot \u0101r\u0113jo da\u013cu, kas p\u0101rsniedz 2,5 m<\/p>\n\t\t\t\t\t\t<\/div>\n\t\t\t\t<\/div>\n\t\t\t\t<div class=\"elementor-element elementor-element-bc50f63 elementor-widget elementor-widget-text-editor\" data-id=\"bc50f63\" data-element_type=\"widget\" data-widget_type=\"text-editor.default\">\n\t\t\t\t<div class=\"elementor-widget-container\">\n\t\t\t\t\t\t\t<p><img decoding=\"async\" class=\"alignnone size-full wp-image-6595\" src=\"https:\/\/testimine.kliimapluss.ee\/wp-content\/uploads\/2023\/08\/montaazh-1.jpg\" alt=\"siltums\u016bk\u0146a elektriskais piesl\u0113gums\" width=\"600\" height=\"450\" srcset=\"https:\/\/testimine.kliimapluss.ee\/wp-content\/uploads\/2023\/08\/montaazh-1.jpg 600w, https:\/\/testimine.kliimapluss.ee\/wp-content\/uploads\/2023\/08\/montaazh-1-300x225.jpg 300w\" sizes=\"(max-width: 600px) 100vw, 600px\" \/><\/p>\n\t\t\t\t\t\t<\/div>\n\t\t\t\t<\/div>\n\t\t\t\t\t<\/div>\n\t\t<\/div>\n\t\t\t\t\t<\/div>\n\t\t<\/section>\n\t\t\t\t<section class=\"elementor-section elementor-top-section elementor-element elementor-element-bac04cd elementor-section-full_width elementor-section-height-default elementor-section-height-default\" data-id=\"bac04cd\" data-element_type=\"section\">\n\t\t\t\t\t\t<div class=\"elementor-container elementor-column-gap-default\">\n\t\t\t\t\t<div class=\"elementor-column elementor-col-100 elementor-top-column elementor-element elementor-element-3b07070\" data-id=\"3b07070\" data-element_type=\"column\">\n\t\t\t<div class=\"elementor-widget-wrap elementor-element-populated\">\n\t\t\t\t\t\t<div class=\"elementor-element elementor-element-54d1a5c elementor-widget elementor-widget-heading\" data-id=\"54d1a5c\" data-element_type=\"widget\" data-widget_type=\"heading.default\">\n\t\t\t\t<div class=\"elementor-widget-container\">\n\t\t\t<h2 class=\"elementor-heading-title elementor-size-default\">Gaiss-\u016bdens siltums\u016bk\u0146a standarta uzst\u0101d\u012b\u0161ana ietver:<\/h2>\t\t<\/div>\n\t\t\t\t<\/div>\n\t\t\t\t<section class=\"elementor-section elementor-inner-section elementor-element elementor-element-75c81dd elementor-section-full_width elementor-section-height-default elementor-section-height-default\" data-id=\"75c81dd\" data-element_type=\"section\">\n\t\t\t\t\t\t<div class=\"elementor-container elementor-column-gap-default\">\n\t\t\t\t\t<div class=\"elementor-column elementor-col-100 elementor-inner-column elementor-element elementor-element-aa22698\" data-id=\"aa22698\" data-element_type=\"column\">\n\t\t\t<div class=\"elementor-widget-wrap elementor-element-populated\">\n\t\t\t\t\t\t<div class=\"elementor-element elementor-element-086efad elementor-widget elementor-widget-text-editor\" data-id=\"086efad\" data-element_type=\"widget\" data-widget_type=\"text-editor.default\">\n\t\t\t\t<div class=\"elementor-widget-container\">\n\t\t\t\t\t\t\t<ul>\n<li style=\"font-weight: 400;\" aria-level=\"1\"><span style=\"font-weight: 400;\">Cauru\u013cu savienojums starp \u0101r\u0113jo un iek\u0161\u0113jo da\u013cu l\u012bdz 7 m<\/span><\/li>\n<li style=\"font-weight: 400;\" aria-level=\"1\"><span style=\"font-weight: 400;\">Elektroinstal\u0101cija (5&#215;2,5mm) iek\u0161pus\u0113 un \u0101rpus\u0113 l\u012bdz 7 m<\/span><\/li>\n<li style=\"font-weight: 400;\" aria-level=\"1\"><span style=\"font-weight: 400;\">\u0100r\u0113j\u0101s da\u013cas uzst\u0101d\u012b\u0161ana uz zemes r\u0101mja + vibr\u0101cijas bukses &#8211; 1 komplekts.<\/span><\/li>\n<li style=\"font-weight: 400;\" aria-level=\"1\"><span style=\"font-weight: 400;\">Plastmasas v\u0101ci\u0146\u0161 caurul\u0113m\/vadiem l\u012bdz 2m.<\/span><\/li>\n<li style=\"font-weight: 400;\" aria-level=\"1\"><span style=\"font-weight: 400;\">St\u016bra savienojums 50 cm &#8211; 1 gab.<\/span><\/li>\n<li style=\"font-weight: 400;\" aria-level=\"1\"><span style=\"font-weight: 400;\">Uzst\u0101d\u012b\u0161ana l\u012bdz 1m augstumam &#8211; 1 gab.<\/span><\/li>\n<li style=\"font-weight: 400;\" aria-level=\"1\"><span style=\"font-weight: 400;\">Sienas caurumu v\u0101ks &#8211; 1 gab.<\/span><\/li>\n<li style=\"font-weight: 400;\" aria-level=\"1\"><span style=\"font-weight: 400;\">Dekorat\u012bvais st\u016br\u012btis &#8211; 1 gab.<\/span><\/li>\n<li style=\"font-weight: 400;\" aria-level=\"1\"><span style=\"font-weight: 400;\">Siltums\u016bk\u0146a iestat\u012bjums &#8211; 1 gab.<\/span><\/li>\n<li style=\"font-weight: 400;\" aria-level=\"1\"><span style=\"font-weight: 400;\">Apkures cauru\u013cu un sadz\u012bves \u016bdensvadu savieno\u0161ana l\u012bdz 2 m &#8211; 1 gab.<\/span><\/li>\n<li style=\"font-weight: 400;\" aria-level=\"1\"><span style=\"font-weight: 400;\">Transports uz objektu r\u0101dius\u0101 l\u012bdz 50 km no re\u0123iona centra &#8211; 1 gab.<\/span><\/li>\n<li style=\"font-weight: 400;\" aria-level=\"1\"><span style=\"font-weight: 400;\">Izple\u0161an\u0101s tvertne 1gab<\/span><\/li>\n<li style=\"font-weight: 400;\" aria-level=\"1\"><span style=\"font-weight: 400;\">Apkures un sadz\u012bves \u016bdens cauru\u013cvadi Alupex katlu telp\u0101 l\u012bdz 2m att\u0101lum\u0101<\/span><\/li>\n<\/ul>\n\t\t\t\t\t\t<\/div>\n\t\t\t\t<\/div>\n\t\t\t\t\t<\/div>\n\t\t<\/div>\n\t\t\t\t\t<\/div>\n\t\t<\/section>\n\t\t\t\t\t<\/div>\n\t\t<\/div>\n\t\t\t\t\t<\/div>\n\t\t<\/section>\n\t\t\t\t<section class=\"elementor-section elementor-top-section elementor-element elementor-element-773c519 elementor-section-boxed elementor-section-height-default elementor-section-height-default\" data-id=\"773c519\" data-element_type=\"section\">\n\t\t\t\t\t\t<div class=\"elementor-container elementor-column-gap-default\">\n\t\t\t\t\t<div class=\"elementor-column elementor-col-100 elementor-top-column elementor-element elementor-element-1c58102\" data-id=\"1c58102\" data-element_type=\"column\">\n\t\t\t<div class=\"elementor-widget-wrap elementor-element-populated\">\n\t\t\t\t\t\t<section class=\"elementor-section elementor-inner-section elementor-element elementor-element-37c1dd5 elementor-section-boxed elementor-section-height-default elementor-section-height-default\" data-id=\"37c1dd5\" data-element_type=\"section\">\n\t\t\t\t\t\t<div class=\"elementor-container elementor-column-gap-default\">\n\t\t\t\t\t<div class=\"elementor-column elementor-col-50 elementor-inner-column elementor-element elementor-element-3eb4c51\" data-id=\"3eb4c51\" data-element_type=\"column\">\n\t\t\t<div class=\"elementor-widget-wrap elementor-element-populated\">\n\t\t\t\t\t\t<div class=\"elementor-element elementor-element-8c669e6 elementor-widget elementor-widget-image\" data-id=\"8c669e6\" data-element_type=\"widget\" data-widget_type=\"image.default\">\n\t\t\t\t<div class=\"elementor-widget-container\">\n\t\t\t\t\t\t\t\t\t\t\t\t\t<img decoding=\"async\" width=\"300\" height=\"225\" src=\"https:\/\/testimine.kliimapluss.ee\/wp-content\/uploads\/2023\/08\/outdoor-raam-300x225.jpg\" class=\"attachment-medium size-medium wp-image-6597\" alt=\"\" srcset=\"https:\/\/testimine.kliimapluss.ee\/wp-content\/uploads\/2023\/08\/outdoor-raam-300x225.jpg 300w, https:\/\/testimine.kliimapluss.ee\/wp-content\/uploads\/2023\/08\/outdoor-raam.jpg 600w\" sizes=\"(max-width: 300px) 100vw, 300px\" \/>\t\t\t\t\t\t\t\t\t\t\t\t\t<\/div>\n\t\t\t\t<\/div>\n\t\t\t\t\t<\/div>\n\t\t<\/div>\n\t\t\t\t<div class=\"elementor-column elementor-col-50 elementor-inner-column elementor-element elementor-element-d02d9f7\" data-id=\"d02d9f7\" data-element_type=\"column\">\n\t\t\t<div class=\"elementor-widget-wrap elementor-element-populated\">\n\t\t\t\t\t\t<div class=\"elementor-element elementor-element-b2ef390 elementor-widget elementor-widget-text-editor\" data-id=\"b2ef390\" data-element_type=\"widget\" data-widget_type=\"text-editor.default\">\n\t\t\t\t<div class=\"elementor-widget-container\">\n\t\t\t\t\t\t\t<h4>\u0100r\u0113j\u0101s da\u013cas mont\u0101\u017eas r\u0101mis<\/h4>\n<div> (R\u0101mja kr\u0101sa un konstrukcija var at\u0161\u0137irties atkar\u012bb\u0101 no uzst\u0101d\u012b\u0161anas uz\u0146\u0113muma).<\/div><\/p>\n\t\t\t\t\t\t<\/div>\n\t\t\t\t<\/div>\n\t\t\t\t\t<\/div>\n\t\t<\/div>\n\t\t\t\t\t<\/div>\n\t\t<\/section>\n\t\t\t\t\t<\/div>\n\t\t<\/div>\n\t\t\t\t\t<\/div>\n\t\t<\/section>\n\t\t\t\t<\/div>\n\t\t","protected":false},"excerpt":{"rendered":"<p>Gaisa siltums\u016bk\u0146u uzst\u0101d\u012b\u0161ana Gaiss-gaiss siltums\u016bk\u0146a standarta uzst\u0101d\u012b\u0161ana ietver: \u2022 \u0101r\u0113j\u0101s da\u013cas uzst\u0101d\u012b\u0161ana l\u012bdz 2,5 m augstumam\u2022 l\u012bdz 5 m izol\u0113tas caurules\u2022 viena 68 mm cauruma urb\u0161ana sien\u0101 l\u012bdz 50 cm biezai, iz\u0146emot. betons\u2022 \u0101r\u0113j\u0101s sienas stiprin\u0101jumi un stiprin\u0101jumi\u2022 kabe\u013ci starp iek\u0161\u0113jo un \u0101r\u0113jo da\u013cu l\u012bdz 5 m\u2022 elektr\u012bbas piesl\u0113gums ir l\u012bdz 5 m no iek\u0161\u0113j\u0101s [&hellip;]<\/p>\n","protected":false},"author":3,"featured_media":0,"parent":0,"menu_order":0,"comment_status":"closed","ping_status":"closed","template":"","meta":{"_acf_changed":false,"footnotes":""},"class_list":["post-11325","page","type-page","status-publish","hentry"],"acf":[],"yoast_head":"<!-- This site is optimized with the Yoast SEO plugin v21.9 - https:\/\/yoast.com\/wordpress\/plugins\/seo\/ -->\n<title>Siltums\u016bk\u0146a uzst\u0101d\u012b\u0161ana - Siltums\u016bk\u0146i<\/title>\n<meta name=\"robots\" content=\"noindex, follow, max-snippet:-1, max-image-preview:large, max-video-preview:-1\" \/>\n<meta property=\"og:locale\" content=\"lv_LV\" \/>\n<meta property=\"og:type\" content=\"article\" \/>\n<meta property=\"og:title\" content=\"Siltums\u016bk\u0146a uzst\u0101d\u012b\u0161ana - Siltums\u016bk\u0146i\" \/>\n<meta property=\"og:description\" content=\"Gaisa siltums\u016bk\u0146u uzst\u0101d\u012b\u0161ana Gaiss-gaiss siltums\u016bk\u0146a standarta uzst\u0101d\u012b\u0161ana ietver: \u2022 \u0101r\u0113j\u0101s da\u013cas uzst\u0101d\u012b\u0161ana l\u012bdz 2,5 m augstumam\u2022 l\u012bdz 5 m izol\u0113tas caurules\u2022 viena 68 mm cauruma urb\u0161ana sien\u0101 l\u012bdz 50 cm biezai, iz\u0146emot. betons\u2022 \u0101r\u0113j\u0101s sienas stiprin\u0101jumi un stiprin\u0101jumi\u2022 kabe\u013ci starp iek\u0161\u0113jo un \u0101r\u0113jo da\u013cu l\u012bdz 5 m\u2022 elektr\u012bbas piesl\u0113gums ir l\u012bdz 5 m no iek\u0161\u0113j\u0101s [&hellip;]\" \/>\n<meta property=\"og:url\" content=\"https:\/\/testimine.kliimapluss.ee\/lv\/siltumsukna-uzstadisana\/\" \/>\n<meta property=\"og:site_name\" content=\"Siltums\u016bk\u0146i\" \/>\n<meta property=\"article:publisher\" content=\"https:\/\/www.facebook.com\/cooperandhunter.est\" \/>\n<meta property=\"article:modified_time\" content=\"2024-05-10T12:26:24+00:00\" \/>\n<meta property=\"og:image\" content=\"https:\/\/testimine.kliimapluss.ee\/wp-content\/uploads\/2023\/03\/kliimaabc-2000x600-paigaldus.jpg\" \/>\n<meta name=\"twitter:card\" content=\"summary_large_image\" \/>\n<meta name=\"twitter:label1\" content=\"Est. reading time\" \/>\n\t<meta name=\"twitter:data1\" content=\"2 minutes\" \/>\n<script type=\"application\/ld+json\" class=\"yoast-schema-graph\">{\"@context\":\"https:\/\/schema.org\",\"@graph\":[{\"@type\":\"WebPage\",\"@id\":\"https:\/\/testimine.kliimapluss.ee\/lv\/siltumsukna-uzstadisana\/\",\"url\":\"https:\/\/testimine.kliimapluss.ee\/lv\/siltumsukna-uzstadisana\/\",\"name\":\"Siltums\u016bk\u0146a uzst\u0101d\u012b\u0161ana - Siltums\u016bk\u0146i\",\"isPartOf\":{\"@id\":\"https:\/\/testimine.kliimapluss.ee\/#website\"},\"datePublished\":\"2024-05-10T12:26:23+00:00\",\"dateModified\":\"2024-05-10T12:26:24+00:00\",\"breadcrumb\":{\"@id\":\"https:\/\/testimine.kliimapluss.ee\/lv\/siltumsukna-uzstadisana\/#breadcrumb\"},\"inLanguage\":\"lv-LV\",\"potentialAction\":[{\"@type\":\"ReadAction\",\"target\":[\"https:\/\/testimine.kliimapluss.ee\/lv\/siltumsukna-uzstadisana\/\"]}]},{\"@type\":\"BreadcrumbList\",\"@id\":\"https:\/\/testimine.kliimapluss.ee\/lv\/siltumsukna-uzstadisana\/#breadcrumb\",\"itemListElement\":[{\"@type\":\"ListItem\",\"position\":1,\"name\":\"C&amp;H\",\"item\":\"https:\/\/testimine.kliimapluss.ee\/lv\/\"},{\"@type\":\"ListItem\",\"position\":2,\"name\":\"Siltums\u016bk\u0146a uzst\u0101d\u012b\u0161ana\"}]},{\"@type\":\"WebSite\",\"@id\":\"https:\/\/testimine.kliimapluss.ee\/#website\",\"url\":\"https:\/\/testimine.kliimapluss.ee\/\",\"name\":\"Soojuspumbad\",\"description\":\"Siltums\u016bk\u0146i un gaisa kondicionieri\",\"publisher\":{\"@id\":\"https:\/\/testimine.kliimapluss.ee\/#organization\"},\"alternateName\":\"Soojuspumpade e-pood\",\"potentialAction\":[{\"@type\":\"SearchAction\",\"target\":{\"@type\":\"EntryPoint\",\"urlTemplate\":\"https:\/\/testimine.kliimapluss.ee\/?s={search_term_string}\"},\"query-input\":\"required name=search_term_string\"}],\"inLanguage\":\"lv-LV\"},{\"@type\":\"Organization\",\"@id\":\"https:\/\/testimine.kliimapluss.ee\/#organization\",\"name\":\"Romadini O\u00dc\",\"alternateName\":\"Soojuspumpade e-pood\",\"url\":\"https:\/\/testimine.kliimapluss.ee\/\",\"logo\":{\"@type\":\"ImageObject\",\"inLanguage\":\"lv-LV\",\"@id\":\"https:\/\/testimine.kliimapluss.ee\/#\/schema\/logo\/image\/\",\"url\":\"\",\"contentUrl\":\"\",\"caption\":\"Romadini O\u00dc\"},\"image\":{\"@id\":\"https:\/\/testimine.kliimapluss.ee\/#\/schema\/logo\/image\/\"},\"sameAs\":[\"https:\/\/www.facebook.com\/cooperandhunter.est\"]}]}<\/script>\n<!-- \/ Yoast SEO plugin. -->","yoast_head_json":{"title":"Siltums\u016bk\u0146a uzst\u0101d\u012b\u0161ana - Siltums\u016bk\u0146i","robots":{"index":"noindex","follow":"follow","max-snippet":"max-snippet:-1","max-image-preview":"max-image-preview:large","max-video-preview":"max-video-preview:-1"},"og_locale":"lv_LV","og_type":"article","og_title":"Siltums\u016bk\u0146a uzst\u0101d\u012b\u0161ana - Siltums\u016bk\u0146i","og_description":"Gaisa siltums\u016bk\u0146u uzst\u0101d\u012b\u0161ana Gaiss-gaiss siltums\u016bk\u0146a standarta uzst\u0101d\u012b\u0161ana ietver: \u2022 \u0101r\u0113j\u0101s da\u013cas uzst\u0101d\u012b\u0161ana l\u012bdz 2,5 m augstumam\u2022 l\u012bdz 5 m izol\u0113tas caurules\u2022 viena 68 mm cauruma urb\u0161ana sien\u0101 l\u012bdz 50 cm biezai, iz\u0146emot. betons\u2022 \u0101r\u0113j\u0101s sienas stiprin\u0101jumi un stiprin\u0101jumi\u2022 kabe\u013ci starp iek\u0161\u0113jo un \u0101r\u0113jo da\u013cu l\u012bdz 5 m\u2022 elektr\u012bbas piesl\u0113gums ir l\u012bdz 5 m no iek\u0161\u0113j\u0101s [&hellip;]","og_url":"https:\/\/testimine.kliimapluss.ee\/lv\/siltumsukna-uzstadisana\/","og_site_name":"Siltums\u016bk\u0146i","article_publisher":"https:\/\/www.facebook.com\/cooperandhunter.est","article_modified_time":"2024-05-10T12:26:24+00:00","og_image":[{"url":"https:\/\/testimine.kliimapluss.ee\/wp-content\/uploads\/2023\/03\/kliimaabc-2000x600-paigaldus.jpg"}],"twitter_card":"summary_large_image","twitter_misc":{"Est. reading time":"2 minutes"},"schema":{"@context":"https:\/\/schema.org","@graph":[{"@type":"WebPage","@id":"https:\/\/testimine.kliimapluss.ee\/lv\/siltumsukna-uzstadisana\/","url":"https:\/\/testimine.kliimapluss.ee\/lv\/siltumsukna-uzstadisana\/","name":"Siltums\u016bk\u0146a uzst\u0101d\u012b\u0161ana - Siltums\u016bk\u0146i","isPartOf":{"@id":"https:\/\/testimine.kliimapluss.ee\/#website"},"datePublished":"2024-05-10T12:26:23+00:00","dateModified":"2024-05-10T12:26:24+00:00","breadcrumb":{"@id":"https:\/\/testimine.kliimapluss.ee\/lv\/siltumsukna-uzstadisana\/#breadcrumb"},"inLanguage":"lv-LV","potentialAction":[{"@type":"ReadAction","target":["https:\/\/testimine.kliimapluss.ee\/lv\/siltumsukna-uzstadisana\/"]}]},{"@type":"BreadcrumbList","@id":"https:\/\/testimine.kliimapluss.ee\/lv\/siltumsukna-uzstadisana\/#breadcrumb","itemListElement":[{"@type":"ListItem","position":1,"name":"C&amp;H","item":"https:\/\/testimine.kliimapluss.ee\/lv\/"},{"@type":"ListItem","position":2,"name":"Siltums\u016bk\u0146a uzst\u0101d\u012b\u0161ana"}]},{"@type":"WebSite","@id":"https:\/\/testimine.kliimapluss.ee\/#website","url":"https:\/\/testimine.kliimapluss.ee\/","name":"Soojuspumbad","description":"Siltums\u016bk\u0146i un gaisa kondicionieri","publisher":{"@id":"https:\/\/testimine.kliimapluss.ee\/#organization"},"alternateName":"Soojuspumpade e-pood","potentialAction":[{"@type":"SearchAction","target":{"@type":"EntryPoint","urlTemplate":"https:\/\/testimine.kliimapluss.ee\/?s={search_term_string}"},"query-input":"required name=search_term_string"}],"inLanguage":"lv-LV"},{"@type":"Organization","@id":"https:\/\/testimine.kliimapluss.ee\/#organization","name":"Romadini O\u00dc","alternateName":"Soojuspumpade e-pood","url":"https:\/\/testimine.kliimapluss.ee\/","logo":{"@type":"ImageObject","inLanguage":"lv-LV","@id":"https:\/\/testimine.kliimapluss.ee\/#\/schema\/logo\/image\/","url":"","contentUrl":"","caption":"Romadini O\u00dc"},"image":{"@id":"https:\/\/testimine.kliimapluss.ee\/#\/schema\/logo\/image\/"},"sameAs":["https:\/\/www.facebook.com\/cooperandhunter.est"]}]}},"_links":{"self":[{"href":"https:\/\/testimine.kliimapluss.ee\/lv\/wp-json\/wp\/v2\/pages\/11325","targetHints":{"allow":["GET"]}}],"collection":[{"href":"https:\/\/testimine.kliimapluss.ee\/lv\/wp-json\/wp\/v2\/pages"}],"about":[{"href":"https:\/\/testimine.kliimapluss.ee\/lv\/wp-json\/wp\/v2\/types\/page"}],"author":[{"embeddable":true,"href":"https:\/\/testimine.kliimapluss.ee\/lv\/wp-json\/wp\/v2\/users\/3"}],"replies":[{"embeddable":true,"href":"https:\/\/testimine.kliimapluss.ee\/lv\/wp-json\/wp\/v2\/comments?post=11325"}],"version-history":[{"count":1,"href":"https:\/\/testimine.kliimapluss.ee\/lv\/wp-json\/wp\/v2\/pages\/11325\/revisions"}],"predecessor-version":[{"id":11326,"href":"https:\/\/testimine.kliimapluss.ee\/lv\/wp-json\/wp\/v2\/pages\/11325\/revisions\/11326"}],"wp:attachment":[{"href":"https:\/\/testimine.kliimapluss.ee\/lv\/wp-json\/wp\/v2\/media?parent=11325"}],"curies":[{"name":"wp","href":"https:\/\/api.w.org\/{rel}","templated":true}]}}