{"id":11214,"date":"2024-04-24T17:33:53","date_gmt":"2024-04-30T22:34:14","guid":{"rendered":"https:\/\/testimine.kliimapluss.ee\/?post_type=product&#038;p=11214"},"modified":"2024-05-01T01:34:15","modified_gmt":"2024-04-30T22:34:15","slug":"unico-air-25-sf-eva-bez-ara-bloka","status":"publish","type":"product","link":"https:\/\/testimine.kliimapluss.ee\/lv\/toode\/unico-air-25-sf-eva-bez-ara-bloka\/","title":{"rendered":"Unico Air 25 SF EVA (bez \u0101ra bloka)"},"content":{"rendered":"<p><span>SF versija \u2013 tikai dzes\u0113\u0161ana.<\/span><br \/>\n<span>HP versija \u2013 siltums\u016bk\u0146a re\u017e\u012bms (l\u012bdz -15\u00b0C). Elektrostatiskais filtrs un akt\u012bv\u0101s ogles filtrs (efekt\u012bvs pret nepat\u012bkam\u0101m smak\u0101m).<\/span><br \/>\n<span>Sienas stiprin\u0101jums: aug\u0161\u0101 vai apak\u0161\u0101.<\/span><br \/>\n<span>T\u0101lvad\u012bba.<\/span><br \/>\n<span>Vad\u012bba caur WI-FI (p\u0113c izv\u0113les).<\/span><\/p>\n<ul>\n<li><span>Dzes\u0113\u0161anas jauda: 2,2 kW (1,9 kW \u2013 2,4 kW)<\/span><\/li>\n<li><span>Elektrisk\u0101 jauda dzes\u0113\u0161anas laik\u0101: 0,8 kW (0,7 kW \u2013 1,1 kW)<\/span><\/li>\n<li><span>Dzes\u0113\u0161anas ener\u0123ijas klase: A<\/span><\/li>\n<li><span>Dzes\u0113\u0161anas virsma: l\u012bdz 25 m\u00b2<\/span><\/li>\n<li><span>Iek\u0161\u0113jie izm\u0113ri (P x A x D): 978 x 500 x 164 mm.<\/span><\/li>\n<li><span>Iek\u0161\u0113jais svars: 39 kg.<\/span><\/li>\n<li><span>Salona trok\u0161\u0146a l\u012bmenis: 27\u201338 dB(A)<\/span><\/li>\n<li><span>Sienas ejas diametrs: 162 mm.<\/span><\/li>\n<\/ul>\n<p><span>Unico inovat\u012bvie tehnolo\u0123iskie risin\u0101jumi tikai 16 cm biez\u0101 ier\u012bc\u0113<\/span><br \/>\n<span>\u0100r\u0113j\u0101 bloka neesam\u012bba \u013cauj \u0113ku piln\u012bb\u0101 arhitektoniski integr\u0113t ar jebkuru fas\u0101di \u2013 ir redzamas tikai divas gaisa iepl\u016bdes un izpl\u016bdes atveres.<\/span><br \/>\n<span>Unico invertora tehnolo\u0123ija \u013cauj ietaup\u012bt l\u012bdz pat 30% ener\u0123ijas, sal\u012bdzinot ar tradicion\u0101laj\u0101m ier\u012bc\u0113m.<\/span><br \/>\n<span>Pateicoties ska\u0146u absorb\u0113jo\u0161iem un pretvibr\u0101cijas materi\u0101liem, Unico Air nodro\u0161ina minim\u0101lu trok\u0161\u0146a l\u012bmeni vis\u0101 darba zon\u0101. Ska\u0146as spiediens l\u012bdz 27 dB(A).<\/span><\/p>\n","protected":false},"excerpt":{"rendered":"<div class=\"row\">\n<div class=\"col-md-5 order-1 order-sm-3\">\n<div class=\"single-product-details\">\n<h3><span>Gaisa kondicionieris bez \u0101ra bloka<\/span><\/h3>\n<\/div>\n<\/div>\n<\/div>\n","protected":false},"featured_media":11096,"comment_status":"closed","ping_status":"closed","template":"","meta":{"_acf_changed":false},"product_cat":[3036],"product_tag":[],"class_list":{"0":"post-11214","1":"product","2":"type-product","3":"status-publish","4":"has-post-thumbnail","6":"product_cat-kondicionetaji","7":"product_brand-olimpia-splendid","9":"first","10":"instock","11":"taxable","12":"shipping-taxable","13":"purchasable","14":"product-type-simple"},"acf":[],"yoast_head":"<!-- This site is optimized with the Yoast SEO plugin v21.9 - https:\/\/yoast.com\/wordpress\/plugins\/seo\/ -->\n<title>Unico Air 25 SF EVA (bez \u0101ra bloka) - Siltums\u016bk\u0146i<\/title>\n<meta name=\"robots\" content=\"noindex, follow, max-snippet:-1, max-image-preview:large, max-video-preview:-1\" \/>\n<meta property=\"og:locale\" content=\"lv_LV\" \/>\n<meta property=\"og:type\" content=\"article\" \/>\n<meta property=\"og:title\" content=\"Unico Air 25 SF EVA (bez \u0101ra bloka) - Siltums\u016bk\u0146i\" \/>\n<meta property=\"og:description\" content=\"Gaisa kondicionieris bez \u0101ra bloka\" \/>\n<meta property=\"og:url\" content=\"https:\/\/testimine.kliimapluss.ee\/lv\/toode\/unico-air-25-sf-eva-bez-ara-bloka\/\" \/>\n<meta property=\"og:site_name\" content=\"Siltums\u016bk\u0146i\" \/>\n<meta property=\"article:publisher\" content=\"https:\/\/www.facebook.com\/cooperandhunter.est\" \/>\n<meta property=\"article:modified_time\" content=\"2024-04-30T22:34:15+00:00\" \/>\n<meta property=\"og:image\" content=\"https:\/\/testimine.kliimapluss.ee\/wp-content\/uploads\/2024\/04\/unicoair25sf-eva.jpg\" \/>\n\t<meta property=\"og:image:width\" content=\"1200\" \/>\n\t<meta property=\"og:image:height\" content=\"1200\" \/>\n\t<meta property=\"og:image:type\" content=\"image\/jpeg\" \/>\n<meta name=\"twitter:card\" content=\"summary_large_image\" \/>\n<meta name=\"twitter:label1\" content=\"Est. reading time\" \/>\n\t<meta name=\"twitter:data1\" content=\"1 minute\" \/>\n<script type=\"application\/ld+json\" class=\"yoast-schema-graph\">{\"@context\":\"https:\/\/schema.org\",\"@graph\":[{\"@type\":\"WebPage\",\"@id\":\"https:\/\/testimine.kliimapluss.ee\/lv\/toode\/unico-air-25-sf-eva-bez-ara-bloka\/\",\"url\":\"https:\/\/testimine.kliimapluss.ee\/lv\/toode\/unico-air-25-sf-eva-bez-ara-bloka\/\",\"name\":\"Unico Air 25 SF EVA (bez \u0101ra bloka) - Siltums\u016bk\u0146i\",\"isPartOf\":{\"@id\":\"https:\/\/testimine.kliimapluss.ee\/#website\"},\"datePublished\":\"2024-04-30T22:34:14+00:00\",\"dateModified\":\"2024-04-30T22:34:15+00:00\",\"breadcrumb\":{\"@id\":\"https:\/\/testimine.kliimapluss.ee\/lv\/toode\/unico-air-25-sf-eva-bez-ara-bloka\/#breadcrumb\"},\"inLanguage\":\"lv-LV\",\"potentialAction\":[{\"@type\":\"ReadAction\",\"target\":[\"https:\/\/testimine.kliimapluss.ee\/lv\/toode\/unico-air-25-sf-eva-bez-ara-bloka\/\"]}]},{\"@type\":\"BreadcrumbList\",\"@id\":\"https:\/\/testimine.kliimapluss.ee\/lv\/toode\/unico-air-25-sf-eva-bez-ara-bloka\/#breadcrumb\",\"itemListElement\":[{\"@type\":\"ListItem\",\"position\":1,\"name\":\"C&amp;H\",\"item\":\"https:\/\/testimine.kliimapluss.ee\/lv\/\"},{\"@type\":\"ListItem\",\"position\":2,\"name\":\"Veikals\",\"item\":\"https:\/\/testimine.kliimapluss.ee\/lv\/veikals\/\"},{\"@type\":\"ListItem\",\"position\":3,\"name\":\"Unico Air 25 SF EVA (bez \u0101ra bloka)\"}]},{\"@type\":\"WebSite\",\"@id\":\"https:\/\/testimine.kliimapluss.ee\/#website\",\"url\":\"https:\/\/testimine.kliimapluss.ee\/\",\"name\":\"Soojuspumbad\",\"description\":\"Siltums\u016bk\u0146i un gaisa kondicionieri\",\"publisher\":{\"@id\":\"https:\/\/testimine.kliimapluss.ee\/#organization\"},\"alternateName\":\"Soojuspumpade e-pood\",\"potentialAction\":[{\"@type\":\"SearchAction\",\"target\":{\"@type\":\"EntryPoint\",\"urlTemplate\":\"https:\/\/testimine.kliimapluss.ee\/?s={search_term_string}\"},\"query-input\":\"required name=search_term_string\"}],\"inLanguage\":\"lv-LV\"},{\"@type\":\"Organization\",\"@id\":\"https:\/\/testimine.kliimapluss.ee\/#organization\",\"name\":\"Romadini O\u00dc\",\"alternateName\":\"Soojuspumpade e-pood\",\"url\":\"https:\/\/testimine.kliimapluss.ee\/\",\"logo\":{\"@type\":\"ImageObject\",\"inLanguage\":\"lv-LV\",\"@id\":\"https:\/\/testimine.kliimapluss.ee\/#\/schema\/logo\/image\/\",\"url\":\"\",\"contentUrl\":\"\",\"caption\":\"Romadini O\u00dc\"},\"image\":{\"@id\":\"https:\/\/testimine.kliimapluss.ee\/#\/schema\/logo\/image\/\"},\"sameAs\":[\"https:\/\/www.facebook.com\/cooperandhunter.est\"]}]}<\/script>\n<!-- \/ Yoast SEO plugin. -->","yoast_head_json":{"title":"Unico Air 25 SF EVA (bez \u0101ra bloka) - Siltums\u016bk\u0146i","robots":{"index":"noindex","follow":"follow","max-snippet":"max-snippet:-1","max-image-preview":"max-image-preview:large","max-video-preview":"max-video-preview:-1"},"og_locale":"lv_LV","og_type":"article","og_title":"Unico Air 25 SF EVA (bez \u0101ra bloka) - Siltums\u016bk\u0146i","og_description":"Gaisa kondicionieris bez \u0101ra bloka","og_url":"https:\/\/testimine.kliimapluss.ee\/lv\/toode\/unico-air-25-sf-eva-bez-ara-bloka\/","og_site_name":"Siltums\u016bk\u0146i","article_publisher":"https:\/\/www.facebook.com\/cooperandhunter.est","article_modified_time":"2024-04-30T22:34:15+00:00","og_image":[{"width":1200,"height":1200,"url":"https:\/\/testimine.kliimapluss.ee\/wp-content\/uploads\/2024\/04\/unicoair25sf-eva.jpg","type":"image\/jpeg"}],"twitter_card":"summary_large_image","twitter_misc":{"Est. reading time":"1 minute"},"schema":{"@context":"https:\/\/schema.org","@graph":[{"@type":"WebPage","@id":"https:\/\/testimine.kliimapluss.ee\/lv\/toode\/unico-air-25-sf-eva-bez-ara-bloka\/","url":"https:\/\/testimine.kliimapluss.ee\/lv\/toode\/unico-air-25-sf-eva-bez-ara-bloka\/","name":"Unico Air 25 SF EVA (bez \u0101ra bloka) - Siltums\u016bk\u0146i","isPartOf":{"@id":"https:\/\/testimine.kliimapluss.ee\/#website"},"datePublished":"2024-04-30T22:34:14+00:00","dateModified":"2024-04-30T22:34:15+00:00","breadcrumb":{"@id":"https:\/\/testimine.kliimapluss.ee\/lv\/toode\/unico-air-25-sf-eva-bez-ara-bloka\/#breadcrumb"},"inLanguage":"lv-LV","potentialAction":[{"@type":"ReadAction","target":["https:\/\/testimine.kliimapluss.ee\/lv\/toode\/unico-air-25-sf-eva-bez-ara-bloka\/"]}]},{"@type":"BreadcrumbList","@id":"https:\/\/testimine.kliimapluss.ee\/lv\/toode\/unico-air-25-sf-eva-bez-ara-bloka\/#breadcrumb","itemListElement":[{"@type":"ListItem","position":1,"name":"C&amp;H","item":"https:\/\/testimine.kliimapluss.ee\/lv\/"},{"@type":"ListItem","position":2,"name":"Veikals","item":"https:\/\/testimine.kliimapluss.ee\/lv\/veikals\/"},{"@type":"ListItem","position":3,"name":"Unico Air 25 SF EVA (bez \u0101ra bloka)"}]},{"@type":"WebSite","@id":"https:\/\/testimine.kliimapluss.ee\/#website","url":"https:\/\/testimine.kliimapluss.ee\/","name":"Soojuspumbad","description":"Siltums\u016bk\u0146i un gaisa kondicionieri","publisher":{"@id":"https:\/\/testimine.kliimapluss.ee\/#organization"},"alternateName":"Soojuspumpade e-pood","potentialAction":[{"@type":"SearchAction","target":{"@type":"EntryPoint","urlTemplate":"https:\/\/testimine.kliimapluss.ee\/?s={search_term_string}"},"query-input":"required name=search_term_string"}],"inLanguage":"lv-LV"},{"@type":"Organization","@id":"https:\/\/testimine.kliimapluss.ee\/#organization","name":"Romadini O\u00dc","alternateName":"Soojuspumpade e-pood","url":"https:\/\/testimine.kliimapluss.ee\/","logo":{"@type":"ImageObject","inLanguage":"lv-LV","@id":"https:\/\/testimine.kliimapluss.ee\/#\/schema\/logo\/image\/","url":"","contentUrl":"","caption":"Romadini O\u00dc"},"image":{"@id":"https:\/\/testimine.kliimapluss.ee\/#\/schema\/logo\/image\/"},"sameAs":["https:\/\/www.facebook.com\/cooperandhunter.est"]}]}},"_links":{"self":[{"href":"https:\/\/testimine.kliimapluss.ee\/lv\/wp-json\/wp\/v2\/product\/11214","targetHints":{"allow":["GET"]}}],"collection":[{"href":"https:\/\/testimine.kliimapluss.ee\/lv\/wp-json\/wp\/v2\/product"}],"about":[{"href":"https:\/\/testimine.kliimapluss.ee\/lv\/wp-json\/wp\/v2\/types\/product"}],"replies":[{"embeddable":true,"href":"https:\/\/testimine.kliimapluss.ee\/lv\/wp-json\/wp\/v2\/comments?post=11214"}],"wp:featuredmedia":[{"embeddable":true,"href":"https:\/\/testimine.kliimapluss.ee\/lv\/wp-json\/wp\/v2\/media\/11096"}],"wp:attachment":[{"href":"https:\/\/testimine.kliimapluss.ee\/lv\/wp-json\/wp\/v2\/media?parent=11214"}],"wp:term":[{"taxonomy":"product_cat","embeddable":true,"href":"https:\/\/testimine.kliimapluss.ee\/lv\/wp-json\/wp\/v2\/product_cat?post=11214"},{"taxonomy":"product_tag","embeddable":true,"href":"https:\/\/testimine.kliimapluss.ee\/lv\/wp-json\/wp\/v2\/product_tag?post=11214"}],"curies":[{"name":"wp","href":"https:\/\/api.w.org\/{rel}","templated":true}]}}