{"id":11215,"date":"2024-04-24T17:24:55","date_gmt":"2024-04-30T22:36:24","guid":{"rendered":"https:\/\/testimine.kliimapluss.ee\/?post_type=product&#038;p=11215"},"modified":"2024-05-01T01:36:57","modified_gmt":"2024-04-30T22:36:57","slug":"unico-edge-30-hp-eva-bez-ara-bloka","status":"publish","type":"product","link":"https:\/\/testimine.kliimapluss.ee\/lv\/toode\/unico-edge-30-hp-eva-bez-ara-bloka\/","title":{"rendered":"Unico Edge 30 HP EVA (bez \u0101ra bloka)"},"content":{"rendered":"<ul>\n<li>\n<ul>\n<li>Dzes\u0113\u0161anas jauda min\/max: 1,9 \u2013 3,0 kW.<\/li>\n<li>Siltuma jauda min\/max: 1,9 &#8211; 3,0 kW.<\/li>\n<li>Invertora tehnolo\u0123ija.<\/li>\n<li>Aukstuma\u0123ents: R32.<\/li>\n<li>Biezums: 229 mm.<\/li>\n<li>Ska\u0146as spiediens min\/max: 33-43 dB.<\/li>\n<li>SF \u2013 tikai dzes\u0113\u0161ana.<\/li>\n<li>ZS \u2013 siltums\u016bknis (l\u012bdz -15\u00b0\u0421).<\/li>\n<li>Elektrostatiskais filtrs un akt\u012bv\u0101s ogles filtrs (efekt\u012bvs pret nepat\u012bkam\u0101m smak\u0101m).<\/li>\n<li>Sienas stiprin\u0101jums: aug\u0161\u0101 vai apak\u0161\u0101.<\/li>\n<li>T\u0101lvad\u012bba.<\/li>\n<li>Vad\u012bba caur WI-FI (p\u0113c izv\u0113les).<\/li>\n<\/ul>\n<p>Inovat\u012bvi tehnolo\u0123iskie risin\u0101jumi izcilaj\u0101 Unico Edge dizain\u0101 ar ier\u012bces biezumu 22,9 cm<br \/>\n\u0100r\u0113j\u0101 bloka neesam\u012bba \u013cauj \u0113ku piln\u012bb\u0101 arhitektoniski integr\u0113t ar jebkuru fas\u0101di \u2013 ir redzamas tikai divas gaisa iepl\u016bdes un izpl\u016bdes atveres.<br \/>\nUnico invertora tehnolo\u0123ija \u013cauj ietaup\u012bt l\u012bdz pat 30% ener\u0123ijas, sal\u012bdzinot ar tradicion\u0101laj\u0101m ier\u012bc\u0113m. Pateicoties ska\u0146u absorb\u0113jo\u0161iem un pretvibr\u0101cijas materi\u0101liem, Unico Air nodro\u0161ina zemu trok\u0161\u0146a l\u012bmeni vis\u0101 darba zon\u0101.<\/li>\n<\/ul>\n","protected":false},"excerpt":{"rendered":"<div class=\"row\">\n<div class=\"col-md-5 order-1 order-sm-3\">\n<div class=\"single-product-details\">\n<h3>Siltums\u016bknis bez \u0101ra bloka<\/h3>\n<\/div>\n<\/div>\n<\/div>\n","protected":false},"featured_media":11087,"comment_status":"closed","ping_status":"closed","template":"","meta":{"_acf_changed":false},"product_cat":[3037],"product_tag":[],"class_list":{"0":"post-11215","1":"product","2":"type-product","3":"status-publish","4":"has-post-thumbnail","6":"product_cat-gaisa-siltumsukni","7":"product_brand-olimpia-splendid","9":"first","10":"instock","11":"taxable","12":"shipping-taxable","13":"purchasable","14":"product-type-simple"},"acf":[],"yoast_head":"<!-- This site is optimized with the Yoast SEO plugin v21.9 - https:\/\/yoast.com\/wordpress\/plugins\/seo\/ -->\n<title>Unico Edge 30 HP EVA (bez \u0101ra bloka) - Siltums\u016bk\u0146i<\/title>\n<meta name=\"robots\" content=\"noindex, follow, max-snippet:-1, max-image-preview:large, max-video-preview:-1\" \/>\n<meta property=\"og:locale\" content=\"lv_LV\" \/>\n<meta property=\"og:type\" content=\"article\" \/>\n<meta property=\"og:title\" content=\"Unico Edge 30 HP EVA (bez \u0101ra bloka) - Siltums\u016bk\u0146i\" \/>\n<meta property=\"og:description\" content=\"Siltums\u016bknis bez \u0101ra bloka\" \/>\n<meta property=\"og:url\" content=\"https:\/\/testimine.kliimapluss.ee\/lv\/toode\/unico-edge-30-hp-eva-bez-ara-bloka\/\" \/>\n<meta property=\"og:site_name\" content=\"Siltums\u016bk\u0146i\" \/>\n<meta property=\"article:publisher\" content=\"https:\/\/www.facebook.com\/cooperandhunter.est\" \/>\n<meta property=\"article:modified_time\" content=\"2024-04-30T22:36:57+00:00\" \/>\n<meta property=\"og:image\" content=\"https:\/\/testimine.kliimapluss.ee\/wp-content\/uploads\/2024\/04\/unico-edge-inverter.jpg\" \/>\n\t<meta property=\"og:image:width\" content=\"1200\" \/>\n\t<meta property=\"og:image:height\" content=\"1200\" \/>\n\t<meta property=\"og:image:type\" content=\"image\/jpeg\" \/>\n<meta name=\"twitter:card\" content=\"summary_large_image\" \/>\n<meta name=\"twitter:label1\" content=\"Est. reading time\" \/>\n\t<meta name=\"twitter:data1\" content=\"1 minute\" \/>\n<script type=\"application\/ld+json\" class=\"yoast-schema-graph\">{\"@context\":\"https:\/\/schema.org\",\"@graph\":[{\"@type\":\"WebPage\",\"@id\":\"https:\/\/testimine.kliimapluss.ee\/lv\/toode\/unico-edge-30-hp-eva-bez-ara-bloka\/\",\"url\":\"https:\/\/testimine.kliimapluss.ee\/lv\/toode\/unico-edge-30-hp-eva-bez-ara-bloka\/\",\"name\":\"Unico Edge 30 HP EVA (bez \u0101ra bloka) - Siltums\u016bk\u0146i\",\"isPartOf\":{\"@id\":\"https:\/\/testimine.kliimapluss.ee\/#website\"},\"datePublished\":\"2024-04-30T22:36:24+00:00\",\"dateModified\":\"2024-04-30T22:36:57+00:00\",\"breadcrumb\":{\"@id\":\"https:\/\/testimine.kliimapluss.ee\/lv\/toode\/unico-edge-30-hp-eva-bez-ara-bloka\/#breadcrumb\"},\"inLanguage\":\"lv-LV\",\"potentialAction\":[{\"@type\":\"ReadAction\",\"target\":[\"https:\/\/testimine.kliimapluss.ee\/lv\/toode\/unico-edge-30-hp-eva-bez-ara-bloka\/\"]}]},{\"@type\":\"BreadcrumbList\",\"@id\":\"https:\/\/testimine.kliimapluss.ee\/lv\/toode\/unico-edge-30-hp-eva-bez-ara-bloka\/#breadcrumb\",\"itemListElement\":[{\"@type\":\"ListItem\",\"position\":1,\"name\":\"C&amp;H\",\"item\":\"https:\/\/testimine.kliimapluss.ee\/lv\/\"},{\"@type\":\"ListItem\",\"position\":2,\"name\":\"Veikals\",\"item\":\"https:\/\/testimine.kliimapluss.ee\/lv\/veikals\/\"},{\"@type\":\"ListItem\",\"position\":3,\"name\":\"Unico Edge 30 HP EVA (bez \u0101ra bloka)\"}]},{\"@type\":\"WebSite\",\"@id\":\"https:\/\/testimine.kliimapluss.ee\/#website\",\"url\":\"https:\/\/testimine.kliimapluss.ee\/\",\"name\":\"Soojuspumbad\",\"description\":\"Siltums\u016bk\u0146i un gaisa kondicionieri\",\"publisher\":{\"@id\":\"https:\/\/testimine.kliimapluss.ee\/#organization\"},\"alternateName\":\"Soojuspumpade e-pood\",\"potentialAction\":[{\"@type\":\"SearchAction\",\"target\":{\"@type\":\"EntryPoint\",\"urlTemplate\":\"https:\/\/testimine.kliimapluss.ee\/?s={search_term_string}\"},\"query-input\":\"required name=search_term_string\"}],\"inLanguage\":\"lv-LV\"},{\"@type\":\"Organization\",\"@id\":\"https:\/\/testimine.kliimapluss.ee\/#organization\",\"name\":\"Romadini O\u00dc\",\"alternateName\":\"Soojuspumpade e-pood\",\"url\":\"https:\/\/testimine.kliimapluss.ee\/\",\"logo\":{\"@type\":\"ImageObject\",\"inLanguage\":\"lv-LV\",\"@id\":\"https:\/\/testimine.kliimapluss.ee\/#\/schema\/logo\/image\/\",\"url\":\"\",\"contentUrl\":\"\",\"caption\":\"Romadini O\u00dc\"},\"image\":{\"@id\":\"https:\/\/testimine.kliimapluss.ee\/#\/schema\/logo\/image\/\"},\"sameAs\":[\"https:\/\/www.facebook.com\/cooperandhunter.est\"]}]}<\/script>\n<!-- \/ Yoast SEO plugin. -->","yoast_head_json":{"title":"Unico Edge 30 HP EVA (bez \u0101ra bloka) - Siltums\u016bk\u0146i","robots":{"index":"noindex","follow":"follow","max-snippet":"max-snippet:-1","max-image-preview":"max-image-preview:large","max-video-preview":"max-video-preview:-1"},"og_locale":"lv_LV","og_type":"article","og_title":"Unico Edge 30 HP EVA (bez \u0101ra bloka) - Siltums\u016bk\u0146i","og_description":"Siltums\u016bknis bez \u0101ra bloka","og_url":"https:\/\/testimine.kliimapluss.ee\/lv\/toode\/unico-edge-30-hp-eva-bez-ara-bloka\/","og_site_name":"Siltums\u016bk\u0146i","article_publisher":"https:\/\/www.facebook.com\/cooperandhunter.est","article_modified_time":"2024-04-30T22:36:57+00:00","og_image":[{"width":1200,"height":1200,"url":"https:\/\/testimine.kliimapluss.ee\/wp-content\/uploads\/2024\/04\/unico-edge-inverter.jpg","type":"image\/jpeg"}],"twitter_card":"summary_large_image","twitter_misc":{"Est. reading time":"1 minute"},"schema":{"@context":"https:\/\/schema.org","@graph":[{"@type":"WebPage","@id":"https:\/\/testimine.kliimapluss.ee\/lv\/toode\/unico-edge-30-hp-eva-bez-ara-bloka\/","url":"https:\/\/testimine.kliimapluss.ee\/lv\/toode\/unico-edge-30-hp-eva-bez-ara-bloka\/","name":"Unico Edge 30 HP EVA (bez \u0101ra bloka) - Siltums\u016bk\u0146i","isPartOf":{"@id":"https:\/\/testimine.kliimapluss.ee\/#website"},"datePublished":"2024-04-30T22:36:24+00:00","dateModified":"2024-04-30T22:36:57+00:00","breadcrumb":{"@id":"https:\/\/testimine.kliimapluss.ee\/lv\/toode\/unico-edge-30-hp-eva-bez-ara-bloka\/#breadcrumb"},"inLanguage":"lv-LV","potentialAction":[{"@type":"ReadAction","target":["https:\/\/testimine.kliimapluss.ee\/lv\/toode\/unico-edge-30-hp-eva-bez-ara-bloka\/"]}]},{"@type":"BreadcrumbList","@id":"https:\/\/testimine.kliimapluss.ee\/lv\/toode\/unico-edge-30-hp-eva-bez-ara-bloka\/#breadcrumb","itemListElement":[{"@type":"ListItem","position":1,"name":"C&amp;H","item":"https:\/\/testimine.kliimapluss.ee\/lv\/"},{"@type":"ListItem","position":2,"name":"Veikals","item":"https:\/\/testimine.kliimapluss.ee\/lv\/veikals\/"},{"@type":"ListItem","position":3,"name":"Unico Edge 30 HP EVA (bez \u0101ra bloka)"}]},{"@type":"WebSite","@id":"https:\/\/testimine.kliimapluss.ee\/#website","url":"https:\/\/testimine.kliimapluss.ee\/","name":"Soojuspumbad","description":"Siltums\u016bk\u0146i un gaisa kondicionieri","publisher":{"@id":"https:\/\/testimine.kliimapluss.ee\/#organization"},"alternateName":"Soojuspumpade e-pood","potentialAction":[{"@type":"SearchAction","target":{"@type":"EntryPoint","urlTemplate":"https:\/\/testimine.kliimapluss.ee\/?s={search_term_string}"},"query-input":"required name=search_term_string"}],"inLanguage":"lv-LV"},{"@type":"Organization","@id":"https:\/\/testimine.kliimapluss.ee\/#organization","name":"Romadini O\u00dc","alternateName":"Soojuspumpade e-pood","url":"https:\/\/testimine.kliimapluss.ee\/","logo":{"@type":"ImageObject","inLanguage":"lv-LV","@id":"https:\/\/testimine.kliimapluss.ee\/#\/schema\/logo\/image\/","url":"","contentUrl":"","caption":"Romadini O\u00dc"},"image":{"@id":"https:\/\/testimine.kliimapluss.ee\/#\/schema\/logo\/image\/"},"sameAs":["https:\/\/www.facebook.com\/cooperandhunter.est"]}]}},"_links":{"self":[{"href":"https:\/\/testimine.kliimapluss.ee\/lv\/wp-json\/wp\/v2\/product\/11215","targetHints":{"allow":["GET"]}}],"collection":[{"href":"https:\/\/testimine.kliimapluss.ee\/lv\/wp-json\/wp\/v2\/product"}],"about":[{"href":"https:\/\/testimine.kliimapluss.ee\/lv\/wp-json\/wp\/v2\/types\/product"}],"replies":[{"embeddable":true,"href":"https:\/\/testimine.kliimapluss.ee\/lv\/wp-json\/wp\/v2\/comments?post=11215"}],"wp:featuredmedia":[{"embeddable":true,"href":"https:\/\/testimine.kliimapluss.ee\/lv\/wp-json\/wp\/v2\/media\/11087"}],"wp:attachment":[{"href":"https:\/\/testimine.kliimapluss.ee\/lv\/wp-json\/wp\/v2\/media?parent=11215"}],"wp:term":[{"taxonomy":"product_cat","embeddable":true,"href":"https:\/\/testimine.kliimapluss.ee\/lv\/wp-json\/wp\/v2\/product_cat?post=11215"},{"taxonomy":"product_tag","embeddable":true,"href":"https:\/\/testimine.kliimapluss.ee\/lv\/wp-json\/wp\/v2\/product_tag?post=11215"}],"curies":[{"name":"wp","href":"https:\/\/api.w.org\/{rel}","templated":true}]}}