{"id":11227,"date":"2024-04-17T19:24:54","date_gmt":"2024-04-30T23:04:56","guid":{"rendered":"https:\/\/testimine.kliimapluss.ee\/?post_type=product&#038;p=11227"},"modified":"2024-05-01T02:04:56","modified_gmt":"2024-04-30T23:04:56","slug":"vivax-outdoor-acp-14cofm40aeris-r32","status":"publish","type":"product","link":"https:\/\/testimine.kliimapluss.ee\/lv\/toode\/vivax-outdoor-acp-14cofm40aeris-r32\/","title":{"rendered":"VIVAX Outdoor ACP-14COFM40AERIs R32"},"content":{"rendered":"<p><span>VIVAX ACP-14COFM40AERIs R32 gaisa kondicionieris ir vair\u0101kk\u0101rt sadal\u012bta \u0101ra iek\u0101rta ar nomin\u0101lo jaudu 4,4 kW. \u012apa\u0161a 3D invertora tehnolo\u0123ija nodro\u0161ina vislab\u0101ko veiktsp\u0113ju un vienlaikus \u013cauj iev\u0113rojami ietaup\u012bt ener\u0123iju. Iek\u0101rta ir apr\u012bkota ar kompresoru un kondensatora sild\u012bt\u0101jiem, kas nov\u0113r\u0161 zemu veiktsp\u0113ju un t\u0101d\u0113j\u0101di nodro\u0161ina netrauc\u0113tu iek\u0161telpu iek\u0101rtas darb\u012bbu apkures re\u017e\u012bm\u0101. Jaun\u0101s dzes\u0113\u0161anas \u0161\u0137idruma \u0137\u0113des izmanto progres\u012bvu starojuma tehnolo\u0123iju, lai efekt\u012bvi atdzes\u0113tu siltummai\u0146us un elektroniku. \u0160\u012b tehnolo\u0123ija ir piecas reizes efekt\u012bv\u0101ka siltuma p\u0101rnes\u0113 nek\u0101 tradicion\u0101l\u0101 tehnolo\u0123ija, iev\u0113rojami uzlabojot ier\u012bces veiktsp\u0113ju augst\u0101s apk\u0101rt\u0113j\u0101s vides temperat\u016br\u0101s.<\/span><\/p>\n<p><span>Gaisa kondicionieris VIVAX ACP-14COFM40AERIis R32 ir \u0101ra iek\u0101rta, kurai var piesl\u0113gt ne vair\u0101k k\u0101 divas iek\u0161telpu vien\u012bbas, ja ar vienu iek\u0161telpu vien\u012bbu nepietiek. Atkar\u012bb\u0101 no j\u016bsu v\u0113lm\u0113m un vajadz\u012bb\u0101m tiek pied\u0101v\u0101tas iek\u0161telpu bloku iesp\u0113jas, piem\u0113ram, pie sienas mont\u0113jamas, kaset\u0113s mont\u0113jamas, kan\u0101las, uz gr\u012bdas un griestiem mont\u0113jamas. Iek\u0101rta ir apr\u012bkota ar kompresoru un kondensatora sild\u012bt\u0101jiem, kas nov\u0113r\u0161 zemu veiktsp\u0113ju un t\u0101d\u0113j\u0101di nodro\u0161ina netrauc\u0113tu iek\u0161telpu iek\u0101rtas darb\u012bbu apkures re\u017e\u012bm\u0101. Ener\u0123ijas taup\u012b\u0161anas funkcija pal\u012bdz ier\u012bcei nodro\u0161in\u0101t pietiekamu dzes\u0113\u0161anas jaudu, nedarbojoties ar pilnu jaudu. Ilgsto\u0161u kvalit\u0101ti garant\u0113 piecu gadu garantija un R32 g\u0101zes izmanto\u0161ana, kas ir efekt\u012bv\u0101ka un videi draudz\u012bg\u0101ka. Tas viss atbilst ener\u0123ijas pat\u0113ri\u0146a klasei A++ dzes\u0113\u0161anai un A+ apkurei.<\/span><\/p>\n<p><span>Visas \u012bpa\u0161\u012bbas<\/span><\/p>\n<div class=\"cd-section-title\">\n<table border=\"0\" cellspacing=\"0\" cellpadding=\"0\">\n<tbody>\n<tr>\n<td class=\"osnovne-karakteristike_nominalni-kapacitet-hladenja\"><span>Nomin\u0101l\u0101 dzes\u0113\u0161anas jauda (kW)<\/span><\/td>\n<td><span>4.1<\/span><\/td>\n<\/tr>\n<tr>\n<td class=\"osnovne-karakteristike_minimalni-kapacitet-hladenja\"><span>Minim\u0101l\u0101 dzes\u0113\u0161anas jauda (kW)<\/span><\/td>\n<td><span>1.55<\/span><\/td>\n<\/tr>\n<tr>\n<td class=\"osnovne-karakteristike_maksimalni-kapacitet-hladenja\"><span>Maksim\u0101l\u0101 dzes\u0113\u0161anas jauda (kW)<\/span><\/td>\n<td><span>4.98<\/span><\/td>\n<\/tr>\n<tr>\n<td class=\"osnovne-karakteristike_energetska-klasa-hladenja\"><span>Dzes\u0113\u0161anas ener\u0123ijas klase<\/span><\/td>\n<td><span>A++<\/span><\/td>\n<\/tr>\n<tr>\n<td class=\"osnovne-karakteristike_seer-koeficijent\"><span>SEER koeficients<\/span><\/td>\n<td><span>6.8<\/span><\/td>\n<\/tr>\n<tr>\n<td class=\"osnovne-karakteristike_podrucje-rada-prilikom-hladenja\"><span>Darba zona dzes\u0113\u0161anas laik\u0101<\/span><\/td>\n<td><span>-15 \u00b0\u0421 \u2264 \u0422 \u2264 50 \u00b0\u0421<\/span><\/td>\n<\/tr>\n<tr>\n<td class=\"osnovne-karakteristike_predvideno-opterecenje-pri-hladenju\"><span>Dizaina dzes\u0113\u0161anas slodze (W)<\/span><\/td>\n<td><span>4100<\/span><\/td>\n<\/tr>\n<tr>\n<td class=\"osnovne-karakteristike_nominalna-ulazna-snaga-hladenja\"><span>Nomin\u0101l\u0101 dzes\u0113\u0161anas jauda (W)<\/span><\/td>\n<td><span>1270<\/span><\/td>\n<\/tr>\n<tr>\n<td class=\"osnovne-karakteristike_nominalni-kapacitet-grijanja\"><span>Nomin\u0101l\u0101 apkures jauda (kW)<\/span><\/td>\n<td><span>4.4<\/span><\/td>\n<\/tr>\n<tr>\n<td class=\"osnovne-karakteristike_minimalni-kapacitet-grijanja\"><span>Minim\u0101l\u0101 apkures jauda (kW)<\/span><\/td>\n<td><span>1.61<\/span><\/td>\n<\/tr>\n<tr>\n<td class=\"osnovne-karakteristike_maksimalni-kapacitet-grijanja\"><span>Maksim\u0101l\u0101 apkures jauda (kW)<\/span><\/td>\n<td><span>4.98<\/span><\/td>\n<\/tr>\n<tr>\n<td class=\"osnovne-karakteristike_energetska-klasa-grijanja\"><span>Siltumener\u0123ijas klase<\/span><\/td>\n<td><span>A+<\/span><\/td>\n<\/tr>\n<tr>\n<td class=\"osnovne-karakteristike_scop-koeficijent\"><span>SCOP koeficients<\/span><\/td>\n<td><span>4.1<\/span><\/td>\n<\/tr>\n<tr>\n<td class=\"osnovne-karakteristike_podrucje-rada-prilikom-grijanja\"><span>Darba diapazons sildot (W)<\/span><\/td>\n<td><span>-20 \u00b0\u0421 \u2264 \u0422 \u2264 24 \u00b0\u0421<\/span><\/td>\n<\/tr>\n<tr>\n<td class=\"osnovne-karakteristike_predvideno-opterecenje-pri-grijanju\"><span>Paredzam\u0101 apkures slodze (W)<\/span><\/td>\n<td><span>3700<\/span><\/td>\n<\/tr>\n<tr>\n<td class=\"osnovne-karakteristike_nominalna-ulazna-snaga-grijanja\"><span>Nomin\u0101lais apkures jaudas pat\u0113ri\u0146\u0161 (W)<\/span><\/td>\n<td><span>1185<\/span><\/td>\n<\/tr>\n<tr>\n<td class=\"ostale-karakteristike_rashladno-sredstvo\"><span>Aukstuma\u0123ents<\/span><\/td>\n<td><span>P32<\/span><\/td>\n<\/tr>\n<tr>\n<td class=\"ostale-karakteristike_buka-vj\"><span>Troksnis (dB(A)) &#8211; VJ<\/span><\/td>\n<td><span>\u2264 56<\/span><\/td>\n<\/tr>\n<tr>\n<td class=\"ostale-karakteristike_jacina-zvuka-pri-standardnim-uvjetima-vj\"><span>Ska\u013cums standarta apst\u0101k\u013cos (dB) &#8211; VJ<\/span><\/td>\n<td><span>\u2264 65<\/span><\/td>\n<\/tr>\n<tr>\n<td class=\"ostale-karakteristike_razmak-nosaca\"><span>Att\u0101lums starp iekav\u0101m (mm)<\/span><\/td>\n<td><span>514<\/span><\/td>\n<\/tr>\n<tr>\n<td class=\"ostale-karakteristike_dimenzije-uredaja-vj\"><span>Ier\u012bces izm\u0113ri (mm) \u2013 VJ<\/span><\/td>\n<td><span>800\u00a0x\u00a0333\u00a0x\u00a0554<\/span><\/td>\n<\/tr>\n<tr>\n<td class=\"ostale-karakteristike_dimenzije-pakiranja-vj\"><span>Iepakojuma izm\u0113ri (mm) \u2013 VJ<\/span><\/td>\n<td><span>915\u00a0x\u00a0370\u00a0x\u00a0615<\/span><\/td>\n<\/tr>\n<tr>\n<td class=\"ostale-karakteristike_neto-bruto-vj\"><span>Neto\/bruto svars (kg) &#8211; VJ<\/span><\/td>\n<td><span>31,6\/34,7<\/span><\/td>\n<\/tr>\n<tr>\n<td class=\"ostale-karakteristike_funkcije\"><span>Funkcionalit\u0101te<\/span><\/td>\n<td><\/td>\n<\/tr>\n<tr>\n<td class=\"ostale-karakteristike_promjer-cijevi-tekuce-faze\"><span>\u0160\u0137idr\u0101s f\u0101zes caurules diametrs<\/span><\/td>\n<td><span>1\/4\u2033<\/span><\/td>\n<\/tr>\n<tr>\n<td class=\"ostale-karakteristike_promjer-cijevi-plinske-faze\"><span>G\u0101zes f\u0101zes caurules diametrs<\/span><\/td>\n<td><span>3\/8\u2033<\/span><\/td>\n<\/tr>\n<tr>\n<td class=\"ostale-karakteristike_max-duzina-cijevi\"><span>Maks. caurules garums (m)<\/span><\/td>\n<td><span>40<\/span><\/td>\n<\/tr>\n<tr>\n<td class=\"ostale-karakteristike_max-visinska-razlika\"><span>Maks. augstuma starp\u012bba (m)<\/span><\/td>\n<td><span>15\/10<\/span><\/td>\n<\/tr>\n<tr>\n<td class=\"ostale-karakteristike_prednapunjena-duzina-cijevi\"><span>Iepriek\u0161 noslogotas caurules garums (m)<\/span><\/td>\n<td><span>15<\/span><\/td>\n<\/tr>\n<tr>\n<td class=\"ostale-karakteristike_nadopuna-rashladnog-medija\"><span>Dzes\u0113\u0161anas \u0161\u0137idruma papildin\u0101\u0161ana (g\/m)<\/span><\/td>\n<td><span>(Katra UD uzst\u0101d\u012b\u0161anas garums x 15 g\/m) &#8211; 15<\/span><\/td>\n<\/tr>\n<tr>\n<td class=\"ostale-karakteristike_vrsta-uredaja\"><span>Ier\u012bces veids<\/span><\/td>\n<td><span>\u0100r\u0113ja ier\u012bce multisplit sist\u0113mai<\/span><\/td>\n<\/tr>\n<tr>\n<td class=\"ostale-karakteristike_jamstveni-rok\"><span>Garantijas laiks (m\u0113ne\u0161i)<\/span><\/td>\n<td><span>60<\/span><\/td>\n<\/tr>\n<\/tbody>\n<\/table>\n<\/div>\n","protected":false},"excerpt":{"rendered":"<ul class=\"cp-attrs cd-attrs\">\n<li>\n<h3><span>Nomin\u0101l\u0101 dzes\u0113\u0161anas jauda (kW): 4.1<\/span><\/h3>\n<\/li>\n<li>\n<h3><span>Dzes\u0113\u0161anas ener\u0123ijas klase: A++<\/span><\/h3>\n<\/li>\n<li>\n<h3><span>REDZ\u012aT\u0100JS: 6.8<\/span><\/h3>\n<\/li>\n<li>\n<h3><span>Darb\u012bbas diapazons dzes\u0113\u0161anas laik\u0101: -15 \u00b0C \u2264 T \u2264 50 \u00b0C<\/span><\/h3>\n<\/li>\n<li>\n<h3><span>Nomin\u0101l\u0101 apkures jauda (kW): 4.4<\/span><\/h3>\n<\/li>\n<li>\n<h3><span>Siltumener\u0123ijas klase: A+<\/span><\/h3>\n<\/li>\n<li>\n<h3><span>SCOP koeficients: 4.1<\/span><\/h3>\n<\/li>\n<li>\n<h3><span>Darba sild\u012b\u0161anas diapazons: -20 \u00b0C \u2264 T \u2264 24 \u00b0C.<\/span><\/h3>\n<\/li>\n<\/ul>\n","protected":false},"featured_media":9281,"comment_status":"closed","ping_status":"closed","template":"","meta":{"_acf_changed":false},"product_cat":[3039],"product_tag":[],"class_list":{"0":"post-11227","1":"product","2":"type-product","3":"status-publish","4":"has-post-thumbnail","6":"product_cat-multi-split-sistemas","7":"product_brand-vivax","9":"first","10":"instock","11":"taxable","12":"shipping-taxable","13":"purchasable","14":"product-type-simple"},"acf":[],"yoast_head":"<!-- This site is optimized with the Yoast SEO plugin v21.9 - https:\/\/yoast.com\/wordpress\/plugins\/seo\/ -->\n<title>VIVAX Outdoor ACP-14COFM40AERIs R32 - Siltums\u016bk\u0146i<\/title>\n<meta name=\"robots\" content=\"noindex, follow, max-snippet:-1, max-image-preview:large, max-video-preview:-1\" \/>\n<meta property=\"og:locale\" content=\"lv_LV\" \/>\n<meta property=\"og:type\" content=\"article\" \/>\n<meta property=\"og:title\" content=\"VIVAX Outdoor ACP-14COFM40AERIs R32 - Siltums\u016bk\u0146i\" \/>\n<meta property=\"og:description\" content=\"Nomin\u0101l\u0101 dzes\u0113\u0161anas jauda (kW): 4.1    Dzes\u0113\u0161anas ener\u0123ijas klase: A++    REDZ\u012aT\u0100JS: 6.8    Darb\u012bbas diapazons dzes\u0113\u0161anas laik\u0101: -15 \u00b0C \u2264 T \u2264 50 \u00b0C    Nomin\u0101l\u0101 apkures jauda (kW): 4.4    Siltumener\u0123ijas klase: A+    SCOP koeficients: 4.1    Darba sild\u012b\u0161anas diapazons: -20 \u00b0C \u2264 T \u2264 24 \u00b0C.\" \/>\n<meta property=\"og:url\" content=\"https:\/\/testimine.kliimapluss.ee\/lv\/toode\/vivax-outdoor-acp-14cofm40aeris-r32\/\" \/>\n<meta property=\"og:site_name\" content=\"Siltums\u016bk\u0146i\" \/>\n<meta property=\"article:publisher\" content=\"https:\/\/www.facebook.com\/cooperandhunter.est\" \/>\n<meta property=\"og:image\" content=\"https:\/\/testimine.kliimapluss.ee\/wp-content\/uploads\/2024\/04\/vivax-multisplit-acp-14cofm40aeris.jpg\" \/>\n\t<meta property=\"og:image:width\" content=\"1600\" \/>\n\t<meta property=\"og:image:height\" content=\"1600\" \/>\n\t<meta property=\"og:image:type\" content=\"image\/jpeg\" \/>\n<meta name=\"twitter:card\" content=\"summary_large_image\" \/>\n<meta name=\"twitter:label1\" content=\"Est. reading time\" \/>\n\t<meta name=\"twitter:data1\" content=\"2 minutes\" \/>\n<script type=\"application\/ld+json\" class=\"yoast-schema-graph\">{\"@context\":\"https:\/\/schema.org\",\"@graph\":[{\"@type\":\"WebPage\",\"@id\":\"https:\/\/testimine.kliimapluss.ee\/lv\/toode\/vivax-outdoor-acp-14cofm40aeris-r32\/\",\"url\":\"https:\/\/testimine.kliimapluss.ee\/lv\/toode\/vivax-outdoor-acp-14cofm40aeris-r32\/\",\"name\":\"VIVAX Outdoor ACP-14COFM40AERIs R32 - Siltums\u016bk\u0146i\",\"isPartOf\":{\"@id\":\"https:\/\/testimine.kliimapluss.ee\/#website\"},\"datePublished\":\"2024-04-30T23:04:56+00:00\",\"dateModified\":\"2024-04-30T23:04:56+00:00\",\"breadcrumb\":{\"@id\":\"https:\/\/testimine.kliimapluss.ee\/lv\/toode\/vivax-outdoor-acp-14cofm40aeris-r32\/#breadcrumb\"},\"inLanguage\":\"lv-LV\",\"potentialAction\":[{\"@type\":\"ReadAction\",\"target\":[\"https:\/\/testimine.kliimapluss.ee\/lv\/toode\/vivax-outdoor-acp-14cofm40aeris-r32\/\"]}]},{\"@type\":\"BreadcrumbList\",\"@id\":\"https:\/\/testimine.kliimapluss.ee\/lv\/toode\/vivax-outdoor-acp-14cofm40aeris-r32\/#breadcrumb\",\"itemListElement\":[{\"@type\":\"ListItem\",\"position\":1,\"name\":\"C&amp;H\",\"item\":\"https:\/\/testimine.kliimapluss.ee\/lv\/\"},{\"@type\":\"ListItem\",\"position\":2,\"name\":\"Veikals\",\"item\":\"https:\/\/testimine.kliimapluss.ee\/lv\/veikals\/\"},{\"@type\":\"ListItem\",\"position\":3,\"name\":\"VIVAX Outdoor ACP-14COFM40AERIs R32\"}]},{\"@type\":\"WebSite\",\"@id\":\"https:\/\/testimine.kliimapluss.ee\/#website\",\"url\":\"https:\/\/testimine.kliimapluss.ee\/\",\"name\":\"Soojuspumbad\",\"description\":\"Siltums\u016bk\u0146i un gaisa kondicionieri\",\"publisher\":{\"@id\":\"https:\/\/testimine.kliimapluss.ee\/#organization\"},\"alternateName\":\"Soojuspumpade e-pood\",\"potentialAction\":[{\"@type\":\"SearchAction\",\"target\":{\"@type\":\"EntryPoint\",\"urlTemplate\":\"https:\/\/testimine.kliimapluss.ee\/?s={search_term_string}\"},\"query-input\":\"required name=search_term_string\"}],\"inLanguage\":\"lv-LV\"},{\"@type\":\"Organization\",\"@id\":\"https:\/\/testimine.kliimapluss.ee\/#organization\",\"name\":\"Romadini O\u00dc\",\"alternateName\":\"Soojuspumpade e-pood\",\"url\":\"https:\/\/testimine.kliimapluss.ee\/\",\"logo\":{\"@type\":\"ImageObject\",\"inLanguage\":\"lv-LV\",\"@id\":\"https:\/\/testimine.kliimapluss.ee\/#\/schema\/logo\/image\/\",\"url\":\"\",\"contentUrl\":\"\",\"caption\":\"Romadini O\u00dc\"},\"image\":{\"@id\":\"https:\/\/testimine.kliimapluss.ee\/#\/schema\/logo\/image\/\"},\"sameAs\":[\"https:\/\/www.facebook.com\/cooperandhunter.est\"]}]}<\/script>\n<!-- \/ Yoast SEO plugin. -->","yoast_head_json":{"title":"VIVAX Outdoor ACP-14COFM40AERIs R32 - Siltums\u016bk\u0146i","robots":{"index":"noindex","follow":"follow","max-snippet":"max-snippet:-1","max-image-preview":"max-image-preview:large","max-video-preview":"max-video-preview:-1"},"og_locale":"lv_LV","og_type":"article","og_title":"VIVAX Outdoor ACP-14COFM40AERIs R32 - Siltums\u016bk\u0146i","og_description":"Nomin\u0101l\u0101 dzes\u0113\u0161anas jauda (kW): 4.1    Dzes\u0113\u0161anas ener\u0123ijas klase: A++    REDZ\u012aT\u0100JS: 6.8    Darb\u012bbas diapazons dzes\u0113\u0161anas laik\u0101: -15 \u00b0C \u2264 T \u2264 50 \u00b0C    Nomin\u0101l\u0101 apkures jauda (kW): 4.4    Siltumener\u0123ijas klase: A+    SCOP koeficients: 4.1    Darba sild\u012b\u0161anas diapazons: -20 \u00b0C \u2264 T \u2264 24 \u00b0C.","og_url":"https:\/\/testimine.kliimapluss.ee\/lv\/toode\/vivax-outdoor-acp-14cofm40aeris-r32\/","og_site_name":"Siltums\u016bk\u0146i","article_publisher":"https:\/\/www.facebook.com\/cooperandhunter.est","og_image":[{"width":1600,"height":1600,"url":"https:\/\/testimine.kliimapluss.ee\/wp-content\/uploads\/2024\/04\/vivax-multisplit-acp-14cofm40aeris.jpg","type":"image\/jpeg"}],"twitter_card":"summary_large_image","twitter_misc":{"Est. reading time":"2 minutes"},"schema":{"@context":"https:\/\/schema.org","@graph":[{"@type":"WebPage","@id":"https:\/\/testimine.kliimapluss.ee\/lv\/toode\/vivax-outdoor-acp-14cofm40aeris-r32\/","url":"https:\/\/testimine.kliimapluss.ee\/lv\/toode\/vivax-outdoor-acp-14cofm40aeris-r32\/","name":"VIVAX Outdoor ACP-14COFM40AERIs R32 - Siltums\u016bk\u0146i","isPartOf":{"@id":"https:\/\/testimine.kliimapluss.ee\/#website"},"datePublished":"2024-04-30T23:04:56+00:00","dateModified":"2024-04-30T23:04:56+00:00","breadcrumb":{"@id":"https:\/\/testimine.kliimapluss.ee\/lv\/toode\/vivax-outdoor-acp-14cofm40aeris-r32\/#breadcrumb"},"inLanguage":"lv-LV","potentialAction":[{"@type":"ReadAction","target":["https:\/\/testimine.kliimapluss.ee\/lv\/toode\/vivax-outdoor-acp-14cofm40aeris-r32\/"]}]},{"@type":"BreadcrumbList","@id":"https:\/\/testimine.kliimapluss.ee\/lv\/toode\/vivax-outdoor-acp-14cofm40aeris-r32\/#breadcrumb","itemListElement":[{"@type":"ListItem","position":1,"name":"C&amp;H","item":"https:\/\/testimine.kliimapluss.ee\/lv\/"},{"@type":"ListItem","position":2,"name":"Veikals","item":"https:\/\/testimine.kliimapluss.ee\/lv\/veikals\/"},{"@type":"ListItem","position":3,"name":"VIVAX Outdoor ACP-14COFM40AERIs R32"}]},{"@type":"WebSite","@id":"https:\/\/testimine.kliimapluss.ee\/#website","url":"https:\/\/testimine.kliimapluss.ee\/","name":"Soojuspumbad","description":"Siltums\u016bk\u0146i un gaisa kondicionieri","publisher":{"@id":"https:\/\/testimine.kliimapluss.ee\/#organization"},"alternateName":"Soojuspumpade e-pood","potentialAction":[{"@type":"SearchAction","target":{"@type":"EntryPoint","urlTemplate":"https:\/\/testimine.kliimapluss.ee\/?s={search_term_string}"},"query-input":"required name=search_term_string"}],"inLanguage":"lv-LV"},{"@type":"Organization","@id":"https:\/\/testimine.kliimapluss.ee\/#organization","name":"Romadini O\u00dc","alternateName":"Soojuspumpade e-pood","url":"https:\/\/testimine.kliimapluss.ee\/","logo":{"@type":"ImageObject","inLanguage":"lv-LV","@id":"https:\/\/testimine.kliimapluss.ee\/#\/schema\/logo\/image\/","url":"","contentUrl":"","caption":"Romadini O\u00dc"},"image":{"@id":"https:\/\/testimine.kliimapluss.ee\/#\/schema\/logo\/image\/"},"sameAs":["https:\/\/www.facebook.com\/cooperandhunter.est"]}]}},"_links":{"self":[{"href":"https:\/\/testimine.kliimapluss.ee\/lv\/wp-json\/wp\/v2\/product\/11227","targetHints":{"allow":["GET"]}}],"collection":[{"href":"https:\/\/testimine.kliimapluss.ee\/lv\/wp-json\/wp\/v2\/product"}],"about":[{"href":"https:\/\/testimine.kliimapluss.ee\/lv\/wp-json\/wp\/v2\/types\/product"}],"replies":[{"embeddable":true,"href":"https:\/\/testimine.kliimapluss.ee\/lv\/wp-json\/wp\/v2\/comments?post=11227"}],"wp:featuredmedia":[{"embeddable":true,"href":"https:\/\/testimine.kliimapluss.ee\/lv\/wp-json\/wp\/v2\/media\/9281"}],"wp:attachment":[{"href":"https:\/\/testimine.kliimapluss.ee\/lv\/wp-json\/wp\/v2\/media?parent=11227"}],"wp:term":[{"taxonomy":"product_cat","embeddable":true,"href":"https:\/\/testimine.kliimapluss.ee\/lv\/wp-json\/wp\/v2\/product_cat?post=11227"},{"taxonomy":"product_tag","embeddable":true,"href":"https:\/\/testimine.kliimapluss.ee\/lv\/wp-json\/wp\/v2\/product_tag?post=11227"}],"curies":[{"name":"wp","href":"https:\/\/api.w.org\/{rel}","templated":true}]}}