{"id":11228,"date":"2024-04-17T19:18:11","date_gmt":"2024-05-01T17:46:59","guid":{"rendered":"https:\/\/testimine.kliimapluss.ee\/?post_type=product&#038;p=11228"},"modified":"2024-05-01T20:48:38","modified_gmt":"2024-05-01T17:48:38","slug":"11228","status":"publish","type":"product","link":"https:\/\/testimine.kliimapluss.ee\/lv\/toode\/11228\/","title":{"rendered":"VIVAX gr\u012bdas griesti ACP-18CF50AERI\/I3"},"content":{"rendered":"<p>Gr\u012bdas griestu gaisa kondicionieris VIVAX ACP-18CF50AERI\/I3 ir multi-split sist\u0113mas iek\u0161\u0113jais bloks ar nomin\u0101lo jaudu 5,57 kW. \u012apa\u0161a 3D invertora tehnolo\u0123ija nodro\u0161ina vislab\u0101ko veiktsp\u0113ju un vienlaikus \u013cauj iev\u0113rojami ietaup\u012bt ener\u0123iju. Ier\u012bcei ir horizont\u0101la un autom\u0101tiska vertik\u0101l\u0101 izpl\u016bdes funkcija, kas nodro\u0161ina vienm\u0113r\u012bg\u0101ku un pat\u012bkam\u0101ku gaisa pl\u016bsmu J\u016bsu telp\u0101s. Katal\u012btiskais filtrs nov\u0113r\u0161 kait\u012bg\u0101s g\u0101zes un nepat\u012bkam\u0101s smakas, savuk\u0101rt putek\u013cu filtrs pal\u012bdz aiztur\u0113t putek\u013cu da\u013ci\u0146as iek\u0101rt\u0101, uzlabojot iek\u0161telpu gaisa kvalit\u0101ti. Funkcija \u201cEs j\u016btos\u201d ir \u0161\u012b mode\u013ca papildfunkcija, ar kuras pal\u012bdz\u012bbu no t\u0101lvad\u012bbas pults, izmantojot sensoru, tiek nolas\u012bta telpas temperat\u016bra un nos\u016bt\u012bta uz gaisa kondicionieri. Iek\u0161telpu iek\u0101rta regul\u0113 temperat\u016bru un ventilatora \u0101trumu, lai sasniegtu v\u0113lamo temperat\u016bru, vienlaikus taupot ener\u0123iju. Ener\u0123ijas taup\u012b\u0161anas funkcija pal\u012bdz ier\u012bcei nodro\u0161in\u0101t pietiekamu dzes\u0113\u0161anas jaudu, nedarbojoties ar pilnu jaudu.<\/p>\n<p>Gr\u012bdas griestu gaisa kondicionierim VIVAX ACP-18CF50AERI\/I3 ir pa\u0161att\u012br\u012b\u0161an\u0101s funkcija, tas turpina str\u0101d\u0101t, lai no\u017e\u016btu un not\u012br\u012btu atliku\u0161o kondens\u0101tu. T\u0101s \u012bpatn\u012bba ir t\u0101, ka atkar\u012bb\u0101 no uzst\u0101d\u012b\u0161anas iesp\u0113j\u0101m un lietot\u0101ja vajadz\u012bb\u0101m to var uzst\u0101d\u012bt gan uz gr\u012bdas, gan uz griestiem. Ilgsto\u0161u kvalit\u0101ti garant\u0113 piecu gadu garantija un R32 g\u0101zes izmanto\u0161ana, kas ir efekt\u012bv\u0101ka un videi draudz\u012bg\u0101ka. Tas viss atbilst ener\u0123ijas pat\u0113ri\u0146a klasei A++ dzes\u0113\u0161anai un A+ apkurei. Ieg\u0101d\u0101joties Wi-Fi moduli, j\u016bs varat vad\u012bt \u0161o ier\u012bci, izmantojot NethomePlus gaisa kondicion\u0113t\u0101ja vad\u012bbas lietotni.<\/p>\n<div class=\"cd-section-cnt\">\n<div class=\"cd-section-title\">Visas \u012bpa\u0161\u012bbas<\/div>\n<div class=\"cd-section-cnt\">\n<table border=\"0\" cellspacing=\"0\" cellpadding=\"0\">\n<tbody>\n<tr>\n<td class=\"osnovne-karakteristike_nominalni-kapacitet-hladenja\">Nomin\u0101l\u0101 dzes\u0113\u0161anas jauda (kW)<\/td>\n<td>5.28<\/td>\n<\/tr>\n<tr>\n<td class=\"osnovne-karakteristike_podrucje-rada-prilikom-hladenja\">Darba zona dzes\u0113\u0161anas laik\u0101<\/td>\n<td>-15 \u00b0\u0421 \u2264 \u0422 \u2264 50 \u00b0\u0421<\/td>\n<\/tr>\n<tr>\n<td class=\"osnovne-karakteristike_nominalni-kapacitet-grijanja\">Nomin\u0101l\u0101 apkures jauda (kW)<\/td>\n<td>5.57<\/td>\n<\/tr>\n<tr>\n<td class=\"osnovne-karakteristike_podrucje-rada-prilikom-grijanja\">Darba diapazons sildot (W)<\/td>\n<td>-20 \u00b0\u0421 \u2264 \u0422 \u2264 30 \u00b0\u0421<\/td>\n<\/tr>\n<tr>\n<td class=\"ostale-karakteristike_protok-zraka\">Gaisa pl\u016bsma (m\u00b3\/h)<\/td>\n<td>958\/839\/723<\/td>\n<\/tr>\n<tr>\n<td class=\"ostale-karakteristike_kapacitet-odvlazivanja\">Mitruma no\u0146em\u0161anas jauda (l\/h)<\/td>\n<td>1.8<\/td>\n<\/tr>\n<tr>\n<td class=\"ostale-karakteristike_buka-uj\">Troksnis (dB(A))\u00a0\u2014 UJ<\/td>\n<td>43,5\/41\/36,5\/24<\/td>\n<\/tr>\n<tr>\n<td class=\"ostale-karakteristike_jacina-zvuka-pri-standardnim-uvjetima-uj\">Ska\u013cums standarta apst\u0101k\u013cos (dB) &#8211; UJ<\/td>\n<td>\u2264 57<\/td>\n<\/tr>\n<tr>\n<td class=\"ostale-karakteristike_dimenzije-uredaja-uj\">Ier\u012bces izm\u0113ri (mm) &#8211; UJ<\/td>\n<td>1068\u00a0x\u00a0675\u00a0x\u00a0235<\/td>\n<\/tr>\n<tr>\n<td class=\"ostale-karakteristike_dimenzije-pakiranja-uj\">Iepakojuma izm\u0113ri (mm) &#8211; UJ<\/td>\n<td>1145\u00a0x\u00a0755\u00a0x\u00a0318<\/td>\n<\/tr>\n<tr>\n<td class=\"ostale-karakteristike_neto-bruto-uj\">Neto\/bruto svars (kg) &#8211; UJ<\/td>\n<td>28\/33.3<\/td>\n<\/tr>\n<tr>\n<td class=\"ostale-karakteristike_funkcije\">Funkcionalit\u0101te<\/td>\n<td>\u2013<\/td>\n<\/tr>\n<tr>\n<td class=\"ostale-karakteristike_rashladno-sredstvo\">Aukstuma\u0123ents<\/td>\n<td>P32<\/td>\n<\/tr>\n<tr>\n<td class=\"ostale-karakteristike_promjer-cijevi-tekuce-faze\">\u0160\u0137idr\u0101s f\u0101zes caurules diametrs<\/td>\n<td>1\/4\u2033<\/td>\n<\/tr>\n<tr>\n<td class=\"ostale-karakteristike_promjer-cijevi-plinske-faze\">G\u0101zes f\u0101zes caurules diametrs<\/td>\n<td>1\/2\u2033<\/td>\n<\/tr>\n<tr>\n<td class=\"ostale-karakteristike_vrsta-uredaja\">Ier\u012bces veids<\/td>\n<td>Iek\u0161telpu iek\u0101rta no gr\u012bdas l\u012bdz griestiem<\/td>\n<\/tr>\n<tr>\n<td class=\"ostale-karakteristike_boja\">Ier\u012bces kr\u0101sa<\/td>\n<td><\/td>\n<\/tr>\n<tr>\n<td class=\"ostale-karakteristike_jamstveni-rok\">Garantijas laiks (m\u0113ne\u0161i)<\/td>\n<td>60<\/td>\n<\/tr>\n<\/tbody>\n<\/table>\n<\/div>\n<\/div>\n","protected":false},"excerpt":{"rendered":"<p>Gr\u012bdas-griestu gaisa kondicionieris, iek\u0161telpu bloks<\/p>\n","protected":false},"featured_media":9277,"comment_status":"closed","ping_status":"closed","template":"","meta":{"_acf_changed":false},"product_cat":[3039],"product_tag":[],"class_list":{"0":"post-11228","1":"product","2":"type-product","3":"status-publish","4":"has-post-thumbnail","6":"product_cat-multi-split-sistemas","7":"product_brand-vivax","9":"first","10":"instock","11":"taxable","12":"shipping-taxable","13":"purchasable","14":"product-type-simple"},"acf":[],"yoast_head":"<!-- This site is optimized with the Yoast SEO plugin v21.9 - https:\/\/yoast.com\/wordpress\/plugins\/seo\/ -->\n<title>VIVAX gr\u012bdas griesti ACP-18CF50AERI\/I3 - Siltums\u016bk\u0146i<\/title>\n<meta name=\"robots\" content=\"noindex, follow, max-snippet:-1, max-image-preview:large, max-video-preview:-1\" \/>\n<meta property=\"og:locale\" content=\"lv_LV\" \/>\n<meta property=\"og:type\" content=\"article\" \/>\n<meta property=\"og:title\" content=\"VIVAX gr\u012bdas griesti ACP-18CF50AERI\/I3 - Siltums\u016bk\u0146i\" \/>\n<meta property=\"og:description\" content=\"Gr\u012bdas-griestu gaisa kondicionieris, iek\u0161telpu bloks\" \/>\n<meta property=\"og:url\" content=\"https:\/\/testimine.kliimapluss.ee\/lv\/toode\/11228\/\" \/>\n<meta property=\"og:site_name\" content=\"Siltums\u016bk\u0146i\" \/>\n<meta property=\"article:publisher\" content=\"https:\/\/www.facebook.com\/cooperandhunter.est\" \/>\n<meta property=\"article:modified_time\" content=\"2024-05-01T17:48:38+00:00\" \/>\n<meta property=\"og:image\" content=\"https:\/\/testimine.kliimapluss.ee\/wp-content\/uploads\/2024\/04\/vivax-multisplit-acp-18cf50aeri.jpg\" \/>\n\t<meta property=\"og:image:width\" content=\"1600\" \/>\n\t<meta property=\"og:image:height\" content=\"1600\" \/>\n\t<meta property=\"og:image:type\" content=\"image\/jpeg\" \/>\n<meta name=\"twitter:card\" content=\"summary_large_image\" \/>\n<meta name=\"twitter:label1\" content=\"Est. reading time\" \/>\n\t<meta name=\"twitter:data1\" content=\"2 minutes\" \/>\n<script type=\"application\/ld+json\" class=\"yoast-schema-graph\">{\"@context\":\"https:\/\/schema.org\",\"@graph\":[{\"@type\":\"WebPage\",\"@id\":\"https:\/\/testimine.kliimapluss.ee\/lv\/toode\/11228\/\",\"url\":\"https:\/\/testimine.kliimapluss.ee\/lv\/toode\/11228\/\",\"name\":\"VIVAX gr\u012bdas griesti ACP-18CF50AERI\/I3 - Siltums\u016bk\u0146i\",\"isPartOf\":{\"@id\":\"https:\/\/testimine.kliimapluss.ee\/#website\"},\"datePublished\":\"2024-05-01T17:46:59+00:00\",\"dateModified\":\"2024-05-01T17:48:38+00:00\",\"breadcrumb\":{\"@id\":\"https:\/\/testimine.kliimapluss.ee\/lv\/toode\/11228\/#breadcrumb\"},\"inLanguage\":\"lv-LV\",\"potentialAction\":[{\"@type\":\"ReadAction\",\"target\":[\"https:\/\/testimine.kliimapluss.ee\/lv\/toode\/11228\/\"]}]},{\"@type\":\"BreadcrumbList\",\"@id\":\"https:\/\/testimine.kliimapluss.ee\/lv\/toode\/11228\/#breadcrumb\",\"itemListElement\":[{\"@type\":\"ListItem\",\"position\":1,\"name\":\"C&amp;H\",\"item\":\"https:\/\/testimine.kliimapluss.ee\/lv\/\"},{\"@type\":\"ListItem\",\"position\":2,\"name\":\"Veikals\",\"item\":\"https:\/\/testimine.kliimapluss.ee\/lv\/veikals\/\"},{\"@type\":\"ListItem\",\"position\":3,\"name\":\"VIVAX gr\u012bdas griesti ACP-18CF50AERI\/I3\"}]},{\"@type\":\"WebSite\",\"@id\":\"https:\/\/testimine.kliimapluss.ee\/#website\",\"url\":\"https:\/\/testimine.kliimapluss.ee\/\",\"name\":\"Soojuspumbad\",\"description\":\"Siltums\u016bk\u0146i un gaisa kondicionieri\",\"publisher\":{\"@id\":\"https:\/\/testimine.kliimapluss.ee\/#organization\"},\"alternateName\":\"Soojuspumpade e-pood\",\"potentialAction\":[{\"@type\":\"SearchAction\",\"target\":{\"@type\":\"EntryPoint\",\"urlTemplate\":\"https:\/\/testimine.kliimapluss.ee\/?s={search_term_string}\"},\"query-input\":\"required name=search_term_string\"}],\"inLanguage\":\"lv-LV\"},{\"@type\":\"Organization\",\"@id\":\"https:\/\/testimine.kliimapluss.ee\/#organization\",\"name\":\"Romadini O\u00dc\",\"alternateName\":\"Soojuspumpade e-pood\",\"url\":\"https:\/\/testimine.kliimapluss.ee\/\",\"logo\":{\"@type\":\"ImageObject\",\"inLanguage\":\"lv-LV\",\"@id\":\"https:\/\/testimine.kliimapluss.ee\/#\/schema\/logo\/image\/\",\"url\":\"\",\"contentUrl\":\"\",\"caption\":\"Romadini O\u00dc\"},\"image\":{\"@id\":\"https:\/\/testimine.kliimapluss.ee\/#\/schema\/logo\/image\/\"},\"sameAs\":[\"https:\/\/www.facebook.com\/cooperandhunter.est\"]}]}<\/script>\n<!-- \/ Yoast SEO plugin. -->","yoast_head_json":{"title":"VIVAX gr\u012bdas griesti ACP-18CF50AERI\/I3 - Siltums\u016bk\u0146i","robots":{"index":"noindex","follow":"follow","max-snippet":"max-snippet:-1","max-image-preview":"max-image-preview:large","max-video-preview":"max-video-preview:-1"},"og_locale":"lv_LV","og_type":"article","og_title":"VIVAX gr\u012bdas griesti ACP-18CF50AERI\/I3 - Siltums\u016bk\u0146i","og_description":"Gr\u012bdas-griestu gaisa kondicionieris, iek\u0161telpu bloks","og_url":"https:\/\/testimine.kliimapluss.ee\/lv\/toode\/11228\/","og_site_name":"Siltums\u016bk\u0146i","article_publisher":"https:\/\/www.facebook.com\/cooperandhunter.est","article_modified_time":"2024-05-01T17:48:38+00:00","og_image":[{"width":1600,"height":1600,"url":"https:\/\/testimine.kliimapluss.ee\/wp-content\/uploads\/2024\/04\/vivax-multisplit-acp-18cf50aeri.jpg","type":"image\/jpeg"}],"twitter_card":"summary_large_image","twitter_misc":{"Est. reading time":"2 minutes"},"schema":{"@context":"https:\/\/schema.org","@graph":[{"@type":"WebPage","@id":"https:\/\/testimine.kliimapluss.ee\/lv\/toode\/11228\/","url":"https:\/\/testimine.kliimapluss.ee\/lv\/toode\/11228\/","name":"VIVAX gr\u012bdas griesti ACP-18CF50AERI\/I3 - Siltums\u016bk\u0146i","isPartOf":{"@id":"https:\/\/testimine.kliimapluss.ee\/#website"},"datePublished":"2024-05-01T17:46:59+00:00","dateModified":"2024-05-01T17:48:38+00:00","breadcrumb":{"@id":"https:\/\/testimine.kliimapluss.ee\/lv\/toode\/11228\/#breadcrumb"},"inLanguage":"lv-LV","potentialAction":[{"@type":"ReadAction","target":["https:\/\/testimine.kliimapluss.ee\/lv\/toode\/11228\/"]}]},{"@type":"BreadcrumbList","@id":"https:\/\/testimine.kliimapluss.ee\/lv\/toode\/11228\/#breadcrumb","itemListElement":[{"@type":"ListItem","position":1,"name":"C&amp;H","item":"https:\/\/testimine.kliimapluss.ee\/lv\/"},{"@type":"ListItem","position":2,"name":"Veikals","item":"https:\/\/testimine.kliimapluss.ee\/lv\/veikals\/"},{"@type":"ListItem","position":3,"name":"VIVAX gr\u012bdas griesti ACP-18CF50AERI\/I3"}]},{"@type":"WebSite","@id":"https:\/\/testimine.kliimapluss.ee\/#website","url":"https:\/\/testimine.kliimapluss.ee\/","name":"Soojuspumbad","description":"Siltums\u016bk\u0146i un gaisa kondicionieri","publisher":{"@id":"https:\/\/testimine.kliimapluss.ee\/#organization"},"alternateName":"Soojuspumpade e-pood","potentialAction":[{"@type":"SearchAction","target":{"@type":"EntryPoint","urlTemplate":"https:\/\/testimine.kliimapluss.ee\/?s={search_term_string}"},"query-input":"required name=search_term_string"}],"inLanguage":"lv-LV"},{"@type":"Organization","@id":"https:\/\/testimine.kliimapluss.ee\/#organization","name":"Romadini O\u00dc","alternateName":"Soojuspumpade e-pood","url":"https:\/\/testimine.kliimapluss.ee\/","logo":{"@type":"ImageObject","inLanguage":"lv-LV","@id":"https:\/\/testimine.kliimapluss.ee\/#\/schema\/logo\/image\/","url":"","contentUrl":"","caption":"Romadini O\u00dc"},"image":{"@id":"https:\/\/testimine.kliimapluss.ee\/#\/schema\/logo\/image\/"},"sameAs":["https:\/\/www.facebook.com\/cooperandhunter.est"]}]}},"_links":{"self":[{"href":"https:\/\/testimine.kliimapluss.ee\/lv\/wp-json\/wp\/v2\/product\/11228","targetHints":{"allow":["GET"]}}],"collection":[{"href":"https:\/\/testimine.kliimapluss.ee\/lv\/wp-json\/wp\/v2\/product"}],"about":[{"href":"https:\/\/testimine.kliimapluss.ee\/lv\/wp-json\/wp\/v2\/types\/product"}],"replies":[{"embeddable":true,"href":"https:\/\/testimine.kliimapluss.ee\/lv\/wp-json\/wp\/v2\/comments?post=11228"}],"wp:featuredmedia":[{"embeddable":true,"href":"https:\/\/testimine.kliimapluss.ee\/lv\/wp-json\/wp\/v2\/media\/9277"}],"wp:attachment":[{"href":"https:\/\/testimine.kliimapluss.ee\/lv\/wp-json\/wp\/v2\/media?parent=11228"}],"wp:term":[{"taxonomy":"product_cat","embeddable":true,"href":"https:\/\/testimine.kliimapluss.ee\/lv\/wp-json\/wp\/v2\/product_cat?post=11228"},{"taxonomy":"product_tag","embeddable":true,"href":"https:\/\/testimine.kliimapluss.ee\/lv\/wp-json\/wp\/v2\/product_tag?post=11228"}],"curies":[{"name":"wp","href":"https:\/\/api.w.org\/{rel}","templated":true}]}}