{"id":11235,"date":"2024-04-17T18:52:34","date_gmt":"2024-05-01T17:54:44","guid":{"rendered":"https:\/\/testimine.kliimapluss.ee\/?post_type=product&#038;p=11235"},"modified":"2024-05-01T20:54:44","modified_gmt":"2024-05-01T17:54:44","slug":"vivax-kasete-acp-09ccifm25aeri2-panel","status":"publish","type":"product","link":"https:\/\/testimine.kliimapluss.ee\/lv\/toode\/vivax-kasete-acp-09ccifm25aeri2-panel\/","title":{"rendered":"VIVAX kasete ACP-09CCIFM25AERI2+PANEL"},"content":{"rendered":"<p><span>Kase\u0161u gaisa kondicionieris VIVAX ACP-09CCIFM25AERI+panelis ir vair\u0101ku sadal\u012b\u0161anas sist\u0113mas iek\u0161\u0113jais bloks ar nomin\u0101lo jaudu 2,93 kW. \u012apa\u0161a 3D invertora tehnolo\u0123ija nodro\u0161ina vislab\u0101ko veiktsp\u0113ju un vienlaikus \u013cauj iev\u0113rojami ietaup\u012bt ener\u0123iju. Ier\u012bcei ir horizont\u0101la un autom\u0101tiska vertik\u0101l\u0101 izpl\u016bdes funkcija, kas nodro\u0161ina vienm\u0113r\u012bg\u0101ku un pat\u012bkam\u0101ku gaisa pl\u016bsmu. Putek\u013cu filtrs pal\u012bdz aiztur\u0113t putek\u013cu da\u013ci\u0146as ier\u012bc\u0113 un uzlabo gaisa kvalit\u0101ti. Funkcija \u201cEs j\u016btos\u201d ir \u0161\u012b mode\u013ca papildfunkcija, ar kuras pal\u012bdz\u012bbu no t\u0101lvad\u012bbas pults, izmantojot sensoru, tiek nolas\u012bta telpas temperat\u016bra un nos\u016bt\u012bta uz gaisa kondicionieri. Iek\u0161telpu iek\u0101rta regul\u0113 temperat\u016bru un ventilatora \u0101trumu, lai sasniegtu v\u0113lamo temperat\u016bru, vienlaikus taupot ener\u0123iju. ECO re\u017e\u012bms miega laik\u0101 ietaupa ener\u0123iju v\u0113l par 60%. Ener\u0123ijas taup\u012b\u0161anas funkcija pal\u012bdz ier\u012bcei nodro\u0161in\u0101t pietiekamu dzes\u0113\u0161anas jaudu, nedarbojoties ar pilnu jaudu. \u0160im modelim ir ar\u012b s\u016bknis kondens\u0101ta novad\u012b\u0161anai no iek\u0161telpu bloka. Iek\u0161telpu blokam ir pa\u0161att\u012br\u012b\u0161an\u0101s funkcija, t\u0101 turpina \u017e\u0101v\u0113t un att\u012br\u012bt atliku\u0161o kondens\u0101tu.<\/span><\/p>\n<p><span>VIVAX ACP-09CCIFM25AERI+ kase\u0161u gaisa kondicioniera panelim ir vadu kontrolleris, un to var uzst\u0101d\u012bt fiks\u0113t\u0101 poz\u012bcij\u0101 pie sienas. \u0160im modelim ir iesp\u0113ja izmantot sp\u0113c\u012bgu gaisa str\u016bklu ar darb\u012bbas r\u0101diusu l\u012bdz 20 metriem. 360\u00b0 gaisa pl\u016bsmas funkcija \u013cauj virz\u012bt gaisa pl\u016bsmu uz katru telpas st\u016bri, individu\u0101li regul\u0113jot gaisu, kas izpl\u016bst no vis\u0101m gaisa kondicion\u0113t\u0101ja pus\u0113m. Ener\u0123ijas taup\u012b\u0161anas funkcija pal\u012bdz ier\u012bcei nodro\u0161in\u0101t pietiekamu dzes\u0113\u0161anas jaudu, nedarbojoties ar pilnu jaudu. Ilgsto\u0161u kvalit\u0101ti garant\u0113 piecu gadu garantija un R32 g\u0101zes izmanto\u0161ana, kas ir efekt\u012bv\u0101ka un videi draudz\u012bg\u0101ka. Tas viss atbilst ener\u0123ijas pat\u0113ri\u0146a klasei A++ dzes\u0113\u0161anai un A+ apkurei. Ieg\u0101d\u0101joties Wi-Fi moduli, j\u016bs varat vad\u012bt \u0161o ier\u012bci, izmantojot NethomePlus gaisa kondicion\u0113t\u0101ja vad\u012bbas lietotni.<\/span><\/p>\n<div class=\"cd-section-title\"><span>Visas \u012bpa\u0161\u012bbas<\/span><\/div>\n<div class=\"cd-section-cnt\">\n<table border=\"0\" cellspacing=\"0\" cellpadding=\"0\">\n<tbody>\n<tr>\n<td class=\"osnovne-karakteristike_nominalni-kapacitet-hladenja\"><span>Nomin\u0101l\u0101 dzes\u0113\u0161anas jauda (kW)<\/span><\/td>\n<td><span>2.64<\/span><\/td>\n<\/tr>\n<tr>\n<td class=\"osnovne-karakteristike_podrucje-rada-prilikom-hladenja\"><span>Darba zona dzes\u0113\u0161anas laik\u0101<\/span><\/td>\n<td><span>-15 \u00b0\u0421 \u2264 \u0422 \u2264 50 \u00b0\u0421<\/span><\/td>\n<\/tr>\n<tr>\n<td class=\"osnovne-karakteristike_nominalni-kapacitet-grijanja\"><span>Nomin\u0101l\u0101 apkures jauda (kW)<\/span><\/td>\n<td><span>2.93<\/span><\/td>\n<\/tr>\n<tr>\n<td class=\"osnovne-karakteristike_podrucje-rada-prilikom-grijanja\"><span>Darba diapazons sildot (W)<\/span><\/td>\n<td><span>-20 \u00b0\u0421 \u2264 \u0422 \u2264 24 \u00b0\u0421<\/span><\/td>\n<\/tr>\n<tr>\n<td class=\"ostale-karakteristike_protok-zraka\"><span>Gaisa pl\u016bsma (m\u00b3\/h)<\/span><\/td>\n<td><span>580\/500\/450<\/span><\/td>\n<\/tr>\n<tr>\n<td class=\"ostale-karakteristike_kapacitet-odvlazivanja\"><span>Mitruma no\u0146em\u0161anas jauda (l\/h)<\/span><\/td>\n<td><span>1<\/span><\/td>\n<\/tr>\n<tr>\n<td class=\"ostale-karakteristike_buka-uj\"><span>Troksnis (dB(A))\u00a0\u2014 UJ<\/span><\/td>\n<td><span>33.38.29<\/span><\/td>\n<\/tr>\n<tr>\n<td class=\"ostale-karakteristike_jacina-zvuka-pri-standardnim-uvjetima-uj\"><span>Ska\u013cums standarta apst\u0101k\u013cos (dB) &#8211; UJ<\/span><\/td>\n<td><span>\u2264 53<\/span><\/td>\n<\/tr>\n<tr>\n<td class=\"ostale-karakteristike_dimenzije-uredaja-uj\"><span>Ier\u012bces izm\u0113ri (mm) &#8211; UJ<\/span><\/td>\n<td><span>570\u00a0x\u00a0570\u00a0x\u00a0260<\/span><\/td>\n<\/tr>\n<tr>\n<td class=\"ostale-karakteristike_dimenzije-panela\"><span>Pane\u013ca izm\u0113ri (mm)<\/span><\/td>\n<td><span>647x647x50<\/span><\/td>\n<\/tr>\n<tr>\n<td class=\"ostale-karakteristike_dimenzije-pakiranja-uj\"><span>Iepakojuma izm\u0113ri (mm) &#8211; UJ<\/span><\/td>\n<td><span>662x662x317<\/span><\/td>\n<\/tr>\n<tr>\n<td class=\"ostale-karakteristike_dimenzije-pakiranja-panela\"><span>Pane\u013cu iepakojuma izm\u0113ri<\/span><\/td>\n<td><span>715x715x123<\/span><\/td>\n<\/tr>\n<tr>\n<td class=\"ostale-karakteristike_neto-bruto\"><span>Neto\/bruto svars (kg)<\/span><\/td>\n<td><span>14,5\/17,3<\/span><\/td>\n<\/tr>\n<tr>\n<td class=\"ostale-karakteristike_neto-bruto-panela\"><span>Neto\/bruto pane\u013ca svars (kg)<\/span><\/td>\n<td><span>2,5\/4,5<\/span><\/td>\n<\/tr>\n<tr>\n<td class=\"ostale-karakteristike_funkcije\"><span>Funkcionalit\u0101te<\/span><\/td>\n<td><span>\u2013<\/span><\/td>\n<\/tr>\n<tr>\n<td class=\"ostale-karakteristike_rashladno-sredstvo\"><span>Aukstuma\u0123ents<\/span><\/td>\n<td><span>P32<\/span><\/td>\n<\/tr>\n<tr>\n<td class=\"ostale-karakteristike_promjer-cijevi-tekuce-faze\"><span>\u0160\u0137idr\u0101s f\u0101zes caurules diametrs<\/span><\/td>\n<td><span>1\/4\u2033<\/span><\/td>\n<\/tr>\n<tr>\n<td class=\"ostale-karakteristike_promjer-cijevi-plinske-faze\"><span>G\u0101zes f\u0101zes caurules diametrs<\/span><\/td>\n<td><span>3\/8\u2033<\/span><\/td>\n<\/tr>\n<tr>\n<td class=\"ostale-karakteristike_vrsta-uredaja\"><span>Ier\u012bces veids<\/span><\/td>\n<td><span>Kasetnes iek\u0161\u0113j\u0101 strukt\u016bra<\/span><\/td>\n<\/tr>\n<tr>\n<td class=\"ostale-karakteristike_jamstveni-rok\"><span>Garantijas laiks (m\u0113ne\u0161i)<\/span><\/td>\n<td><span>60<\/span><\/td>\n<\/tr>\n<\/tbody>\n<\/table>\n<\/div>\n","protected":false},"excerpt":{"rendered":"<p>Kase\u0161u tipa iek\u0161\u0113jais bloks<\/p>\n","protected":false},"featured_media":9266,"comment_status":"closed","ping_status":"closed","template":"","meta":{"_acf_changed":false},"product_cat":[3039],"product_tag":[],"class_list":{"0":"post-11235","1":"product","2":"type-product","3":"status-publish","4":"has-post-thumbnail","6":"product_cat-multi-split-sistemas","7":"product_brand-vivax","9":"first","10":"instock","11":"taxable","12":"shipping-taxable","13":"purchasable","14":"product-type-simple"},"acf":[],"yoast_head":"<!-- This site is optimized with the Yoast SEO plugin v21.9 - https:\/\/yoast.com\/wordpress\/plugins\/seo\/ -->\n<title>VIVAX kasete ACP-09CCIFM25AERI2+PANEL - Siltums\u016bk\u0146i<\/title>\n<meta name=\"robots\" content=\"noindex, follow, max-snippet:-1, max-image-preview:large, max-video-preview:-1\" \/>\n<meta property=\"og:locale\" content=\"lv_LV\" \/>\n<meta property=\"og:type\" content=\"article\" \/>\n<meta property=\"og:title\" content=\"VIVAX kasete ACP-09CCIFM25AERI2+PANEL - Siltums\u016bk\u0146i\" \/>\n<meta property=\"og:description\" content=\"Kase\u0161u tipa iek\u0161\u0113jais bloks\" \/>\n<meta property=\"og:url\" content=\"https:\/\/testimine.kliimapluss.ee\/lv\/toode\/vivax-kasete-acp-09ccifm25aeri2-panel\/\" \/>\n<meta property=\"og:site_name\" content=\"Siltums\u016bk\u0146i\" \/>\n<meta property=\"article:publisher\" content=\"https:\/\/www.facebook.com\/cooperandhunter.est\" \/>\n<meta property=\"og:image\" content=\"https:\/\/testimine.kliimapluss.ee\/wp-content\/uploads\/2024\/04\/vivax-multisplit-acp-09ccifm25aeri2-1.jpg\" \/>\n\t<meta property=\"og:image:width\" content=\"1600\" \/>\n\t<meta property=\"og:image:height\" content=\"1600\" \/>\n\t<meta property=\"og:image:type\" content=\"image\/jpeg\" \/>\n<meta name=\"twitter:card\" content=\"summary_large_image\" \/>\n<meta name=\"twitter:label1\" content=\"Est. reading time\" \/>\n\t<meta name=\"twitter:data1\" content=\"2 minutes\" \/>\n<script type=\"application\/ld+json\" class=\"yoast-schema-graph\">{\"@context\":\"https:\/\/schema.org\",\"@graph\":[{\"@type\":\"WebPage\",\"@id\":\"https:\/\/testimine.kliimapluss.ee\/lv\/toode\/vivax-kasete-acp-09ccifm25aeri2-panel\/\",\"url\":\"https:\/\/testimine.kliimapluss.ee\/lv\/toode\/vivax-kasete-acp-09ccifm25aeri2-panel\/\",\"name\":\"VIVAX kasete ACP-09CCIFM25AERI2+PANEL - Siltums\u016bk\u0146i\",\"isPartOf\":{\"@id\":\"https:\/\/testimine.kliimapluss.ee\/#website\"},\"datePublished\":\"2024-05-01T17:54:44+00:00\",\"dateModified\":\"2024-05-01T17:54:44+00:00\",\"breadcrumb\":{\"@id\":\"https:\/\/testimine.kliimapluss.ee\/lv\/toode\/vivax-kasete-acp-09ccifm25aeri2-panel\/#breadcrumb\"},\"inLanguage\":\"lv-LV\",\"potentialAction\":[{\"@type\":\"ReadAction\",\"target\":[\"https:\/\/testimine.kliimapluss.ee\/lv\/toode\/vivax-kasete-acp-09ccifm25aeri2-panel\/\"]}]},{\"@type\":\"BreadcrumbList\",\"@id\":\"https:\/\/testimine.kliimapluss.ee\/lv\/toode\/vivax-kasete-acp-09ccifm25aeri2-panel\/#breadcrumb\",\"itemListElement\":[{\"@type\":\"ListItem\",\"position\":1,\"name\":\"C&amp;H\",\"item\":\"https:\/\/testimine.kliimapluss.ee\/lv\/\"},{\"@type\":\"ListItem\",\"position\":2,\"name\":\"Veikals\",\"item\":\"https:\/\/testimine.kliimapluss.ee\/lv\/veikals\/\"},{\"@type\":\"ListItem\",\"position\":3,\"name\":\"VIVAX kasete ACP-09CCIFM25AERI2+PANEL\"}]},{\"@type\":\"WebSite\",\"@id\":\"https:\/\/testimine.kliimapluss.ee\/#website\",\"url\":\"https:\/\/testimine.kliimapluss.ee\/\",\"name\":\"Soojuspumbad\",\"description\":\"Siltums\u016bk\u0146i un gaisa kondicionieri\",\"publisher\":{\"@id\":\"https:\/\/testimine.kliimapluss.ee\/#organization\"},\"alternateName\":\"Soojuspumpade e-pood\",\"potentialAction\":[{\"@type\":\"SearchAction\",\"target\":{\"@type\":\"EntryPoint\",\"urlTemplate\":\"https:\/\/testimine.kliimapluss.ee\/?s={search_term_string}\"},\"query-input\":\"required name=search_term_string\"}],\"inLanguage\":\"lv-LV\"},{\"@type\":\"Organization\",\"@id\":\"https:\/\/testimine.kliimapluss.ee\/#organization\",\"name\":\"Romadini O\u00dc\",\"alternateName\":\"Soojuspumpade e-pood\",\"url\":\"https:\/\/testimine.kliimapluss.ee\/\",\"logo\":{\"@type\":\"ImageObject\",\"inLanguage\":\"lv-LV\",\"@id\":\"https:\/\/testimine.kliimapluss.ee\/#\/schema\/logo\/image\/\",\"url\":\"\",\"contentUrl\":\"\",\"caption\":\"Romadini O\u00dc\"},\"image\":{\"@id\":\"https:\/\/testimine.kliimapluss.ee\/#\/schema\/logo\/image\/\"},\"sameAs\":[\"https:\/\/www.facebook.com\/cooperandhunter.est\"]}]}<\/script>\n<!-- \/ Yoast SEO plugin. -->","yoast_head_json":{"title":"VIVAX kasete ACP-09CCIFM25AERI2+PANEL - Siltums\u016bk\u0146i","robots":{"index":"noindex","follow":"follow","max-snippet":"max-snippet:-1","max-image-preview":"max-image-preview:large","max-video-preview":"max-video-preview:-1"},"og_locale":"lv_LV","og_type":"article","og_title":"VIVAX kasete ACP-09CCIFM25AERI2+PANEL - Siltums\u016bk\u0146i","og_description":"Kase\u0161u tipa iek\u0161\u0113jais bloks","og_url":"https:\/\/testimine.kliimapluss.ee\/lv\/toode\/vivax-kasete-acp-09ccifm25aeri2-panel\/","og_site_name":"Siltums\u016bk\u0146i","article_publisher":"https:\/\/www.facebook.com\/cooperandhunter.est","og_image":[{"width":1600,"height":1600,"url":"https:\/\/testimine.kliimapluss.ee\/wp-content\/uploads\/2024\/04\/vivax-multisplit-acp-09ccifm25aeri2-1.jpg","type":"image\/jpeg"}],"twitter_card":"summary_large_image","twitter_misc":{"Est. reading time":"2 minutes"},"schema":{"@context":"https:\/\/schema.org","@graph":[{"@type":"WebPage","@id":"https:\/\/testimine.kliimapluss.ee\/lv\/toode\/vivax-kasete-acp-09ccifm25aeri2-panel\/","url":"https:\/\/testimine.kliimapluss.ee\/lv\/toode\/vivax-kasete-acp-09ccifm25aeri2-panel\/","name":"VIVAX kasete ACP-09CCIFM25AERI2+PANEL - Siltums\u016bk\u0146i","isPartOf":{"@id":"https:\/\/testimine.kliimapluss.ee\/#website"},"datePublished":"2024-05-01T17:54:44+00:00","dateModified":"2024-05-01T17:54:44+00:00","breadcrumb":{"@id":"https:\/\/testimine.kliimapluss.ee\/lv\/toode\/vivax-kasete-acp-09ccifm25aeri2-panel\/#breadcrumb"},"inLanguage":"lv-LV","potentialAction":[{"@type":"ReadAction","target":["https:\/\/testimine.kliimapluss.ee\/lv\/toode\/vivax-kasete-acp-09ccifm25aeri2-panel\/"]}]},{"@type":"BreadcrumbList","@id":"https:\/\/testimine.kliimapluss.ee\/lv\/toode\/vivax-kasete-acp-09ccifm25aeri2-panel\/#breadcrumb","itemListElement":[{"@type":"ListItem","position":1,"name":"C&amp;H","item":"https:\/\/testimine.kliimapluss.ee\/lv\/"},{"@type":"ListItem","position":2,"name":"Veikals","item":"https:\/\/testimine.kliimapluss.ee\/lv\/veikals\/"},{"@type":"ListItem","position":3,"name":"VIVAX kasete ACP-09CCIFM25AERI2+PANEL"}]},{"@type":"WebSite","@id":"https:\/\/testimine.kliimapluss.ee\/#website","url":"https:\/\/testimine.kliimapluss.ee\/","name":"Soojuspumbad","description":"Siltums\u016bk\u0146i un gaisa kondicionieri","publisher":{"@id":"https:\/\/testimine.kliimapluss.ee\/#organization"},"alternateName":"Soojuspumpade e-pood","potentialAction":[{"@type":"SearchAction","target":{"@type":"EntryPoint","urlTemplate":"https:\/\/testimine.kliimapluss.ee\/?s={search_term_string}"},"query-input":"required name=search_term_string"}],"inLanguage":"lv-LV"},{"@type":"Organization","@id":"https:\/\/testimine.kliimapluss.ee\/#organization","name":"Romadini O\u00dc","alternateName":"Soojuspumpade e-pood","url":"https:\/\/testimine.kliimapluss.ee\/","logo":{"@type":"ImageObject","inLanguage":"lv-LV","@id":"https:\/\/testimine.kliimapluss.ee\/#\/schema\/logo\/image\/","url":"","contentUrl":"","caption":"Romadini O\u00dc"},"image":{"@id":"https:\/\/testimine.kliimapluss.ee\/#\/schema\/logo\/image\/"},"sameAs":["https:\/\/www.facebook.com\/cooperandhunter.est"]}]}},"_links":{"self":[{"href":"https:\/\/testimine.kliimapluss.ee\/lv\/wp-json\/wp\/v2\/product\/11235","targetHints":{"allow":["GET"]}}],"collection":[{"href":"https:\/\/testimine.kliimapluss.ee\/lv\/wp-json\/wp\/v2\/product"}],"about":[{"href":"https:\/\/testimine.kliimapluss.ee\/lv\/wp-json\/wp\/v2\/types\/product"}],"replies":[{"embeddable":true,"href":"https:\/\/testimine.kliimapluss.ee\/lv\/wp-json\/wp\/v2\/comments?post=11235"}],"wp:featuredmedia":[{"embeddable":true,"href":"https:\/\/testimine.kliimapluss.ee\/lv\/wp-json\/wp\/v2\/media\/9266"}],"wp:attachment":[{"href":"https:\/\/testimine.kliimapluss.ee\/lv\/wp-json\/wp\/v2\/media?parent=11235"}],"wp:term":[{"taxonomy":"product_cat","embeddable":true,"href":"https:\/\/testimine.kliimapluss.ee\/lv\/wp-json\/wp\/v2\/product_cat?post=11235"},{"taxonomy":"product_tag","embeddable":true,"href":"https:\/\/testimine.kliimapluss.ee\/lv\/wp-json\/wp\/v2\/product_tag?post=11235"}],"curies":[{"name":"wp","href":"https:\/\/api.w.org\/{rel}","templated":true}]}}