{"id":11241,"date":"2024-04-17T16:48:06","date_gmt":"2024-05-01T18:08:32","guid":{"rendered":"https:\/\/testimine.kliimapluss.ee\/?post_type=product&#038;p=11241"},"modified":"2024-05-01T21:08:33","modified_gmt":"2024-05-01T18:08:33","slug":"vivax-wall-r-design-acp-12ch35aeri-i-silver-mirror","status":"publish","type":"product","link":"https:\/\/testimine.kliimapluss.ee\/lv\/toode\/vivax-wall-r-design-acp-12ch35aeri-i-silver-mirror\/","title":{"rendered":"VIVAX wall R+ design ACP-12CH35AERI\/I+ SILVER MIRROR"},"content":{"rendered":"<p><span>VIVAX R+ ACP-12CH35AERI\/I+ dizaina gaisa kondicionieris ir pie sienas stiprin\u0101ms iek\u0161telpu bloks vair\u0101ku sadal\u012bjumu sist\u0113mai ar nomin\u0101lo sild\u012b\u0161anas\/dzes\u0113\u0161anas jaudu 3,81 kW \/ 3,52 kW. Tie ir ide\u0101ls risin\u0101jums komerci\u0101lai vai dz\u012bvojamai gaisa kondicion\u0113\u0161anai. Pateicoties to energoefektivit\u0101tei, tie atbilst vis\u0101m lietot\u0101ju un telpu pras\u012bb\u0101m attiec\u012bb\u0101 uz dzes\u0113\u0161anu un apkuri. Augsts ener\u0123ijas pat\u0113ri\u0146\u0161 jebkuros laika apst\u0101k\u013cos ir iesp\u0113jams, pateicoties jaun\u0101kajiem tehnolo\u0123iskajiem risin\u0101jumiem, savuk\u0101rt pievilc\u012bgais dizains un zemais trok\u0161\u0146u l\u012bmenis veicina pat\u012bkamas atmosf\u0113ras rad\u012b\u0161anu katr\u0101 telp\u0101. Biofiltrs un jonizators izvada no gaisa pies\u0101r\u0146ot\u0101jus un alerg\u0113nus, atst\u0101jot to \u013coti t\u012bru. \u0160is gaiss ir \u013coti noder\u012bgs cilv\u0113kiem, kuri ir jut\u012bgi pret gaisa pies\u0101r\u0146ojumu un cilv\u0113kiem ar aler\u0123ij\u0101m. Iek\u0161telpu blokam ir pa\u0161att\u012br\u012b\u0161an\u0101s funkcija, t\u0101 turpina \u017e\u0101v\u0113t un att\u012br\u012bt atliku\u0161o kondens\u0101tu.<\/span><\/p>\n<p><span>VIVAX R+ ACP-12CH35AERI\/I+ dizaina gaisa kondicionierim ir funkcija \u201cEs j\u016btu\u201d, kas, izmantojot sensoru, nolasa telpas temperat\u016bru un nos\u016bta to uz gaisa kondicionieri. Iek\u0161telpu iek\u0101rta regul\u0113 temperat\u016bru un ventilatora \u0101trumu, lai sasniegtu v\u0113lamo temperat\u016bru, vienlaikus taupot ener\u0123iju. Ener\u0123ijas taup\u012b\u0161anas funkcija pal\u012bdz ier\u012bcei nodro\u0161in\u0101t pietiekamu dzes\u0113\u0161anas jaudu, nedarbojoties ar pilnu jaudu. Ilgsto\u0161u kvalit\u0101ti garant\u0113 piecu gadu garantija un R32 g\u0101zes izmanto\u0161ana, kas ir efekt\u012bv\u0101ka un videi draudz\u012bg\u0101ka. Tas viss A+++ ener\u0123ijas klas\u0113 dzes\u0113\u0161anai un A++ apkurei. Ieg\u0101d\u0101joties Wi-Fi moduli, j\u016bs varat vad\u012bt \u0161o ier\u012bci, izmantojot NethomePlus gaisa kondicion\u0113t\u0101ja vad\u012bbas lietotni.<\/span><\/p>\n<p>Visas \u012bpa\u0161\u012bbas<\/p>\n<table>\n<tbody>\n<tr>\n<td width=\"331\">Nomin\u0101l\u0101 dzes\u0113\u0161anas jauda (kW)<\/td>\n<td width=\"600\">3.52<\/td>\n<\/tr>\n<tr>\n<td width=\"331\">Nomin\u0101l\u0101 apkures jauda (kW)<\/td>\n<td width=\"600\">3.81<\/td>\n<\/tr>\n<tr>\n<td width=\"331\">Gaisa pl\u016bsma (m\u00b3\/h)<\/td>\n<td width=\"600\">584\/477\/395<\/td>\n<\/tr>\n<tr>\n<td width=\"331\">Mitruma no\u0146em\u0161anas jauda (l\/h)<\/td>\n<td width=\"600\">1.2<\/td>\n<\/tr>\n<tr>\n<td width=\"331\">Troksnis (dB(A))\u00a0\u2014 UJ<\/td>\n<td width=\"600\">39,5\/33\/25\/21<\/td>\n<\/tr>\n<tr>\n<td width=\"331\">Ska\u013cums standarta apst\u0101k\u013cos (dB) &#8211; UJ<\/td>\n<td width=\"600\">\u2264 55<\/td>\n<\/tr>\n<tr>\n<td width=\"331\">Ier\u012bces izm\u0113ri (mm) &#8211; UJ<\/td>\n<td width=\"600\">802x189x297<\/td>\n<\/tr>\n<tr>\n<td width=\"331\">Iepakojuma izm\u0113ri (mm) &#8211; UJ<\/td>\n<td width=\"600\">875\u00a0x\u00a0285\u00a0x\u00a0380<\/td>\n<\/tr>\n<tr>\n<td width=\"331\">Neto\/bruto svars (kg) &#8211; UJ<\/td>\n<td width=\"600\">8.6\/11.1<\/td>\n<\/tr>\n<tr>\n<td width=\"331\">Funkcionalit\u0101te<\/td>\n<td width=\"600\">gaid\u012b\u0161anas re\u017e\u012bms 1 W; nakts re\u017e\u012bms; Ener\u0123ijas taup\u012b\u0161anas funkcija; Biofiltrs; Putek\u013cu filtrs; jonizators; Pa\u0161att\u012br\u012b\u0161an\u0101s; Zelt\u012b\u0161ana; Dro\u0161\u012bbas v\u0101rsta v\u0101ks; Inteli\u0123enta atkaus\u0113\u0161ana; K\u013c\u016bdu noteik\u0161ana un par\u0101d\u012b\u0161ana; dzes\u0113\u0161anas \u0161\u0137idruma nopl\u016bdes sensors; S\u0101ciet ar zemu spriegumu; PTC kompresoru un kondensatoru sild\u012bt\u0101ji; Av\u0101rijas funkcija; Atdzes\u0113\u0161ana pie -15\u00b0C; Apkure l\u012bdz -25\u00b0C; Gatavs Wi-Fi; Funkcija \u201cFEEL\u201d; Manu\u0101l\u0101 vad\u012bba; Mono un multi sader\u012bba; Klusa vad\u012bba; 3 gaisa pl\u016bsmas \u0101trumi; Divpus\u0113j\u0101 kondens\u0101ta novad\u012b\u0161ana; Sild\u012b\u0161ana l\u012bdz 8\u00b0C; Auto \u0161\u016bpoles; Atcer\u0113ties mar\u0161rut\u0113t\u0101ja atra\u0161an\u0101s vietu; 12 gaisa pl\u016bsmas \u0101trumi; autom\u0101tiskais darb\u012bbas re\u017e\u012bms; P\u0113d\u0113j\u0101 darb\u012bbas re\u017e\u012bma atmi\u0146a; Taimeris; Turbo re\u017e\u012bms; M\u012bksts starts; Digit\u0101lais ekr\u0101ns<\/td>\n<\/tr>\n<tr>\n<td width=\"331\">Aukstuma\u0123ents<\/td>\n<td width=\"600\">P32<\/td>\n<\/tr>\n<tr>\n<td width=\"331\">\u0160\u0137idr\u0101s f\u0101zes caurules diametrs<\/td>\n<td width=\"600\">1\/4\u2033<\/td>\n<\/tr>\n<tr>\n<td width=\"331\">G\u0101zes f\u0101zes caurules diametrs<\/td>\n<td width=\"600\">3\/8\u2033<\/td>\n<\/tr>\n<tr>\n<td width=\"331\">Ier\u012bces veids<\/td>\n<td width=\"600\">Iek\u0161telpu sienas bloks<\/td>\n<\/tr>\n<tr>\n<td width=\"331\">Ier\u012bces kr\u0101sa<\/td>\n<td width=\"600\">Balts<\/td>\n<\/tr>\n<tr>\n<td width=\"331\">Garantijas laiks (m\u0113ne\u0161i)<\/td>\n<td width=\"600\">60<\/td>\n<\/tr>\n<\/tbody>\n<\/table>\n<p>&nbsp;<\/p>\n","protected":false},"excerpt":{"rendered":"<p>Vair\u0101ki sadal\u012bti iek\u0161telpu bloki<\/p>\n","protected":false},"featured_media":9234,"comment_status":"closed","ping_status":"closed","template":"","meta":{"_acf_changed":false},"product_cat":[3039],"product_tag":[],"class_list":{"0":"post-11241","1":"product","2":"type-product","3":"status-publish","4":"has-post-thumbnail","6":"product_cat-multi-split-sistemas","7":"product_brand-vivax","9":"first","10":"instock","11":"taxable","12":"shipping-taxable","13":"purchasable","14":"product-type-simple"},"acf":[],"yoast_head":"<!-- This site is optimized with the Yoast SEO plugin v21.9 - https:\/\/yoast.com\/wordpress\/plugins\/seo\/ -->\n<title>VIVAX wall R+ design ACP-12CH35AERI\/I+ SILVER MIRROR - Siltums\u016bk\u0146i<\/title>\n<meta name=\"robots\" content=\"noindex, follow, max-snippet:-1, max-image-preview:large, max-video-preview:-1\" \/>\n<meta property=\"og:locale\" content=\"lv_LV\" \/>\n<meta property=\"og:type\" content=\"article\" \/>\n<meta property=\"og:title\" content=\"VIVAX wall R+ design ACP-12CH35AERI\/I+ SILVER MIRROR - Siltums\u016bk\u0146i\" \/>\n<meta property=\"og:description\" content=\"Vair\u0101ki sadal\u012bti iek\u0161telpu bloki\" \/>\n<meta property=\"og:url\" content=\"https:\/\/testimine.kliimapluss.ee\/lv\/toode\/vivax-wall-r-design-acp-12ch35aeri-i-silver-mirror\/\" \/>\n<meta property=\"og:site_name\" content=\"Siltums\u016bk\u0146i\" \/>\n<meta property=\"article:publisher\" content=\"https:\/\/www.facebook.com\/cooperandhunter.est\" \/>\n<meta property=\"article:modified_time\" content=\"2024-05-01T18:08:33+00:00\" \/>\n<meta property=\"og:image\" content=\"https:\/\/testimine.kliimapluss.ee\/wp-content\/uploads\/2024\/04\/vivax-multisplit-acp-12ch35aeri-silvermirror.jpg\" \/>\n\t<meta property=\"og:image:width\" content=\"1600\" \/>\n\t<meta property=\"og:image:height\" content=\"1600\" \/>\n\t<meta property=\"og:image:type\" content=\"image\/jpeg\" \/>\n<meta name=\"twitter:card\" content=\"summary_large_image\" \/>\n<meta name=\"twitter:label1\" content=\"Est. reading time\" \/>\n\t<meta name=\"twitter:data1\" content=\"3 minutes\" \/>\n<script type=\"application\/ld+json\" class=\"yoast-schema-graph\">{\"@context\":\"https:\/\/schema.org\",\"@graph\":[{\"@type\":\"WebPage\",\"@id\":\"https:\/\/testimine.kliimapluss.ee\/lv\/toode\/vivax-wall-r-design-acp-12ch35aeri-i-silver-mirror\/\",\"url\":\"https:\/\/testimine.kliimapluss.ee\/lv\/toode\/vivax-wall-r-design-acp-12ch35aeri-i-silver-mirror\/\",\"name\":\"VIVAX wall R+ design ACP-12CH35AERI\/I+ SILVER MIRROR - Siltums\u016bk\u0146i\",\"isPartOf\":{\"@id\":\"https:\/\/testimine.kliimapluss.ee\/#website\"},\"datePublished\":\"2024-05-01T18:08:32+00:00\",\"dateModified\":\"2024-05-01T18:08:33+00:00\",\"breadcrumb\":{\"@id\":\"https:\/\/testimine.kliimapluss.ee\/lv\/toode\/vivax-wall-r-design-acp-12ch35aeri-i-silver-mirror\/#breadcrumb\"},\"inLanguage\":\"lv-LV\",\"potentialAction\":[{\"@type\":\"ReadAction\",\"target\":[\"https:\/\/testimine.kliimapluss.ee\/lv\/toode\/vivax-wall-r-design-acp-12ch35aeri-i-silver-mirror\/\"]}]},{\"@type\":\"BreadcrumbList\",\"@id\":\"https:\/\/testimine.kliimapluss.ee\/lv\/toode\/vivax-wall-r-design-acp-12ch35aeri-i-silver-mirror\/#breadcrumb\",\"itemListElement\":[{\"@type\":\"ListItem\",\"position\":1,\"name\":\"C&amp;H\",\"item\":\"https:\/\/testimine.kliimapluss.ee\/lv\/\"},{\"@type\":\"ListItem\",\"position\":2,\"name\":\"Veikals\",\"item\":\"https:\/\/testimine.kliimapluss.ee\/lv\/veikals\/\"},{\"@type\":\"ListItem\",\"position\":3,\"name\":\"VIVAX wall R+ design ACP-12CH35AERI\/I+ SILVER MIRROR\"}]},{\"@type\":\"WebSite\",\"@id\":\"https:\/\/testimine.kliimapluss.ee\/#website\",\"url\":\"https:\/\/testimine.kliimapluss.ee\/\",\"name\":\"Soojuspumbad\",\"description\":\"Siltums\u016bk\u0146i un gaisa kondicionieri\",\"publisher\":{\"@id\":\"https:\/\/testimine.kliimapluss.ee\/#organization\"},\"alternateName\":\"Soojuspumpade e-pood\",\"potentialAction\":[{\"@type\":\"SearchAction\",\"target\":{\"@type\":\"EntryPoint\",\"urlTemplate\":\"https:\/\/testimine.kliimapluss.ee\/?s={search_term_string}\"},\"query-input\":\"required name=search_term_string\"}],\"inLanguage\":\"lv-LV\"},{\"@type\":\"Organization\",\"@id\":\"https:\/\/testimine.kliimapluss.ee\/#organization\",\"name\":\"Romadini O\u00dc\",\"alternateName\":\"Soojuspumpade e-pood\",\"url\":\"https:\/\/testimine.kliimapluss.ee\/\",\"logo\":{\"@type\":\"ImageObject\",\"inLanguage\":\"lv-LV\",\"@id\":\"https:\/\/testimine.kliimapluss.ee\/#\/schema\/logo\/image\/\",\"url\":\"\",\"contentUrl\":\"\",\"caption\":\"Romadini O\u00dc\"},\"image\":{\"@id\":\"https:\/\/testimine.kliimapluss.ee\/#\/schema\/logo\/image\/\"},\"sameAs\":[\"https:\/\/www.facebook.com\/cooperandhunter.est\"]}]}<\/script>\n<!-- \/ Yoast SEO plugin. -->","yoast_head_json":{"title":"VIVAX wall R+ design ACP-12CH35AERI\/I+ SILVER MIRROR - Siltums\u016bk\u0146i","robots":{"index":"noindex","follow":"follow","max-snippet":"max-snippet:-1","max-image-preview":"max-image-preview:large","max-video-preview":"max-video-preview:-1"},"og_locale":"lv_LV","og_type":"article","og_title":"VIVAX wall R+ design ACP-12CH35AERI\/I+ SILVER MIRROR - Siltums\u016bk\u0146i","og_description":"Vair\u0101ki sadal\u012bti iek\u0161telpu bloki","og_url":"https:\/\/testimine.kliimapluss.ee\/lv\/toode\/vivax-wall-r-design-acp-12ch35aeri-i-silver-mirror\/","og_site_name":"Siltums\u016bk\u0146i","article_publisher":"https:\/\/www.facebook.com\/cooperandhunter.est","article_modified_time":"2024-05-01T18:08:33+00:00","og_image":[{"width":1600,"height":1600,"url":"https:\/\/testimine.kliimapluss.ee\/wp-content\/uploads\/2024\/04\/vivax-multisplit-acp-12ch35aeri-silvermirror.jpg","type":"image\/jpeg"}],"twitter_card":"summary_large_image","twitter_misc":{"Est. reading time":"3 minutes"},"schema":{"@context":"https:\/\/schema.org","@graph":[{"@type":"WebPage","@id":"https:\/\/testimine.kliimapluss.ee\/lv\/toode\/vivax-wall-r-design-acp-12ch35aeri-i-silver-mirror\/","url":"https:\/\/testimine.kliimapluss.ee\/lv\/toode\/vivax-wall-r-design-acp-12ch35aeri-i-silver-mirror\/","name":"VIVAX wall R+ design ACP-12CH35AERI\/I+ SILVER MIRROR - Siltums\u016bk\u0146i","isPartOf":{"@id":"https:\/\/testimine.kliimapluss.ee\/#website"},"datePublished":"2024-05-01T18:08:32+00:00","dateModified":"2024-05-01T18:08:33+00:00","breadcrumb":{"@id":"https:\/\/testimine.kliimapluss.ee\/lv\/toode\/vivax-wall-r-design-acp-12ch35aeri-i-silver-mirror\/#breadcrumb"},"inLanguage":"lv-LV","potentialAction":[{"@type":"ReadAction","target":["https:\/\/testimine.kliimapluss.ee\/lv\/toode\/vivax-wall-r-design-acp-12ch35aeri-i-silver-mirror\/"]}]},{"@type":"BreadcrumbList","@id":"https:\/\/testimine.kliimapluss.ee\/lv\/toode\/vivax-wall-r-design-acp-12ch35aeri-i-silver-mirror\/#breadcrumb","itemListElement":[{"@type":"ListItem","position":1,"name":"C&amp;H","item":"https:\/\/testimine.kliimapluss.ee\/lv\/"},{"@type":"ListItem","position":2,"name":"Veikals","item":"https:\/\/testimine.kliimapluss.ee\/lv\/veikals\/"},{"@type":"ListItem","position":3,"name":"VIVAX wall R+ design ACP-12CH35AERI\/I+ SILVER MIRROR"}]},{"@type":"WebSite","@id":"https:\/\/testimine.kliimapluss.ee\/#website","url":"https:\/\/testimine.kliimapluss.ee\/","name":"Soojuspumbad","description":"Siltums\u016bk\u0146i un gaisa kondicionieri","publisher":{"@id":"https:\/\/testimine.kliimapluss.ee\/#organization"},"alternateName":"Soojuspumpade e-pood","potentialAction":[{"@type":"SearchAction","target":{"@type":"EntryPoint","urlTemplate":"https:\/\/testimine.kliimapluss.ee\/?s={search_term_string}"},"query-input":"required name=search_term_string"}],"inLanguage":"lv-LV"},{"@type":"Organization","@id":"https:\/\/testimine.kliimapluss.ee\/#organization","name":"Romadini O\u00dc","alternateName":"Soojuspumpade e-pood","url":"https:\/\/testimine.kliimapluss.ee\/","logo":{"@type":"ImageObject","inLanguage":"lv-LV","@id":"https:\/\/testimine.kliimapluss.ee\/#\/schema\/logo\/image\/","url":"","contentUrl":"","caption":"Romadini O\u00dc"},"image":{"@id":"https:\/\/testimine.kliimapluss.ee\/#\/schema\/logo\/image\/"},"sameAs":["https:\/\/www.facebook.com\/cooperandhunter.est"]}]}},"_links":{"self":[{"href":"https:\/\/testimine.kliimapluss.ee\/lv\/wp-json\/wp\/v2\/product\/11241","targetHints":{"allow":["GET"]}}],"collection":[{"href":"https:\/\/testimine.kliimapluss.ee\/lv\/wp-json\/wp\/v2\/product"}],"about":[{"href":"https:\/\/testimine.kliimapluss.ee\/lv\/wp-json\/wp\/v2\/types\/product"}],"replies":[{"embeddable":true,"href":"https:\/\/testimine.kliimapluss.ee\/lv\/wp-json\/wp\/v2\/comments?post=11241"}],"wp:featuredmedia":[{"embeddable":true,"href":"https:\/\/testimine.kliimapluss.ee\/lv\/wp-json\/wp\/v2\/media\/9234"}],"wp:attachment":[{"href":"https:\/\/testimine.kliimapluss.ee\/lv\/wp-json\/wp\/v2\/media?parent=11241"}],"wp:term":[{"taxonomy":"product_cat","embeddable":true,"href":"https:\/\/testimine.kliimapluss.ee\/lv\/wp-json\/wp\/v2\/product_cat?post=11241"},{"taxonomy":"product_tag","embeddable":true,"href":"https:\/\/testimine.kliimapluss.ee\/lv\/wp-json\/wp\/v2\/product_tag?post=11241"}],"curies":[{"name":"wp","href":"https:\/\/api.w.org\/{rel}","templated":true}]}}