{"id":11257,"date":"2024-04-11T19:01:51","date_gmt":"2024-05-01T18:52:45","guid":{"rendered":"https:\/\/testimine.kliimapluss.ee\/?post_type=product&#038;p=11257"},"modified":"2024-05-01T21:52:46","modified_gmt":"2024-05-01T18:52:46","slug":"vivax-grida-un-griesti-acp-36cf105aeri-i2","status":"publish","type":"product","link":"https:\/\/testimine.kliimapluss.ee\/lv\/toode\/vivax-grida-un-griesti-acp-36cf105aeri-i2\/","title":{"rendered":"VIVAX gr\u012bda un griesti ACP-36CF105AERI\/I2"},"content":{"rendered":"<h2><span>VIVAX ACP-36CF105AERI\/I2<\/span><\/h2>\n<h3 class=\"entry-title\"><span>R\u016aPNIECISK\u0100 GR\u012aDU-GRESTU SIST\u0112MA<\/span><\/h3>\n<p><span>VIVAX ACP-36CF105AERI+ R32 griestu gr\u012bdas gaisa kondicionieris ir monodal\u012bta sist\u0113ma ar nomin\u0101lo dzes\u0113\u0161anas\/sild\u012b\u0161anas jaudu 10,55 kW\/11,72 kW. \u012apa\u0161a 3D invertora tehnolo\u0123ija nodro\u0161ina vislab\u0101ko veiktsp\u0113ju un vienlaikus \u013cauj iev\u0113rojami ietaup\u012bt ener\u0123iju. Ier\u012bcei ir horizont\u0101la un autom\u0101tiska vertik\u0101l\u0101 izpl\u016bdes funkcija, kas nodro\u0161ina vienm\u0113r\u012bg\u0101ku un pat\u012bkam\u0101ku gaisa pl\u016bsmu. Putek\u013cu filtrs pal\u012bdz aiztur\u0113t putek\u013cu da\u013ci\u0146as ier\u012bc\u0113 un uzlabo gaisa kvalit\u0101ti. ECO re\u017e\u012bms miega laik\u0101 ietaupa ener\u0123iju v\u0113l par 60%. Ener\u0123ijas taup\u012b\u0161anas funkcija pal\u012bdz ier\u012bcei nodro\u0161in\u0101t pietiekamu dzes\u0113\u0161anas jaudu, nedarbojoties ar pilnu jaudu.<\/span><\/p>\n<p><span>Iek\u0161telpu blokam ir pa\u0161att\u012br\u012b\u0161an\u0101s funkcija, t\u0101 turpina \u017e\u0101v\u0113t un att\u012br\u012bt atliku\u0161o kondens\u0101tu. \u0100r\u0113jais bloks ir apr\u012bkots ar kompresoru un kondensatora sild\u012bt\u0101jiem, lai nov\u0113rstu zemu veiktsp\u0113ju un t\u0101d\u0113j\u0101di nodro\u0161in\u0101tu netrauc\u0113tu iek\u0161telpu bloka darb\u012bbu apkures re\u017e\u012bm\u0101. Griestu gaisa kondicionierim VIVAX ACP-36CF105AERI+ R32 piem\u012bt t\u0101 \u012bpatn\u012bba, ka to var uzst\u0101d\u012bt gan uz gr\u012bdas, gan uz griestiem, atkar\u012bb\u0101 no uzst\u0101d\u012b\u0161anas iesp\u0113j\u0101m un lietot\u0101ja vajadz\u012bb\u0101m. Ilgsto\u0161u kvalit\u0101ti garant\u0113 piecu gadu garantija un R32 g\u0101zes izmanto\u0161ana, kas ir efekt\u012bv\u0101ka un videi draudz\u012bg\u0101ka. Tas viss atbilst ener\u0123ijas pat\u0113ri\u0146a klasei A++ dzes\u0113\u0161anai un A+ apkurei. Ieg\u0101d\u0101joties Wi-Fi moduli, j\u016bs varat vad\u012bt \u0161o ier\u012bci, izmantojot NethomePlus gaisa kondicion\u0113t\u0101ja vad\u012bbas lietojumprogrammu.<\/span><\/p>\n<table width=\"800\">\n<tbody>\n<tr>\n<td width=\"340\"><span>Nomin\u0101l\u0101 dzes\u0113\u0161anas jauda (kW)<\/span><\/td>\n<td width=\"460\"><span>10.55<\/span><\/td>\n<\/tr>\n<tr>\n<td width=\"340\"><span>Minim\u0101l\u0101 dzes\u0113\u0161anas jauda (kW)<\/span><\/td>\n<td width=\"460\"><span>2.73<\/span><\/td>\n<\/tr>\n<tr>\n<td width=\"340\"><span>Maksim\u0101l\u0101 dzes\u0113\u0161anas jauda (kW)<\/span><\/td>\n<td width=\"460\"><span>11.78<\/span><\/td>\n<\/tr>\n<tr>\n<td width=\"340\"><span>Dzes\u0113\u0161anas ener\u0123ijas klase<\/span><\/td>\n<td width=\"460\"><span>A++<\/span><\/td>\n<\/tr>\n<tr>\n<td width=\"340\"><span>SEER koeficients<\/span><\/td>\n<td width=\"460\"><span>6.1<\/span><\/td>\n<\/tr>\n<tr>\n<td width=\"340\"><span>Dzes\u0113\u0161anas temperat\u016bras diapazons<\/span><\/td>\n<td width=\"460\"><span>-15 \u00b0\u0421 \u2264 \u0422 \u2264 50 \u00b0\u0421<\/span><\/td>\n<\/tr>\n<tr>\n<td width=\"340\"><span>Dizaina dzes\u0113\u0161anas slodze (W)<\/span><\/td>\n<td width=\"460\"><span>10600<\/span><\/td>\n<\/tr>\n<tr>\n<td width=\"340\"><span>Nomin\u0101l\u0101 dzes\u0113\u0161anas jauda (W)<\/span><\/td>\n<td width=\"460\"><span>4000<\/span><\/td>\n<\/tr>\n<tr>\n<td width=\"340\"><span>Nomin\u0101l\u0101 apkures jauda (kW)<\/span><\/td>\n<td width=\"460\"><span>11.72<\/span><\/td>\n<\/tr>\n<tr>\n<td width=\"340\"><span>Minim\u0101l\u0101 apkures jauda (kW)<\/span><\/td>\n<td width=\"460\"><span>2.78<\/span><\/td>\n<\/tr>\n<tr>\n<td width=\"340\"><span>Maksim\u0101l\u0101 apkures jauda (kW)<\/span><\/td>\n<td width=\"460\"><span>12.84<\/span><\/td>\n<\/tr>\n<tr>\n<td width=\"340\"><span>Siltumener\u0123ijas klase<\/span><\/td>\n<td width=\"460\"><span>A+<\/span><\/td>\n<\/tr>\n<tr>\n<td width=\"340\"><span>SCOP koeficients<\/span><\/td>\n<td width=\"460\"><span>4<\/span><\/td>\n<\/tr>\n<tr>\n<td width=\"340\"><span>Apkures temperat\u016bras diapazons<\/span><\/td>\n<td width=\"460\"><span>-20 \u00b0\u0421 \u2264 \u0422 \u2264 24 \u00b0\u0421<\/span><\/td>\n<\/tr>\n<tr>\n<td width=\"340\"><span>Paredzam\u0101 apkures slodze (W)<\/span><\/td>\n<td width=\"460\"><span>8800<\/span><\/td>\n<\/tr>\n<tr>\n<td width=\"340\"><span>Nomin\u0101lais apkures jaudas pat\u0113ri\u0146\u0161 (W)<\/span><\/td>\n<td width=\"460\"><span>3250<\/span><\/td>\n<\/tr>\n<tr>\n<td width=\"340\"><span>Gaisa daudzums (m\u00b3\/h)<\/span><\/td>\n<td width=\"460\"><span>2100\/1800\/1500<\/span><\/td>\n<\/tr>\n<tr>\n<td width=\"340\"><span>Mitruma no\u0146em\u0161anas jauda (l\/h)<\/span><\/td>\n<td width=\"460\"><span>3.6<\/span><\/td>\n<\/tr>\n<tr>\n<td width=\"340\"><span>Troksnis (dB(A))\u00a0\u2014 UJ<\/span><\/td>\n<td width=\"460\"><span>49,5\/48\/46\/42,5<\/span><\/td>\n<\/tr>\n<tr>\n<td width=\"340\"><span>Ska\u013cums standarta apst\u0101k\u013cos (dB) &#8211; UJ<\/span><\/td>\n<td width=\"460\"><span>\u2264 61<\/span><\/td>\n<\/tr>\n<tr>\n<td width=\"340\"><span>Ier\u012bces izm\u0113ri (mm) &#8211; UJ<\/span><\/td>\n<td width=\"460\"><span>1360x774x249<\/span><\/td>\n<\/tr>\n<tr>\n<td width=\"340\"><span>Iepakojuma izm\u0113ri (mm) &#8211; UJ<\/span><\/td>\n<td width=\"460\"><span>1570\u00a0x\u00a0805\u00a0x\u00a0330<\/span><\/td>\n<\/tr>\n<tr>\n<td width=\"340\"><span>Neto\/bruto svars (kg) &#8211; UJ<\/span><\/td>\n<td width=\"460\"><span>40,5\/48,2<\/span><\/td>\n<\/tr>\n<tr>\n<td width=\"340\"><span>Troksnis (dB(A)) &#8211; VJ<\/span><\/td>\n<td width=\"460\"><span>\u2264 65<\/span><\/td>\n<\/tr>\n<tr>\n<td width=\"340\"><span>Ska\u013cums standarta apst\u0101k\u013cos (dB) &#8211; VJ<\/span><\/td>\n<td width=\"460\"><span>\u2264 70<\/span><\/td>\n<\/tr>\n<tr>\n<td width=\"340\"><span>Aukstuma\u0123ents<\/span><\/td>\n<td width=\"460\"><span>P32<\/span><\/td>\n<\/tr>\n<tr>\n<td width=\"340\"><span>Att\u0101lums starp iekav\u0101m (mm)<\/span><\/td>\n<td width=\"460\"><span>673<\/span><\/td>\n<\/tr>\n<tr>\n<td width=\"340\"><span>Ier\u012bces izm\u0113ri (mm) \u2013 VJ<\/span><\/td>\n<td width=\"460\"><span>946x410x810<\/span><\/td>\n<\/tr>\n<tr>\n<td width=\"340\"><span>Iepakojuma izm\u0113ri (mm) \u2013 VJ<\/span><\/td>\n<td width=\"460\"><span>1090\u00a0x\u00a0500\u00a0x\u00a0885<\/span><\/td>\n<\/tr>\n<tr>\n<td width=\"340\"><span>Neto\/bruto svars (kg) &#8211; VJ<\/span><\/td>\n<td width=\"460\"><span>80,5\/85<\/span><\/td>\n<\/tr>\n<tr>\n<td width=\"340\"><span>Funkcionalit\u0101te<\/span><\/td>\n<td width=\"460\"><span>IVF darb\u012bbas re\u017e\u012bms; gaid\u012b\u0161anas re\u017e\u012bms 1 W; nakts re\u017e\u012bms; Ener\u0123ijas taup\u012b\u0161anas funkcija; Putek\u013cu filtrs; Pa\u0161att\u012br\u012b\u0161an\u0101s; Zelt\u012b\u0161ana; Steriliz\u0101cija 56\u00b0C temperat\u016br\u0101; UV starojums; Dro\u0161\u012bbas v\u0101rsta v\u0101ks; Inteli\u0123enta atkaus\u0113\u0161ana; K\u013c\u016bdu noteik\u0161ana un par\u0101d\u012b\u0161ana; dzes\u0113\u0161anas \u0161\u0137idruma nopl\u016bdes sensors; S\u0101ciet ar zemu spriegumu; PTC kompresoru un kondensatoru sild\u012bt\u0101ji; Av\u0101rijas funkcija; Atdzes\u0113\u0161ana pie -15\u00b0C; Sild\u012b\u0161ana l\u012bdz -20\u00b0C; Gatavs Wi-Fi; \u201cSAJ\u016aT funkciju\u201d; Manu\u0101l\u0101 vad\u012bba; Mono un multi sader\u012bba; Klusa vad\u012bba; 3 gaisa pl\u016bsmas \u0101trumi; Divpus\u0113j\u0101 kondens\u0101ta novad\u012b\u0161ana; Sild\u012b\u0161ana l\u012bdz 8\u00b0C; Auto \u0161\u016bpoles; Atcer\u0113ties mar\u0161rut\u0113t\u0101ja atra\u0161an\u0101s vietu; Kondens\u0101ta novad\u012b\u0161anas s\u016bknis; autom\u0101tiskais darb\u012bbas re\u017e\u012bms; Vad\u012bbas vad\u012bba; P\u0113d\u0113j\u0101 darb\u012bbas re\u017e\u012bma atmi\u0146a; Taimeris; Sp\u0113c\u012bga gaisa pl\u016bsma; Turbo re\u017e\u012bms; M\u012bksts starts; Digit\u0101lais ekr\u0101ns<\/span><\/td>\n<\/tr>\n<tr>\n<td width=\"340\"><span>\u0160\u0137idruma caurules diametrs<\/span><\/td>\n<td width=\"460\"><span>3\/8\u2033<\/span><\/td>\n<\/tr>\n<tr>\n<td width=\"340\"><span>G\u0101zes caurules diametrs<\/span><\/td>\n<td width=\"460\"><span>5\/8\u2033<\/span><\/td>\n<\/tr>\n<tr>\n<td width=\"340\"><span>Maks. caurules garums (m)<\/span><\/td>\n<td width=\"460\"><span>75<\/span><\/td>\n<\/tr>\n<tr>\n<td width=\"340\"><span>Maks. augstuma starp\u012bba (m)<\/span><\/td>\n<td width=\"460\"><span>tr\u012bsdesmit<\/span><\/td>\n<\/tr>\n<tr>\n<td width=\"340\"><span>Iepriek\u0161 noslogotas caurules garums (m)<\/span><\/td>\n<td width=\"460\"><span>5<\/span><\/td>\n<\/tr>\n<tr>\n<td width=\"340\"><span>Dzes\u0113\u0161anas \u0161\u0137idruma papildin\u0101\u0161ana (g\/m)<\/span><\/td>\n<td width=\"460\"><span>24<\/span><\/td>\n<\/tr>\n<tr>\n<td width=\"340\"><span>Ier\u012bces veids<\/span><\/td>\n<td width=\"460\"><span>Kan\u0101lu atdal\u012b\u0161anas sist\u0113ma<\/span><\/td>\n<\/tr>\n<tr>\n<td width=\"340\"><span>Garantijas laiks (m\u0113ne\u0161i)<\/span><\/td>\n<td width=\"460\"><span>60<\/span><\/td>\n<\/tr>\n<\/tbody>\n<\/table>\n","protected":false},"excerpt":{"rendered":"<h3><span>Gr\u012bdas griestu gaisa kondicionieris VIVAX ACP-36CF105AERI+ R32 ir monosplit sist\u0113ma ar <\/span><span>nomin\u0101l\u0101 jauda aukstums\/apkure: 10,55 kW\/11,72 kW.<\/span><\/h3>\n","protected":false},"featured_media":9070,"comment_status":"closed","ping_status":"closed","template":"","meta":{"_acf_changed":false},"product_cat":[3040],"product_tag":[],"class_list":{"0":"post-11257","1":"product","2":"type-product","3":"status-publish","4":"has-post-thumbnail","6":"product_cat-uznemejdarbibai-un-rupniecibai","7":"product_brand-vivax","9":"first","10":"instock","11":"taxable","12":"shipping-taxable","13":"purchasable","14":"product-type-simple"},"acf":[],"yoast_head":"<!-- This site is optimized with the Yoast SEO plugin v21.9 - https:\/\/yoast.com\/wordpress\/plugins\/seo\/ -->\n<title>VIVAX gr\u012bda un griesti ACP-36CF105AERI\/I2 - Siltums\u016bk\u0146i<\/title>\n<meta name=\"robots\" content=\"noindex, follow, max-snippet:-1, max-image-preview:large, max-video-preview:-1\" \/>\n<meta property=\"og:locale\" content=\"lv_LV\" \/>\n<meta property=\"og:type\" content=\"article\" \/>\n<meta property=\"og:title\" content=\"VIVAX gr\u012bda un griesti ACP-36CF105AERI\/I2 - Siltums\u016bk\u0146i\" \/>\n<meta property=\"og:description\" content=\"Gr\u012bdas griestu gaisa kondicionieris VIVAX ACP-36CF105AERI+ R32 ir monosplit sist\u0113ma ar nomin\u0101l\u0101 jauda aukstums\/apkure: 10,55 kW\/11,72 kW.\" \/>\n<meta property=\"og:url\" content=\"https:\/\/testimine.kliimapluss.ee\/lv\/toode\/vivax-grida-un-griesti-acp-36cf105aeri-i2\/\" \/>\n<meta property=\"og:site_name\" content=\"Siltums\u016bk\u0146i\" \/>\n<meta property=\"article:publisher\" content=\"https:\/\/www.facebook.com\/cooperandhunter.est\" \/>\n<meta property=\"article:modified_time\" content=\"2024-05-01T18:52:46+00:00\" \/>\n<meta property=\"og:image\" content=\"https:\/\/testimine.kliimapluss.ee\/wp-content\/uploads\/2024\/04\/acp-48cf140aeri-scaled.jpg\" \/>\n\t<meta property=\"og:image:width\" content=\"2560\" \/>\n\t<meta property=\"og:image:height\" content=\"2560\" \/>\n\t<meta property=\"og:image:type\" content=\"image\/jpeg\" \/>\n<meta name=\"twitter:card\" content=\"summary_large_image\" \/>\n<meta name=\"twitter:label1\" content=\"Est. reading time\" \/>\n\t<meta name=\"twitter:data1\" content=\"3 minutes\" \/>\n<script type=\"application\/ld+json\" class=\"yoast-schema-graph\">{\"@context\":\"https:\/\/schema.org\",\"@graph\":[{\"@type\":\"WebPage\",\"@id\":\"https:\/\/testimine.kliimapluss.ee\/lv\/toode\/vivax-grida-un-griesti-acp-36cf105aeri-i2\/\",\"url\":\"https:\/\/testimine.kliimapluss.ee\/lv\/toode\/vivax-grida-un-griesti-acp-36cf105aeri-i2\/\",\"name\":\"VIVAX gr\u012bda un griesti ACP-36CF105AERI\/I2 - Siltums\u016bk\u0146i\",\"isPartOf\":{\"@id\":\"https:\/\/testimine.kliimapluss.ee\/#website\"},\"datePublished\":\"2024-05-01T18:52:45+00:00\",\"dateModified\":\"2024-05-01T18:52:46+00:00\",\"breadcrumb\":{\"@id\":\"https:\/\/testimine.kliimapluss.ee\/lv\/toode\/vivax-grida-un-griesti-acp-36cf105aeri-i2\/#breadcrumb\"},\"inLanguage\":\"lv-LV\",\"potentialAction\":[{\"@type\":\"ReadAction\",\"target\":[\"https:\/\/testimine.kliimapluss.ee\/lv\/toode\/vivax-grida-un-griesti-acp-36cf105aeri-i2\/\"]}]},{\"@type\":\"BreadcrumbList\",\"@id\":\"https:\/\/testimine.kliimapluss.ee\/lv\/toode\/vivax-grida-un-griesti-acp-36cf105aeri-i2\/#breadcrumb\",\"itemListElement\":[{\"@type\":\"ListItem\",\"position\":1,\"name\":\"C&amp;H\",\"item\":\"https:\/\/testimine.kliimapluss.ee\/lv\/\"},{\"@type\":\"ListItem\",\"position\":2,\"name\":\"Veikals\",\"item\":\"https:\/\/testimine.kliimapluss.ee\/lv\/veikals\/\"},{\"@type\":\"ListItem\",\"position\":3,\"name\":\"VIVAX gr\u012bda un griesti ACP-36CF105AERI\/I2\"}]},{\"@type\":\"WebSite\",\"@id\":\"https:\/\/testimine.kliimapluss.ee\/#website\",\"url\":\"https:\/\/testimine.kliimapluss.ee\/\",\"name\":\"Soojuspumbad\",\"description\":\"Siltums\u016bk\u0146i un gaisa kondicionieri\",\"publisher\":{\"@id\":\"https:\/\/testimine.kliimapluss.ee\/#organization\"},\"alternateName\":\"Soojuspumpade e-pood\",\"potentialAction\":[{\"@type\":\"SearchAction\",\"target\":{\"@type\":\"EntryPoint\",\"urlTemplate\":\"https:\/\/testimine.kliimapluss.ee\/?s={search_term_string}\"},\"query-input\":\"required name=search_term_string\"}],\"inLanguage\":\"lv-LV\"},{\"@type\":\"Organization\",\"@id\":\"https:\/\/testimine.kliimapluss.ee\/#organization\",\"name\":\"Romadini O\u00dc\",\"alternateName\":\"Soojuspumpade e-pood\",\"url\":\"https:\/\/testimine.kliimapluss.ee\/\",\"logo\":{\"@type\":\"ImageObject\",\"inLanguage\":\"lv-LV\",\"@id\":\"https:\/\/testimine.kliimapluss.ee\/#\/schema\/logo\/image\/\",\"url\":\"\",\"contentUrl\":\"\",\"caption\":\"Romadini O\u00dc\"},\"image\":{\"@id\":\"https:\/\/testimine.kliimapluss.ee\/#\/schema\/logo\/image\/\"},\"sameAs\":[\"https:\/\/www.facebook.com\/cooperandhunter.est\"]}]}<\/script>\n<!-- \/ Yoast SEO plugin. -->","yoast_head_json":{"title":"VIVAX gr\u012bda un griesti ACP-36CF105AERI\/I2 - Siltums\u016bk\u0146i","robots":{"index":"noindex","follow":"follow","max-snippet":"max-snippet:-1","max-image-preview":"max-image-preview:large","max-video-preview":"max-video-preview:-1"},"og_locale":"lv_LV","og_type":"article","og_title":"VIVAX gr\u012bda un griesti ACP-36CF105AERI\/I2 - Siltums\u016bk\u0146i","og_description":"Gr\u012bdas griestu gaisa kondicionieris VIVAX ACP-36CF105AERI+ R32 ir monosplit sist\u0113ma ar nomin\u0101l\u0101 jauda aukstums\/apkure: 10,55 kW\/11,72 kW.","og_url":"https:\/\/testimine.kliimapluss.ee\/lv\/toode\/vivax-grida-un-griesti-acp-36cf105aeri-i2\/","og_site_name":"Siltums\u016bk\u0146i","article_publisher":"https:\/\/www.facebook.com\/cooperandhunter.est","article_modified_time":"2024-05-01T18:52:46+00:00","og_image":[{"width":2560,"height":2560,"url":"https:\/\/testimine.kliimapluss.ee\/wp-content\/uploads\/2024\/04\/acp-48cf140aeri-scaled.jpg","type":"image\/jpeg"}],"twitter_card":"summary_large_image","twitter_misc":{"Est. reading time":"3 minutes"},"schema":{"@context":"https:\/\/schema.org","@graph":[{"@type":"WebPage","@id":"https:\/\/testimine.kliimapluss.ee\/lv\/toode\/vivax-grida-un-griesti-acp-36cf105aeri-i2\/","url":"https:\/\/testimine.kliimapluss.ee\/lv\/toode\/vivax-grida-un-griesti-acp-36cf105aeri-i2\/","name":"VIVAX gr\u012bda un griesti ACP-36CF105AERI\/I2 - Siltums\u016bk\u0146i","isPartOf":{"@id":"https:\/\/testimine.kliimapluss.ee\/#website"},"datePublished":"2024-05-01T18:52:45+00:00","dateModified":"2024-05-01T18:52:46+00:00","breadcrumb":{"@id":"https:\/\/testimine.kliimapluss.ee\/lv\/toode\/vivax-grida-un-griesti-acp-36cf105aeri-i2\/#breadcrumb"},"inLanguage":"lv-LV","potentialAction":[{"@type":"ReadAction","target":["https:\/\/testimine.kliimapluss.ee\/lv\/toode\/vivax-grida-un-griesti-acp-36cf105aeri-i2\/"]}]},{"@type":"BreadcrumbList","@id":"https:\/\/testimine.kliimapluss.ee\/lv\/toode\/vivax-grida-un-griesti-acp-36cf105aeri-i2\/#breadcrumb","itemListElement":[{"@type":"ListItem","position":1,"name":"C&amp;H","item":"https:\/\/testimine.kliimapluss.ee\/lv\/"},{"@type":"ListItem","position":2,"name":"Veikals","item":"https:\/\/testimine.kliimapluss.ee\/lv\/veikals\/"},{"@type":"ListItem","position":3,"name":"VIVAX gr\u012bda un griesti ACP-36CF105AERI\/I2"}]},{"@type":"WebSite","@id":"https:\/\/testimine.kliimapluss.ee\/#website","url":"https:\/\/testimine.kliimapluss.ee\/","name":"Soojuspumbad","description":"Siltums\u016bk\u0146i un gaisa kondicionieri","publisher":{"@id":"https:\/\/testimine.kliimapluss.ee\/#organization"},"alternateName":"Soojuspumpade e-pood","potentialAction":[{"@type":"SearchAction","target":{"@type":"EntryPoint","urlTemplate":"https:\/\/testimine.kliimapluss.ee\/?s={search_term_string}"},"query-input":"required name=search_term_string"}],"inLanguage":"lv-LV"},{"@type":"Organization","@id":"https:\/\/testimine.kliimapluss.ee\/#organization","name":"Romadini O\u00dc","alternateName":"Soojuspumpade e-pood","url":"https:\/\/testimine.kliimapluss.ee\/","logo":{"@type":"ImageObject","inLanguage":"lv-LV","@id":"https:\/\/testimine.kliimapluss.ee\/#\/schema\/logo\/image\/","url":"","contentUrl":"","caption":"Romadini O\u00dc"},"image":{"@id":"https:\/\/testimine.kliimapluss.ee\/#\/schema\/logo\/image\/"},"sameAs":["https:\/\/www.facebook.com\/cooperandhunter.est"]}]}},"_links":{"self":[{"href":"https:\/\/testimine.kliimapluss.ee\/lv\/wp-json\/wp\/v2\/product\/11257","targetHints":{"allow":["GET"]}}],"collection":[{"href":"https:\/\/testimine.kliimapluss.ee\/lv\/wp-json\/wp\/v2\/product"}],"about":[{"href":"https:\/\/testimine.kliimapluss.ee\/lv\/wp-json\/wp\/v2\/types\/product"}],"replies":[{"embeddable":true,"href":"https:\/\/testimine.kliimapluss.ee\/lv\/wp-json\/wp\/v2\/comments?post=11257"}],"wp:featuredmedia":[{"embeddable":true,"href":"https:\/\/testimine.kliimapluss.ee\/lv\/wp-json\/wp\/v2\/media\/9070"}],"wp:attachment":[{"href":"https:\/\/testimine.kliimapluss.ee\/lv\/wp-json\/wp\/v2\/media?parent=11257"}],"wp:term":[{"taxonomy":"product_cat","embeddable":true,"href":"https:\/\/testimine.kliimapluss.ee\/lv\/wp-json\/wp\/v2\/product_cat?post=11257"},{"taxonomy":"product_tag","embeddable":true,"href":"https:\/\/testimine.kliimapluss.ee\/lv\/wp-json\/wp\/v2\/product_tag?post=11257"}],"curies":[{"name":"wp","href":"https:\/\/api.w.org\/{rel}","templated":true}]}}