{"id":11266,"date":"2024-04-10T01:37:20","date_gmt":"2024-05-01T19:35:51","guid":{"rendered":"https:\/\/testimine.kliimapluss.ee\/?post_type=product&#038;p=11266"},"modified":"2024-05-01T22:35:51","modified_gmt":"2024-05-01T19:35:51","slug":"vivax-r-design-12-silver","status":"publish","type":"product","link":"https:\/\/testimine.kliimapluss.ee\/lv\/toode\/vivax-r-design-12-silver\/","title":{"rendered":"VIVAX R+ DESIGN 12 SILVER"},"content":{"rendered":"<p>R+ Design s\u0113rija ir jauna un uzlabota gaisa kondicion\u0113t\u0101ju paaudze ar A+++ energoefektivit\u0101ti dzes\u0113\u0161anai un A++ energoefektivit\u0101ti apkurei.<br \/>\n\u013boti efekt\u012bva, joniz\u0113jo\u0161a, daudzfunkcion\u0101la. \u012apa\u0161\u0101 3D invertora tehnolo\u0123ija nodro\u0161ina iev\u0113rojamu ener\u0123ijas ietaup\u012bjumu, klusu darb\u012bbu un ilgu kalpo\u0161anas laiku. Iek\u0161telpu bloks ir apr\u012bkots ar biofiltru un jonizatoru, bet \u0101ra bloks ir apr\u012bkots ar kompresoru un kompresora sild\u012bt\u0101ju, kas padara Vivax R+ Design gaisa siltums\u016bkni par \u013coti efekt\u012bvu sild\u012bt\u0101ju.<br \/>\nR+ Design gaisa kondicionieris str\u0101d\u0101 ar 107% jaudu pat pie 2\u00b0C un var tikt izmantots pat pie -25\u00b0C.<\/p>\n","protected":false},"excerpt":{"rendered":"<h2>SILTUMS\u016aKNIS<\/h2>\n<ul>\n<li>\n<h3>SCOP\u00a04,6\u00a0A++<\/h3>\n<\/li>\n<li>\n<h3>SEER 8.5 A+++<\/h3>\n<\/li>\n<li>\n<h3>DZES\u0112\u0160ANA 3,5 kW<\/h3>\n<\/li>\n<li>\n<h3>APKURE 3,8 kW<\/h3>\n<\/li>\n<li>\n<h3>APKUREI l\u012bdz 75m\u00b2<\/h3>\n<\/li>\n<li>\n<h3>DZES\u0112\u0160ANAI l\u012bdz 35m\u00b2<\/h3>\n<\/li>\n<li>\n<h3>Dzes\u0113\u0161anas temperat\u016bras diapazons: -15C \u2013 50C<\/h3>\n<\/li>\n<li>\n<h3>Apkures temperat\u016bras diapazons: -25 C \u2013 24 C<\/h3>\n<\/li>\n<li>\n<h3>Jonizators<\/h3>\n<\/li>\n<li>\n<h3>Biofiltrs<\/h3>\n<\/li>\n<li>\n<h3>Pa\u0161att\u012bro\u0161s<\/h3>\n<\/li>\n<li>\n<h3>ECO re\u017e\u012bms ietaupa ener\u0123iju<\/h3>\n<\/li>\n<li>\n<h3>Wifi gatavs (var pievienot)<\/h3>\n<\/li>\n<li>\n<h3>Piem\u0113rots Mono un Multi split sist\u0113mai<\/h3>\n<\/li>\n<li>\n<h3>5 gadu garantija<\/h3>\n<\/li>\n<\/ul>\n","protected":false},"featured_media":9057,"comment_status":"closed","ping_status":"closed","template":"","meta":{"_acf_changed":false},"product_cat":[3037],"product_tag":[],"class_list":{"0":"post-11266","1":"product","2":"type-product","3":"status-publish","4":"has-post-thumbnail","6":"product_cat-gaisa-siltumsukni","7":"product_brand-vivax","9":"first","10":"instock","11":"taxable","12":"shipping-taxable","13":"purchasable","14":"product-type-simple"},"acf":[],"yoast_head":"<!-- This site is optimized with the Yoast SEO plugin v21.9 - https:\/\/yoast.com\/wordpress\/plugins\/seo\/ -->\n<title>VIVAX R+ DESIGN 12 SILVER - Siltums\u016bk\u0146i<\/title>\n<meta name=\"robots\" content=\"noindex, follow, max-snippet:-1, max-image-preview:large, max-video-preview:-1\" \/>\n<meta property=\"og:locale\" content=\"lv_LV\" \/>\n<meta property=\"og:type\" content=\"article\" \/>\n<meta property=\"og:title\" content=\"VIVAX R+ DESIGN 12 SILVER - Siltums\u016bk\u0146i\" \/>\n<meta property=\"og:description\" content=\"SILTUMS\u016aKNIS    SCOP\u00a04,6\u00a0A++    SEER 8.5 A+++    DZES\u0112\u0160ANA 3,5 kW    APKURE 3,8 kW    APKUREI l\u012bdz 75m\u00b2    DZES\u0112\u0160ANAI l\u012bdz 35m\u00b2    Dzes\u0113\u0161anas temperat\u016bras diapazons: -15C \u2013 50C    Apkures temperat\u016bras diapazons: -25 C \u2013 24 C    Jonizators    Biofiltrs    Pa\u0161att\u012bro\u0161s    ECO re\u017e\u012bms ietaupa ener\u0123iju    Wifi gatavs (var pievienot)    Piem\u0113rots Mono un Multi split sist\u0113mai    5 gadu garantija\" \/>\n<meta property=\"og:url\" content=\"https:\/\/testimine.kliimapluss.ee\/lv\/toode\/vivax-r-design-12-silver\/\" \/>\n<meta property=\"og:site_name\" content=\"Siltums\u016bk\u0146i\" \/>\n<meta property=\"article:publisher\" content=\"https:\/\/www.facebook.com\/cooperandhunter.est\" \/>\n<meta property=\"og:image\" content=\"https:\/\/testimine.kliimapluss.ee\/wp-content\/uploads\/2024\/04\/vivax-r-design-silver-12-scaled.jpg\" \/>\n\t<meta property=\"og:image:width\" content=\"2560\" \/>\n\t<meta property=\"og:image:height\" content=\"2560\" \/>\n\t<meta property=\"og:image:type\" content=\"image\/jpeg\" \/>\n<meta name=\"twitter:card\" content=\"summary_large_image\" \/>\n<meta name=\"twitter:label1\" content=\"Est. reading time\" \/>\n\t<meta name=\"twitter:data1\" content=\"1 minute\" \/>\n<script type=\"application\/ld+json\" class=\"yoast-schema-graph\">{\"@context\":\"https:\/\/schema.org\",\"@graph\":[{\"@type\":\"WebPage\",\"@id\":\"https:\/\/testimine.kliimapluss.ee\/lv\/toode\/vivax-r-design-12-silver\/\",\"url\":\"https:\/\/testimine.kliimapluss.ee\/lv\/toode\/vivax-r-design-12-silver\/\",\"name\":\"VIVAX R+ DESIGN 12 SILVER - Siltums\u016bk\u0146i\",\"isPartOf\":{\"@id\":\"https:\/\/testimine.kliimapluss.ee\/#website\"},\"datePublished\":\"2024-05-01T19:35:51+00:00\",\"dateModified\":\"2024-05-01T19:35:51+00:00\",\"breadcrumb\":{\"@id\":\"https:\/\/testimine.kliimapluss.ee\/lv\/toode\/vivax-r-design-12-silver\/#breadcrumb\"},\"inLanguage\":\"lv-LV\",\"potentialAction\":[{\"@type\":\"ReadAction\",\"target\":[\"https:\/\/testimine.kliimapluss.ee\/lv\/toode\/vivax-r-design-12-silver\/\"]}]},{\"@type\":\"BreadcrumbList\",\"@id\":\"https:\/\/testimine.kliimapluss.ee\/lv\/toode\/vivax-r-design-12-silver\/#breadcrumb\",\"itemListElement\":[{\"@type\":\"ListItem\",\"position\":1,\"name\":\"C&amp;H\",\"item\":\"https:\/\/testimine.kliimapluss.ee\/lv\/\"},{\"@type\":\"ListItem\",\"position\":2,\"name\":\"Veikals\",\"item\":\"https:\/\/testimine.kliimapluss.ee\/lv\/veikals\/\"},{\"@type\":\"ListItem\",\"position\":3,\"name\":\"VIVAX R+ DESIGN 12 SILVER\"}]},{\"@type\":\"WebSite\",\"@id\":\"https:\/\/testimine.kliimapluss.ee\/#website\",\"url\":\"https:\/\/testimine.kliimapluss.ee\/\",\"name\":\"Soojuspumbad\",\"description\":\"Siltums\u016bk\u0146i un gaisa kondicionieri\",\"publisher\":{\"@id\":\"https:\/\/testimine.kliimapluss.ee\/#organization\"},\"alternateName\":\"Soojuspumpade e-pood\",\"potentialAction\":[{\"@type\":\"SearchAction\",\"target\":{\"@type\":\"EntryPoint\",\"urlTemplate\":\"https:\/\/testimine.kliimapluss.ee\/?s={search_term_string}\"},\"query-input\":\"required name=search_term_string\"}],\"inLanguage\":\"lv-LV\"},{\"@type\":\"Organization\",\"@id\":\"https:\/\/testimine.kliimapluss.ee\/#organization\",\"name\":\"Romadini O\u00dc\",\"alternateName\":\"Soojuspumpade e-pood\",\"url\":\"https:\/\/testimine.kliimapluss.ee\/\",\"logo\":{\"@type\":\"ImageObject\",\"inLanguage\":\"lv-LV\",\"@id\":\"https:\/\/testimine.kliimapluss.ee\/#\/schema\/logo\/image\/\",\"url\":\"\",\"contentUrl\":\"\",\"caption\":\"Romadini O\u00dc\"},\"image\":{\"@id\":\"https:\/\/testimine.kliimapluss.ee\/#\/schema\/logo\/image\/\"},\"sameAs\":[\"https:\/\/www.facebook.com\/cooperandhunter.est\"]}]}<\/script>\n<!-- \/ Yoast SEO plugin. -->","yoast_head_json":{"title":"VIVAX R+ DESIGN 12 SILVER - Siltums\u016bk\u0146i","robots":{"index":"noindex","follow":"follow","max-snippet":"max-snippet:-1","max-image-preview":"max-image-preview:large","max-video-preview":"max-video-preview:-1"},"og_locale":"lv_LV","og_type":"article","og_title":"VIVAX R+ DESIGN 12 SILVER - Siltums\u016bk\u0146i","og_description":"SILTUMS\u016aKNIS    SCOP\u00a04,6\u00a0A++    SEER 8.5 A+++    DZES\u0112\u0160ANA 3,5 kW    APKURE 3,8 kW    APKUREI l\u012bdz 75m\u00b2    DZES\u0112\u0160ANAI l\u012bdz 35m\u00b2    Dzes\u0113\u0161anas temperat\u016bras diapazons: -15C \u2013 50C    Apkures temperat\u016bras diapazons: -25 C \u2013 24 C    Jonizators    Biofiltrs    Pa\u0161att\u012bro\u0161s    ECO re\u017e\u012bms ietaupa ener\u0123iju    Wifi gatavs (var pievienot)    Piem\u0113rots Mono un Multi split sist\u0113mai    5 gadu garantija","og_url":"https:\/\/testimine.kliimapluss.ee\/lv\/toode\/vivax-r-design-12-silver\/","og_site_name":"Siltums\u016bk\u0146i","article_publisher":"https:\/\/www.facebook.com\/cooperandhunter.est","og_image":[{"width":2560,"height":2560,"url":"https:\/\/testimine.kliimapluss.ee\/wp-content\/uploads\/2024\/04\/vivax-r-design-silver-12-scaled.jpg","type":"image\/jpeg"}],"twitter_card":"summary_large_image","twitter_misc":{"Est. reading time":"1 minute"},"schema":{"@context":"https:\/\/schema.org","@graph":[{"@type":"WebPage","@id":"https:\/\/testimine.kliimapluss.ee\/lv\/toode\/vivax-r-design-12-silver\/","url":"https:\/\/testimine.kliimapluss.ee\/lv\/toode\/vivax-r-design-12-silver\/","name":"VIVAX R+ DESIGN 12 SILVER - Siltums\u016bk\u0146i","isPartOf":{"@id":"https:\/\/testimine.kliimapluss.ee\/#website"},"datePublished":"2024-05-01T19:35:51+00:00","dateModified":"2024-05-01T19:35:51+00:00","breadcrumb":{"@id":"https:\/\/testimine.kliimapluss.ee\/lv\/toode\/vivax-r-design-12-silver\/#breadcrumb"},"inLanguage":"lv-LV","potentialAction":[{"@type":"ReadAction","target":["https:\/\/testimine.kliimapluss.ee\/lv\/toode\/vivax-r-design-12-silver\/"]}]},{"@type":"BreadcrumbList","@id":"https:\/\/testimine.kliimapluss.ee\/lv\/toode\/vivax-r-design-12-silver\/#breadcrumb","itemListElement":[{"@type":"ListItem","position":1,"name":"C&amp;H","item":"https:\/\/testimine.kliimapluss.ee\/lv\/"},{"@type":"ListItem","position":2,"name":"Veikals","item":"https:\/\/testimine.kliimapluss.ee\/lv\/veikals\/"},{"@type":"ListItem","position":3,"name":"VIVAX R+ DESIGN 12 SILVER"}]},{"@type":"WebSite","@id":"https:\/\/testimine.kliimapluss.ee\/#website","url":"https:\/\/testimine.kliimapluss.ee\/","name":"Soojuspumbad","description":"Siltums\u016bk\u0146i un gaisa kondicionieri","publisher":{"@id":"https:\/\/testimine.kliimapluss.ee\/#organization"},"alternateName":"Soojuspumpade e-pood","potentialAction":[{"@type":"SearchAction","target":{"@type":"EntryPoint","urlTemplate":"https:\/\/testimine.kliimapluss.ee\/?s={search_term_string}"},"query-input":"required name=search_term_string"}],"inLanguage":"lv-LV"},{"@type":"Organization","@id":"https:\/\/testimine.kliimapluss.ee\/#organization","name":"Romadini O\u00dc","alternateName":"Soojuspumpade e-pood","url":"https:\/\/testimine.kliimapluss.ee\/","logo":{"@type":"ImageObject","inLanguage":"lv-LV","@id":"https:\/\/testimine.kliimapluss.ee\/#\/schema\/logo\/image\/","url":"","contentUrl":"","caption":"Romadini O\u00dc"},"image":{"@id":"https:\/\/testimine.kliimapluss.ee\/#\/schema\/logo\/image\/"},"sameAs":["https:\/\/www.facebook.com\/cooperandhunter.est"]}]}},"_links":{"self":[{"href":"https:\/\/testimine.kliimapluss.ee\/lv\/wp-json\/wp\/v2\/product\/11266","targetHints":{"allow":["GET"]}}],"collection":[{"href":"https:\/\/testimine.kliimapluss.ee\/lv\/wp-json\/wp\/v2\/product"}],"about":[{"href":"https:\/\/testimine.kliimapluss.ee\/lv\/wp-json\/wp\/v2\/types\/product"}],"replies":[{"embeddable":true,"href":"https:\/\/testimine.kliimapluss.ee\/lv\/wp-json\/wp\/v2\/comments?post=11266"}],"wp:featuredmedia":[{"embeddable":true,"href":"https:\/\/testimine.kliimapluss.ee\/lv\/wp-json\/wp\/v2\/media\/9057"}],"wp:attachment":[{"href":"https:\/\/testimine.kliimapluss.ee\/lv\/wp-json\/wp\/v2\/media?parent=11266"}],"wp:term":[{"taxonomy":"product_cat","embeddable":true,"href":"https:\/\/testimine.kliimapluss.ee\/lv\/wp-json\/wp\/v2\/product_cat?post=11266"},{"taxonomy":"product_tag","embeddable":true,"href":"https:\/\/testimine.kliimapluss.ee\/lv\/wp-json\/wp\/v2\/product_tag?post=11266"}],"curies":[{"name":"wp","href":"https:\/\/api.w.org\/{rel}","templated":true}]}}