{"id":11278,"date":"2024-04-09T22:20:19","date_gmt":"2024-05-01T19:48:13","guid":{"rendered":"https:\/\/testimine.kliimapluss.ee\/?post_type=product&#038;p=11278"},"modified":"2024-05-01T22:48:14","modified_gmt":"2024-05-01T19:48:14","slug":"vivax-h-design-12-gold","status":"publish","type":"product","link":"https:\/\/testimine.kliimapluss.ee\/lv\/toode\/vivax-h-design-12-gold\/","title":{"rendered":"VIVAX H+ DESIGN 12 GOLD"},"content":{"rendered":"<p>Vivax H+ Design ir stil\u012bgs jauns gaisa siltums\u016bknis 2022. gadam ar audumu p\u0101rkl\u0101tu iek\u0161telpu moduli. Magn\u0113tisk\u0101 virsma ir viegli main\u0101ma. Tr\u012bs kr\u0101sas: balta, pel\u0113ka un b\u0113\u0161a. S\u0113rija ir apr\u012bkota ar jaun\u0101kaj\u0101m energoefektivit\u0101tes tehnolo\u0123ij\u0101m, kas \u013cauj iev\u0113rojami ietaup\u012bt ener\u0123iju. Ener\u0123ijas klase A+++ dzes\u0113\u0161anai un A++ klase apkurei. 180 gr\u0101du GAISA PL\u016aSMA autom\u0101tiski p\u0101rvietojas par 180 gr\u0101diem horizont\u0101li un vertik\u0101li, virzot gaisa pl\u016bsmu uz katru telpas st\u016bri. Jonizators no gaisa izvada alerg\u0113nus un kait\u012bg\u0101s da\u013ci\u0146as, piem\u0113ram, putek\u013cus, ziedputek\u0161\u0146us, bakt\u0113rijas un v\u012brusus, t\u0101d\u0113j\u0101di uzlabojot iek\u0161telpu gaisa kvalit\u0101ti.<\/p>\n","protected":false},"excerpt":{"rendered":"<h2><span>SILTUMS\u016aKNIS<\/span><\/h2>\n<ul>\n<li>\n<h3><span>SCOP\u00a04,6\u00a0A++<\/span><\/h3>\n<\/li>\n<li>\n<h3><span>SEER 8.5 A +++<\/span><\/h3>\n<\/li>\n<li>\n<h3><span>DZES\u0112\u0160ANA 3,5 kW<\/span><\/h3>\n<\/li>\n<li>\n<h3><span>APKURE 3,8 kW<\/span><\/h3>\n<\/li>\n<li>\n<h3><span>APKUREI l\u012bdz 80 m\u00b2<\/span><\/h3>\n<\/li>\n<li>\n<h3><span>DZES\u0112\u0160ANAI l\u012bdz 40 m\u00b2<\/span><\/h3>\n<\/li>\n<li>\n<h3><span>Dzes\u0113\u0161anas temperat\u016bras diapazons: -15\u0421 \u2013 +50\u0421<\/span><\/h3>\n<\/li>\n<li>\n<h3><span>Apkures temperat\u016bras diapazons: -25\u0421 \u2013 +24\u0421<\/span><\/h3>\n<\/li>\n<li>\n<h3><span>jonizators<\/span><\/h3>\n<\/li>\n<li>\n<h3><span>Biofiltrs<\/span><\/h3>\n<\/li>\n<li>\n<h3><span>3D GAISA PL\u016aSMA<\/span><\/h3>\n<\/li>\n<li>\n<h3><span>ECO re\u017e\u012bms ietaupa ener\u0123iju<\/span><\/h3>\n<\/li>\n<li>\n<h3><span>Wi-Fi gatavs (var pievienot)<\/span><\/h3>\n<\/li>\n<li>\n<h3><span>5 gadu garantija<\/span><\/h3>\n<\/li>\n<\/ul>\n","protected":false},"featured_media":9046,"comment_status":"closed","ping_status":"closed","template":"","meta":{"_acf_changed":false},"product_cat":[3037],"product_tag":[],"class_list":{"0":"post-11278","1":"product","2":"type-product","3":"status-publish","4":"has-post-thumbnail","6":"product_cat-gaisa-siltumsukni","7":"product_brand-vivax","9":"first","10":"instock","11":"taxable","12":"shipping-taxable","13":"purchasable","14":"product-type-simple"},"acf":[],"yoast_head":"<!-- This site is optimized with the Yoast SEO plugin v21.9 - https:\/\/yoast.com\/wordpress\/plugins\/seo\/ -->\n<title>VIVAX H+ DESIGN 12 GOLD - Siltums\u016bk\u0146i<\/title>\n<meta name=\"robots\" content=\"noindex, follow, max-snippet:-1, max-image-preview:large, max-video-preview:-1\" \/>\n<meta property=\"og:locale\" content=\"lv_LV\" \/>\n<meta property=\"og:type\" content=\"article\" \/>\n<meta property=\"og:title\" content=\"VIVAX H+ DESIGN 12 GOLD - Siltums\u016bk\u0146i\" \/>\n<meta property=\"og:description\" content=\"SILTUMS\u016aKNIS    SCOP\u00a04,6\u00a0A++    SEER 8.5 A +++    DZES\u0112\u0160ANA 3,5 kW    APKURE 3,8 kW    APKUREI l\u012bdz 80 m\u00b2    DZES\u0112\u0160ANAI l\u012bdz 40 m\u00b2    Dzes\u0113\u0161anas temperat\u016bras diapazons: -15\u0421 \u2013 +50\u0421    Apkures temperat\u016bras diapazons: -25\u0421 \u2013 +24\u0421    jonizators    Biofiltrs    3D GAISA PL\u016aSMA    ECO re\u017e\u012bms ietaupa ener\u0123iju    Wi-Fi gatavs (var pievienot)    5 gadu garantija\" \/>\n<meta property=\"og:url\" content=\"https:\/\/testimine.kliimapluss.ee\/lv\/toode\/vivax-h-design-12-gold\/\" \/>\n<meta property=\"og:site_name\" content=\"Siltums\u016bk\u0146i\" \/>\n<meta property=\"article:publisher\" content=\"https:\/\/www.facebook.com\/cooperandhunter.est\" \/>\n<meta property=\"article:modified_time\" content=\"2024-05-01T19:48:14+00:00\" \/>\n<meta property=\"og:image\" content=\"https:\/\/testimine.kliimapluss.ee\/wp-content\/uploads\/2024\/04\/vivax-h-design-gold-12-scaled.jpg\" \/>\n\t<meta property=\"og:image:width\" content=\"2560\" \/>\n\t<meta property=\"og:image:height\" content=\"2560\" \/>\n\t<meta property=\"og:image:type\" content=\"image\/jpeg\" \/>\n<meta name=\"twitter:card\" content=\"summary_large_image\" \/>\n<meta name=\"twitter:label1\" content=\"Est. reading time\" \/>\n\t<meta name=\"twitter:data1\" content=\"1 minute\" \/>\n<script type=\"application\/ld+json\" class=\"yoast-schema-graph\">{\"@context\":\"https:\/\/schema.org\",\"@graph\":[{\"@type\":\"WebPage\",\"@id\":\"https:\/\/testimine.kliimapluss.ee\/lv\/toode\/vivax-h-design-12-gold\/\",\"url\":\"https:\/\/testimine.kliimapluss.ee\/lv\/toode\/vivax-h-design-12-gold\/\",\"name\":\"VIVAX H+ DESIGN 12 GOLD - Siltums\u016bk\u0146i\",\"isPartOf\":{\"@id\":\"https:\/\/testimine.kliimapluss.ee\/#website\"},\"datePublished\":\"2024-05-01T19:48:13+00:00\",\"dateModified\":\"2024-05-01T19:48:14+00:00\",\"breadcrumb\":{\"@id\":\"https:\/\/testimine.kliimapluss.ee\/lv\/toode\/vivax-h-design-12-gold\/#breadcrumb\"},\"inLanguage\":\"lv-LV\",\"potentialAction\":[{\"@type\":\"ReadAction\",\"target\":[\"https:\/\/testimine.kliimapluss.ee\/lv\/toode\/vivax-h-design-12-gold\/\"]}]},{\"@type\":\"BreadcrumbList\",\"@id\":\"https:\/\/testimine.kliimapluss.ee\/lv\/toode\/vivax-h-design-12-gold\/#breadcrumb\",\"itemListElement\":[{\"@type\":\"ListItem\",\"position\":1,\"name\":\"C&amp;H\",\"item\":\"https:\/\/testimine.kliimapluss.ee\/lv\/\"},{\"@type\":\"ListItem\",\"position\":2,\"name\":\"Veikals\",\"item\":\"https:\/\/testimine.kliimapluss.ee\/lv\/veikals\/\"},{\"@type\":\"ListItem\",\"position\":3,\"name\":\"VIVAX H+ DESIGN 12 GOLD\"}]},{\"@type\":\"WebSite\",\"@id\":\"https:\/\/testimine.kliimapluss.ee\/#website\",\"url\":\"https:\/\/testimine.kliimapluss.ee\/\",\"name\":\"Soojuspumbad\",\"description\":\"Siltums\u016bk\u0146i un gaisa kondicionieri\",\"publisher\":{\"@id\":\"https:\/\/testimine.kliimapluss.ee\/#organization\"},\"alternateName\":\"Soojuspumpade e-pood\",\"potentialAction\":[{\"@type\":\"SearchAction\",\"target\":{\"@type\":\"EntryPoint\",\"urlTemplate\":\"https:\/\/testimine.kliimapluss.ee\/?s={search_term_string}\"},\"query-input\":\"required name=search_term_string\"}],\"inLanguage\":\"lv-LV\"},{\"@type\":\"Organization\",\"@id\":\"https:\/\/testimine.kliimapluss.ee\/#organization\",\"name\":\"Romadini O\u00dc\",\"alternateName\":\"Soojuspumpade e-pood\",\"url\":\"https:\/\/testimine.kliimapluss.ee\/\",\"logo\":{\"@type\":\"ImageObject\",\"inLanguage\":\"lv-LV\",\"@id\":\"https:\/\/testimine.kliimapluss.ee\/#\/schema\/logo\/image\/\",\"url\":\"\",\"contentUrl\":\"\",\"caption\":\"Romadini O\u00dc\"},\"image\":{\"@id\":\"https:\/\/testimine.kliimapluss.ee\/#\/schema\/logo\/image\/\"},\"sameAs\":[\"https:\/\/www.facebook.com\/cooperandhunter.est\"]}]}<\/script>\n<!-- \/ Yoast SEO plugin. -->","yoast_head_json":{"title":"VIVAX H+ DESIGN 12 GOLD - Siltums\u016bk\u0146i","robots":{"index":"noindex","follow":"follow","max-snippet":"max-snippet:-1","max-image-preview":"max-image-preview:large","max-video-preview":"max-video-preview:-1"},"og_locale":"lv_LV","og_type":"article","og_title":"VIVAX H+ DESIGN 12 GOLD - Siltums\u016bk\u0146i","og_description":"SILTUMS\u016aKNIS    SCOP\u00a04,6\u00a0A++    SEER 8.5 A +++    DZES\u0112\u0160ANA 3,5 kW    APKURE 3,8 kW    APKUREI l\u012bdz 80 m\u00b2    DZES\u0112\u0160ANAI l\u012bdz 40 m\u00b2    Dzes\u0113\u0161anas temperat\u016bras diapazons: -15\u0421 \u2013 +50\u0421    Apkures temperat\u016bras diapazons: -25\u0421 \u2013 +24\u0421    jonizators    Biofiltrs    3D GAISA PL\u016aSMA    ECO re\u017e\u012bms ietaupa ener\u0123iju    Wi-Fi gatavs (var pievienot)    5 gadu garantija","og_url":"https:\/\/testimine.kliimapluss.ee\/lv\/toode\/vivax-h-design-12-gold\/","og_site_name":"Siltums\u016bk\u0146i","article_publisher":"https:\/\/www.facebook.com\/cooperandhunter.est","article_modified_time":"2024-05-01T19:48:14+00:00","og_image":[{"width":2560,"height":2560,"url":"https:\/\/testimine.kliimapluss.ee\/wp-content\/uploads\/2024\/04\/vivax-h-design-gold-12-scaled.jpg","type":"image\/jpeg"}],"twitter_card":"summary_large_image","twitter_misc":{"Est. reading time":"1 minute"},"schema":{"@context":"https:\/\/schema.org","@graph":[{"@type":"WebPage","@id":"https:\/\/testimine.kliimapluss.ee\/lv\/toode\/vivax-h-design-12-gold\/","url":"https:\/\/testimine.kliimapluss.ee\/lv\/toode\/vivax-h-design-12-gold\/","name":"VIVAX H+ DESIGN 12 GOLD - Siltums\u016bk\u0146i","isPartOf":{"@id":"https:\/\/testimine.kliimapluss.ee\/#website"},"datePublished":"2024-05-01T19:48:13+00:00","dateModified":"2024-05-01T19:48:14+00:00","breadcrumb":{"@id":"https:\/\/testimine.kliimapluss.ee\/lv\/toode\/vivax-h-design-12-gold\/#breadcrumb"},"inLanguage":"lv-LV","potentialAction":[{"@type":"ReadAction","target":["https:\/\/testimine.kliimapluss.ee\/lv\/toode\/vivax-h-design-12-gold\/"]}]},{"@type":"BreadcrumbList","@id":"https:\/\/testimine.kliimapluss.ee\/lv\/toode\/vivax-h-design-12-gold\/#breadcrumb","itemListElement":[{"@type":"ListItem","position":1,"name":"C&amp;H","item":"https:\/\/testimine.kliimapluss.ee\/lv\/"},{"@type":"ListItem","position":2,"name":"Veikals","item":"https:\/\/testimine.kliimapluss.ee\/lv\/veikals\/"},{"@type":"ListItem","position":3,"name":"VIVAX H+ DESIGN 12 GOLD"}]},{"@type":"WebSite","@id":"https:\/\/testimine.kliimapluss.ee\/#website","url":"https:\/\/testimine.kliimapluss.ee\/","name":"Soojuspumbad","description":"Siltums\u016bk\u0146i un gaisa kondicionieri","publisher":{"@id":"https:\/\/testimine.kliimapluss.ee\/#organization"},"alternateName":"Soojuspumpade e-pood","potentialAction":[{"@type":"SearchAction","target":{"@type":"EntryPoint","urlTemplate":"https:\/\/testimine.kliimapluss.ee\/?s={search_term_string}"},"query-input":"required name=search_term_string"}],"inLanguage":"lv-LV"},{"@type":"Organization","@id":"https:\/\/testimine.kliimapluss.ee\/#organization","name":"Romadini O\u00dc","alternateName":"Soojuspumpade e-pood","url":"https:\/\/testimine.kliimapluss.ee\/","logo":{"@type":"ImageObject","inLanguage":"lv-LV","@id":"https:\/\/testimine.kliimapluss.ee\/#\/schema\/logo\/image\/","url":"","contentUrl":"","caption":"Romadini O\u00dc"},"image":{"@id":"https:\/\/testimine.kliimapluss.ee\/#\/schema\/logo\/image\/"},"sameAs":["https:\/\/www.facebook.com\/cooperandhunter.est"]}]}},"_links":{"self":[{"href":"https:\/\/testimine.kliimapluss.ee\/lv\/wp-json\/wp\/v2\/product\/11278","targetHints":{"allow":["GET"]}}],"collection":[{"href":"https:\/\/testimine.kliimapluss.ee\/lv\/wp-json\/wp\/v2\/product"}],"about":[{"href":"https:\/\/testimine.kliimapluss.ee\/lv\/wp-json\/wp\/v2\/types\/product"}],"replies":[{"embeddable":true,"href":"https:\/\/testimine.kliimapluss.ee\/lv\/wp-json\/wp\/v2\/comments?post=11278"}],"wp:featuredmedia":[{"embeddable":true,"href":"https:\/\/testimine.kliimapluss.ee\/lv\/wp-json\/wp\/v2\/media\/9046"}],"wp:attachment":[{"href":"https:\/\/testimine.kliimapluss.ee\/lv\/wp-json\/wp\/v2\/media?parent=11278"}],"wp:term":[{"taxonomy":"product_cat","embeddable":true,"href":"https:\/\/testimine.kliimapluss.ee\/lv\/wp-json\/wp\/v2\/product_cat?post=11278"},{"taxonomy":"product_tag","embeddable":true,"href":"https:\/\/testimine.kliimapluss.ee\/lv\/wp-json\/wp\/v2\/product_tag?post=11278"}],"curies":[{"name":"wp","href":"https:\/\/api.w.org\/{rel}","templated":true}]}}