{"id":11281,"date":"2024-04-09T20:24:25","date_gmt":"2024-05-01T20:19:27","guid":{"rendered":"https:\/\/testimine.kliimapluss.ee\/?post_type=product&#038;p=11281"},"modified":"2024-05-01T23:19:28","modified_gmt":"2024-05-01T20:19:28","slug":"vivax-y-design-12","status":"publish","type":"product","link":"https:\/\/testimine.kliimapluss.ee\/lv\/toode\/vivax-y-design-12\/","title":{"rendered":"VIVAX Y DESIGN 12"},"content":{"rendered":"<p><span>VIVAX Y Design siltums\u016bknis silda un atdzes\u0113 ekstrem\u0101los laikapst\u0101k\u013cos.<\/span><\/p>\n<p><span>Nep\u0101rtraukta darb\u012bba sild\u012b\u0161anai un dzes\u0113\u0161anai temperat\u016br\u0101 l\u012bdz -32\u00b0C.<\/span><\/p>\n<p><span>Ier\u012bces nomin\u0101l\u0101 sild\u012b\u0161anas jauda pie -15\u00b0C.<\/span><\/p>\n<p><span>Siltums\u016bknis ir apr\u012bkots ar &#8220;Smart Eye&#8221; kust\u012bbu sensoru, kas regul\u0113 izp\u016bst\u0101 gaisa intensit\u0101ti atkar\u012bb\u0101 no cilv\u0113ku skaita telp\u0101 un izv\u0113l\u0113taj\u0101m v\u0113lm\u0113m. Smart Eye ir inovat\u012bvs risin\u0101jums, kas padara dz\u012bvi \u0113rt\u0101ku un samazina apkures un dzes\u0113\u0161anas izmaksas. Ja esat prom 30 min\u016btes, ier\u012bce autom\u0101tiski samazin\u0101s gaisa pl\u016bsmu, lai taup\u012btu ener\u0123iju, atgrie\u017eoties telp\u0101, gaisa pl\u016bsma autom\u0101tiski p\u0101rsl\u0113gsies uz iepriek\u0161\u0113jo l\u012bmeni. Ier\u012bci var \u0113rti vad\u012bt no viedt\u0101lru\u0146a, no jebkuras vietas pasaul\u0113. \u0100ra bloka siltummai\u0146a pretkorozijas aizsardz\u012bba aizsarg\u0101 pret nelabv\u0113l\u012bgiem laikapst\u0101k\u013ciem un pagarina iek\u0101rtas kalpo\u0161anas laiku. Iek\u0161telpu bloka siltummai\u0146a papildu \u017e\u0101v\u0113\u0161anas funkcija p\u0113c iek\u0101rtas darb\u012bbas beig\u0101m nodro\u0161ina vesel\u012bgu mikroklimatu telp\u0101 un nov\u0113r\u0161 patog\u0113no bakt\u0113riju veido\u0161anos.<\/span><\/p>\n","protected":false},"excerpt":{"rendered":"<h2><span>SILTUMS\u016aKNIS<\/span><\/h2>\n<ul>\n<li>\n<h3><span>SCOP 5.3 A +++<\/span><\/h3>\n<\/li>\n<li>\n<h3><span>SEER 9.2 A+++<\/span><\/h3>\n<\/li>\n<li>\n<h3><span>DZES\u0112\u0160ANA 3,5 kW<\/span><\/h3>\n<\/li>\n<li>\n<h3><span>APKURE 4,2 kW<\/span><\/h3>\n<\/li>\n<li>\n<h3><span>APKUREI l\u012bdz 90 m\u00b2<\/span><\/h3>\n<\/li>\n<li>\n<h3><span>DZES\u0112\u0160ANAI l\u012bdz 60 m\u00b2<\/span><\/h3>\n<\/li>\n<li>\n<h3><span>Dzes\u0113\u0161anas temperat\u016bras diapazons: -32\u00b0C \u2013 +50\u00b0C<\/span><\/h3>\n<\/li>\n<li>\n<h3><span>Apkures temperat\u016bras diapazons: -32\u00b0C \u2013 +50\u00b0C<\/span><\/h3>\n<\/li>\n<li>\n<h3><span>Kluss darbs<\/span><\/h3>\n<\/li>\n<li>\n<h3><span>Pa\u0161att\u012br\u012b\u0161an\u0101s funkcija<\/span><\/h3>\n<\/li>\n<li>\n<h3><span>ECO re\u017e\u012bms ietaupa ener\u0123iju<\/span><\/h3>\n<\/li>\n<li>\n<h3><span>Smart Eye kust\u012bbas sensors<\/span><\/h3>\n<\/li>\n<li>\n<h3><span>Wifi ieb\u016bv\u0113ts<\/span><\/h3>\n<\/li>\n<li>\n<h3><span>5 gadu garantija<\/span><\/h3>\n<\/li>\n<\/ul>\n","protected":false},"featured_media":11074,"comment_status":"closed","ping_status":"closed","template":"","meta":{"_acf_changed":false},"product_cat":[3037],"product_tag":[],"class_list":{"0":"post-11281","1":"product","2":"type-product","3":"status-publish","4":"has-post-thumbnail","6":"product_cat-gaisa-siltumsukni","7":"product_brand-vivax","9":"first","10":"instock","11":"taxable","12":"shipping-taxable","13":"purchasable","14":"product-type-simple"},"acf":[],"yoast_head":"<!-- This site is optimized with the Yoast SEO plugin v21.9 - https:\/\/yoast.com\/wordpress\/plugins\/seo\/ -->\n<title>VIVAX Y DESIGN 12 - Siltums\u016bk\u0146i<\/title>\n<meta name=\"robots\" content=\"noindex, follow, max-snippet:-1, max-image-preview:large, max-video-preview:-1\" \/>\n<meta property=\"og:locale\" content=\"lv_LV\" \/>\n<meta property=\"og:type\" content=\"article\" \/>\n<meta property=\"og:title\" content=\"VIVAX Y DESIGN 12 - Siltums\u016bk\u0146i\" \/>\n<meta property=\"og:description\" content=\"SILTUMS\u016aKNIS    SCOP 5.3 A +++    SEER 9.2 A+++    DZES\u0112\u0160ANA 3,5 kW    APKURE 4,2 kW    APKUREI l\u012bdz 90 m\u00b2    DZES\u0112\u0160ANAI l\u012bdz 60 m\u00b2    Dzes\u0113\u0161anas temperat\u016bras diapazons: -32\u00b0C \u2013 +50\u00b0C    Apkures temperat\u016bras diapazons: -32\u00b0C \u2013 +50\u00b0C    Kluss darbs    Pa\u0161att\u012br\u012b\u0161an\u0101s funkcija    ECO re\u017e\u012bms ietaupa ener\u0123iju    Smart Eye kust\u012bbas sensors    Wifi ieb\u016bv\u0113ts    5 gadu garantija\" \/>\n<meta property=\"og:url\" content=\"https:\/\/testimine.kliimapluss.ee\/lv\/toode\/vivax-y-design-12\/\" \/>\n<meta property=\"og:site_name\" content=\"Siltums\u016bk\u0146i\" \/>\n<meta property=\"article:publisher\" content=\"https:\/\/www.facebook.com\/cooperandhunter.est\" \/>\n<meta property=\"article:modified_time\" content=\"2024-05-01T20:19:28+00:00\" \/>\n<meta property=\"og:image\" content=\"https:\/\/testimine.kliimapluss.ee\/wp-content\/uploads\/2024\/04\/vivax-y-design-12-32c-scaled.jpg\" \/>\n\t<meta property=\"og:image:width\" content=\"2560\" \/>\n\t<meta property=\"og:image:height\" content=\"2560\" \/>\n\t<meta property=\"og:image:type\" content=\"image\/jpeg\" \/>\n<meta name=\"twitter:card\" content=\"summary_large_image\" \/>\n<meta name=\"twitter:label1\" content=\"Est. reading time\" \/>\n\t<meta name=\"twitter:data1\" content=\"1 minute\" \/>\n<script type=\"application\/ld+json\" class=\"yoast-schema-graph\">{\"@context\":\"https:\/\/schema.org\",\"@graph\":[{\"@type\":\"WebPage\",\"@id\":\"https:\/\/testimine.kliimapluss.ee\/lv\/toode\/vivax-y-design-12\/\",\"url\":\"https:\/\/testimine.kliimapluss.ee\/lv\/toode\/vivax-y-design-12\/\",\"name\":\"VIVAX Y DESIGN 12 - Siltums\u016bk\u0146i\",\"isPartOf\":{\"@id\":\"https:\/\/testimine.kliimapluss.ee\/#website\"},\"datePublished\":\"2024-05-01T20:19:27+00:00\",\"dateModified\":\"2024-05-01T20:19:28+00:00\",\"breadcrumb\":{\"@id\":\"https:\/\/testimine.kliimapluss.ee\/lv\/toode\/vivax-y-design-12\/#breadcrumb\"},\"inLanguage\":\"lv-LV\",\"potentialAction\":[{\"@type\":\"ReadAction\",\"target\":[\"https:\/\/testimine.kliimapluss.ee\/lv\/toode\/vivax-y-design-12\/\"]}]},{\"@type\":\"BreadcrumbList\",\"@id\":\"https:\/\/testimine.kliimapluss.ee\/lv\/toode\/vivax-y-design-12\/#breadcrumb\",\"itemListElement\":[{\"@type\":\"ListItem\",\"position\":1,\"name\":\"C&amp;H\",\"item\":\"https:\/\/testimine.kliimapluss.ee\/lv\/\"},{\"@type\":\"ListItem\",\"position\":2,\"name\":\"Veikals\",\"item\":\"https:\/\/testimine.kliimapluss.ee\/lv\/veikals\/\"},{\"@type\":\"ListItem\",\"position\":3,\"name\":\"VIVAX Y DESIGN 12\"}]},{\"@type\":\"WebSite\",\"@id\":\"https:\/\/testimine.kliimapluss.ee\/#website\",\"url\":\"https:\/\/testimine.kliimapluss.ee\/\",\"name\":\"Soojuspumbad\",\"description\":\"Siltums\u016bk\u0146i un gaisa kondicionieri\",\"publisher\":{\"@id\":\"https:\/\/testimine.kliimapluss.ee\/#organization\"},\"alternateName\":\"Soojuspumpade e-pood\",\"potentialAction\":[{\"@type\":\"SearchAction\",\"target\":{\"@type\":\"EntryPoint\",\"urlTemplate\":\"https:\/\/testimine.kliimapluss.ee\/?s={search_term_string}\"},\"query-input\":\"required name=search_term_string\"}],\"inLanguage\":\"lv-LV\"},{\"@type\":\"Organization\",\"@id\":\"https:\/\/testimine.kliimapluss.ee\/#organization\",\"name\":\"Romadini O\u00dc\",\"alternateName\":\"Soojuspumpade e-pood\",\"url\":\"https:\/\/testimine.kliimapluss.ee\/\",\"logo\":{\"@type\":\"ImageObject\",\"inLanguage\":\"lv-LV\",\"@id\":\"https:\/\/testimine.kliimapluss.ee\/#\/schema\/logo\/image\/\",\"url\":\"\",\"contentUrl\":\"\",\"caption\":\"Romadini O\u00dc\"},\"image\":{\"@id\":\"https:\/\/testimine.kliimapluss.ee\/#\/schema\/logo\/image\/\"},\"sameAs\":[\"https:\/\/www.facebook.com\/cooperandhunter.est\"]}]}<\/script>\n<!-- \/ Yoast SEO plugin. -->","yoast_head_json":{"title":"VIVAX Y DESIGN 12 - Siltums\u016bk\u0146i","robots":{"index":"noindex","follow":"follow","max-snippet":"max-snippet:-1","max-image-preview":"max-image-preview:large","max-video-preview":"max-video-preview:-1"},"og_locale":"lv_LV","og_type":"article","og_title":"VIVAX Y DESIGN 12 - Siltums\u016bk\u0146i","og_description":"SILTUMS\u016aKNIS    SCOP 5.3 A +++    SEER 9.2 A+++    DZES\u0112\u0160ANA 3,5 kW    APKURE 4,2 kW    APKUREI l\u012bdz 90 m\u00b2    DZES\u0112\u0160ANAI l\u012bdz 60 m\u00b2    Dzes\u0113\u0161anas temperat\u016bras diapazons: -32\u00b0C \u2013 +50\u00b0C    Apkures temperat\u016bras diapazons: -32\u00b0C \u2013 +50\u00b0C    Kluss darbs    Pa\u0161att\u012br\u012b\u0161an\u0101s funkcija    ECO re\u017e\u012bms ietaupa ener\u0123iju    Smart Eye kust\u012bbas sensors    Wifi ieb\u016bv\u0113ts    5 gadu garantija","og_url":"https:\/\/testimine.kliimapluss.ee\/lv\/toode\/vivax-y-design-12\/","og_site_name":"Siltums\u016bk\u0146i","article_publisher":"https:\/\/www.facebook.com\/cooperandhunter.est","article_modified_time":"2024-05-01T20:19:28+00:00","og_image":[{"width":2560,"height":2560,"url":"https:\/\/testimine.kliimapluss.ee\/wp-content\/uploads\/2024\/04\/vivax-y-design-12-32c-scaled.jpg","type":"image\/jpeg"}],"twitter_card":"summary_large_image","twitter_misc":{"Est. reading time":"1 minute"},"schema":{"@context":"https:\/\/schema.org","@graph":[{"@type":"WebPage","@id":"https:\/\/testimine.kliimapluss.ee\/lv\/toode\/vivax-y-design-12\/","url":"https:\/\/testimine.kliimapluss.ee\/lv\/toode\/vivax-y-design-12\/","name":"VIVAX Y DESIGN 12 - Siltums\u016bk\u0146i","isPartOf":{"@id":"https:\/\/testimine.kliimapluss.ee\/#website"},"datePublished":"2024-05-01T20:19:27+00:00","dateModified":"2024-05-01T20:19:28+00:00","breadcrumb":{"@id":"https:\/\/testimine.kliimapluss.ee\/lv\/toode\/vivax-y-design-12\/#breadcrumb"},"inLanguage":"lv-LV","potentialAction":[{"@type":"ReadAction","target":["https:\/\/testimine.kliimapluss.ee\/lv\/toode\/vivax-y-design-12\/"]}]},{"@type":"BreadcrumbList","@id":"https:\/\/testimine.kliimapluss.ee\/lv\/toode\/vivax-y-design-12\/#breadcrumb","itemListElement":[{"@type":"ListItem","position":1,"name":"C&amp;H","item":"https:\/\/testimine.kliimapluss.ee\/lv\/"},{"@type":"ListItem","position":2,"name":"Veikals","item":"https:\/\/testimine.kliimapluss.ee\/lv\/veikals\/"},{"@type":"ListItem","position":3,"name":"VIVAX Y DESIGN 12"}]},{"@type":"WebSite","@id":"https:\/\/testimine.kliimapluss.ee\/#website","url":"https:\/\/testimine.kliimapluss.ee\/","name":"Soojuspumbad","description":"Siltums\u016bk\u0146i un gaisa kondicionieri","publisher":{"@id":"https:\/\/testimine.kliimapluss.ee\/#organization"},"alternateName":"Soojuspumpade e-pood","potentialAction":[{"@type":"SearchAction","target":{"@type":"EntryPoint","urlTemplate":"https:\/\/testimine.kliimapluss.ee\/?s={search_term_string}"},"query-input":"required name=search_term_string"}],"inLanguage":"lv-LV"},{"@type":"Organization","@id":"https:\/\/testimine.kliimapluss.ee\/#organization","name":"Romadini O\u00dc","alternateName":"Soojuspumpade e-pood","url":"https:\/\/testimine.kliimapluss.ee\/","logo":{"@type":"ImageObject","inLanguage":"lv-LV","@id":"https:\/\/testimine.kliimapluss.ee\/#\/schema\/logo\/image\/","url":"","contentUrl":"","caption":"Romadini O\u00dc"},"image":{"@id":"https:\/\/testimine.kliimapluss.ee\/#\/schema\/logo\/image\/"},"sameAs":["https:\/\/www.facebook.com\/cooperandhunter.est"]}]}},"_links":{"self":[{"href":"https:\/\/testimine.kliimapluss.ee\/lv\/wp-json\/wp\/v2\/product\/11281","targetHints":{"allow":["GET"]}}],"collection":[{"href":"https:\/\/testimine.kliimapluss.ee\/lv\/wp-json\/wp\/v2\/product"}],"about":[{"href":"https:\/\/testimine.kliimapluss.ee\/lv\/wp-json\/wp\/v2\/types\/product"}],"replies":[{"embeddable":true,"href":"https:\/\/testimine.kliimapluss.ee\/lv\/wp-json\/wp\/v2\/comments?post=11281"}],"wp:featuredmedia":[{"embeddable":true,"href":"https:\/\/testimine.kliimapluss.ee\/lv\/wp-json\/wp\/v2\/media\/11074"}],"wp:attachment":[{"href":"https:\/\/testimine.kliimapluss.ee\/lv\/wp-json\/wp\/v2\/media?parent=11281"}],"wp:term":[{"taxonomy":"product_cat","embeddable":true,"href":"https:\/\/testimine.kliimapluss.ee\/lv\/wp-json\/wp\/v2\/product_cat?post=11281"},{"taxonomy":"product_tag","embeddable":true,"href":"https:\/\/testimine.kliimapluss.ee\/lv\/wp-json\/wp\/v2\/product_tag?post=11281"}],"curies":[{"name":"wp","href":"https:\/\/api.w.org\/{rel}","templated":true}]}}