{"id":11284,"date":"2023-10-08T19:42:06","date_gmt":"2024-05-01T20:53:29","guid":{"rendered":"https:\/\/testimine.kliimapluss.ee\/?post_type=product&#038;p=11284"},"modified":"2024-05-01T23:53:54","modified_gmt":"2024-05-01T20:53:54","slug":"11284","status":"publish","type":"product","link":"https:\/\/testimine.kliimapluss.ee\/lv\/toode\/11284\/","title":{"rendered":"UNITERM 4 HP12"},"content":{"rendered":"<p>Siltums\u016bknis UNITHERM 4 HP12 apkurei, dzes\u0113\u0161anai un \u016bdens sild\u012b\u0161anai.<\/p>\n<p>Piem\u0113rots telpu un \u0113ku apkurei un dzes\u0113\u0161anai. Izmantojot videi draudz\u012bgu R32 aukstumnes\u0113ju, jaunais sadz\u012bves tehnikas kl\u0101sts nodro\u0161ina lietot\u0101jiem maksim\u0101lu komfortu m\u0101j\u0101s, vienlaikus saudz\u0113jot vidi.<\/p>\n<p>UNITHERM 4 siltums\u016bknis ir viens no l\u0113t\u0101kajiem siltums\u016bk\u0146iem. To var izmantot gan apkurei, gan dzes\u0113\u0161anai. To var izmantot ar\u012b da\u017e\u0101du telpu apsild\u012b\u0161anai. Darbojas p\u0113c gaiss-\u016bdens principa. Siltums\u016bknis var darboties \u0101rpus telp\u0101m temperat\u016br\u0101 l\u012bdz -20 gr\u0101diem. Ieb\u016bv\u0113tais invertora tipa kompresors var iev\u0113rojami samazin\u0101t ener\u0123ijas pat\u0113ri\u0146u un padar\u012bt darb\u012bbu praktiski klusu. S\u016bknis darbojas ar\u012b pla\u0161\u0101 sprieguma diapazon\u0101 no 160-260 V. Autom\u0101tisk\u0101s restart\u0113\u0161anas un taimera funkcijas \u013cauj siltums\u016bknim darboties piln\u012bgi autonomi.<\/p>\n<p>\u0160\u0101da siltums\u016bk\u0146a uzst\u0101d\u012b\u0161ana ir daudz l\u0113t\u0101ka. B\u016btiska Cooper&amp;Hunter siltums\u016bk\u0146a priek\u0161roc\u012bba ir iek\u0161\u0113jais \u016bdens modulis. Tas iev\u0113rojami samazina sist\u0113mas izmaksas, uzst\u0101d\u012b\u0161ana ir vienk\u0101r\u0161\u0101ka, \u0101tr\u0101ka un l\u0113t\u0101ka. Ir zin\u0101ms, ka siltums\u016bk\u0146a uzst\u0101d\u012b\u0161anas cena parasti ir aptuveni vien\u0101da ar ier\u012bces izmaks\u0101m. Ar UNITERM 4 no Cooper&amp;Hunter situ\u0101cija ir at\u0161\u0137ir\u012bga.<\/p>\n<p>\u016adens uzsild\u012b\u0161ana l\u012bdz +55\u00b0C l\u012bdz \u0101ra gaisa temperat\u016brai -20\u00b0C, neiesl\u0113dzot sildelementus.<br \/>\nPla\u0161s darba temperat\u016bras diapazons no -25\u00b0C l\u012bdz +48\u00b0C.<br \/>\nDivpak\u0101pju rot\u0113jo\u0161ais kompresors<br \/>\nEnergoefektivit\u0101tes klase A++<br \/>\nT\u0101lvad\u012bbas pults BMS<br \/>\nAlfa Laval pl\u0101k\u0161\u0146u siltummainis<br \/>\nWilo gaisvadu cirkul\u0101cijas s\u016bknis<br \/>\nKarst\u0101 \u016bdens ra\u017eo\u0161ana l\u012bdz +80\u00b0C<br \/>\nBlue Fin v\u0101ks. \u0100ra bloka siltummainis ir apr\u012bkots ar pretkorozijas p\u0101rkl\u0101jumu, kas pagarina t\u0101 kalpo\u0161anas laiku.<br \/>\nApzelt\u012btas kondensatora spuras. Spur\u0101m ar pretkorozijas zelta p\u0101rkl\u0101jumu ir 3 reizes ilg\u0101ks kalpo\u0161anas laiks nek\u0101 parastaj\u0101m.<br \/>\nEner\u0123ijas taup\u012b\u0161anas funkcija. Kad \u0161\u012b funkcija ir aktiviz\u0113ta, temperat\u016bras iestat\u012bjumi ir ierobe\u017eoti, lai taup\u012btu ener\u0123iju.<br \/>\n\u0112rts nakts re\u017e\u012bms. Izmantojot \u0161o opciju, lietot\u0101js var iev\u0113rojami samazin\u0101t trok\u0161\u0146a l\u012bmeni miega laik\u0101, p\u0101rsl\u0113dzot ventilatoru uz zemu \u0101trumu.<br \/>\nKlusa funkcija. Ier\u012bce darbojas klus\u0101k, pateicoties samazin\u0101tam ventilatora \u0101trumam un autom\u0101tiskiem iestat\u012bjumiem.<br \/>\nWi-Fi funkcija<\/p>\n<p>Unitherm 4 HP12 no\u00a0<a href=\"https:\/\/cooperandhunter.ee\/ru\/\">COOPER&amp;HUNTER<\/a>\u00a0ir j\u016bsu uzticamais pal\u012bgs karst\u0101 \u016bdens sild\u012b\u0161an\u0101!<\/p>\n","protected":false},"excerpt":{"rendered":"<p>Gaiss-\u016bdens siltums\u016bknis ar apkures jaudu 6 kW. \u016adens uzsild\u012b\u0161ana l\u012bdz +55\u00b0C l\u012bdz \u0101ra gaisa temperat\u016brai -20\u00b0C, neiesl\u0113dzot sildelementus. Darba temperat\u016bras diapazons no -25\u00b0\u0421 l\u012bdz +48\u00b0\u0421<\/p>\n","protected":false},"featured_media":8988,"comment_status":"closed","ping_status":"closed","template":"","meta":{"_acf_changed":false},"product_cat":[3038],"product_tag":[],"class_list":{"0":"post-11284","1":"product","2":"type-product","3":"status-publish","4":"has-post-thumbnail","6":"product_cat-gaiss-udens-siltumsukni","7":"product_brand-cooper-hunter","9":"first","10":"instock","11":"taxable","12":"shipping-taxable","13":"purchasable","14":"product-type-simple"},"acf":[],"yoast_head":"<!-- This site is optimized with the Yoast SEO plugin v21.9 - https:\/\/yoast.com\/wordpress\/plugins\/seo\/ -->\n<title>UNITERM 4 HP12 - Siltums\u016bk\u0146i<\/title>\n<meta name=\"robots\" content=\"noindex, follow, max-snippet:-1, max-image-preview:large, max-video-preview:-1\" \/>\n<meta property=\"og:locale\" content=\"lv_LV\" \/>\n<meta property=\"og:type\" content=\"article\" \/>\n<meta property=\"og:title\" content=\"UNITERM 4 HP12 - Siltums\u016bk\u0146i\" \/>\n<meta property=\"og:description\" content=\"Gaiss-\u016bdens siltums\u016bknis ar apkures jaudu 6 kW. \u016adens uzsild\u012b\u0161ana l\u012bdz +55\u00b0C l\u012bdz \u0101ra gaisa temperat\u016brai -20\u00b0C, neiesl\u0113dzot sildelementus. Darba temperat\u016bras diapazons no -25\u00b0\u0421 l\u012bdz +48\u00b0\u0421\" \/>\n<meta property=\"og:url\" content=\"https:\/\/testimine.kliimapluss.ee\/lv\/toode\/11284\/\" \/>\n<meta property=\"og:site_name\" content=\"Siltums\u016bk\u0146i\" \/>\n<meta property=\"article:publisher\" content=\"https:\/\/www.facebook.com\/cooperandhunter.est\" \/>\n<meta property=\"article:modified_time\" content=\"2024-05-01T20:53:54+00:00\" \/>\n<meta property=\"og:image\" content=\"https:\/\/testimine.kliimapluss.ee\/wp-content\/uploads\/2023\/10\/unitherm-4-complect-1.jpg\" \/>\n\t<meta property=\"og:image:width\" content=\"800\" \/>\n\t<meta property=\"og:image:height\" content=\"800\" \/>\n\t<meta property=\"og:image:type\" content=\"image\/jpeg\" \/>\n<meta name=\"twitter:card\" content=\"summary_large_image\" \/>\n<meta name=\"twitter:label1\" content=\"Est. reading time\" \/>\n\t<meta name=\"twitter:data1\" content=\"2 minutes\" \/>\n<script type=\"application\/ld+json\" class=\"yoast-schema-graph\">{\"@context\":\"https:\/\/schema.org\",\"@graph\":[{\"@type\":\"WebPage\",\"@id\":\"https:\/\/testimine.kliimapluss.ee\/lv\/toode\/11284\/\",\"url\":\"https:\/\/testimine.kliimapluss.ee\/lv\/toode\/11284\/\",\"name\":\"UNITERM 4 HP12 - Siltums\u016bk\u0146i\",\"isPartOf\":{\"@id\":\"https:\/\/testimine.kliimapluss.ee\/#website\"},\"datePublished\":\"2024-05-01T20:53:29+00:00\",\"dateModified\":\"2024-05-01T20:53:54+00:00\",\"breadcrumb\":{\"@id\":\"https:\/\/testimine.kliimapluss.ee\/lv\/toode\/11284\/#breadcrumb\"},\"inLanguage\":\"lv-LV\",\"potentialAction\":[{\"@type\":\"ReadAction\",\"target\":[\"https:\/\/testimine.kliimapluss.ee\/lv\/toode\/11284\/\"]}]},{\"@type\":\"BreadcrumbList\",\"@id\":\"https:\/\/testimine.kliimapluss.ee\/lv\/toode\/11284\/#breadcrumb\",\"itemListElement\":[{\"@type\":\"ListItem\",\"position\":1,\"name\":\"C&amp;H\",\"item\":\"https:\/\/testimine.kliimapluss.ee\/lv\/\"},{\"@type\":\"ListItem\",\"position\":2,\"name\":\"Veikals\",\"item\":\"https:\/\/testimine.kliimapluss.ee\/lv\/veikals\/\"},{\"@type\":\"ListItem\",\"position\":3,\"name\":\"UNITERM 4 HP12\"}]},{\"@type\":\"WebSite\",\"@id\":\"https:\/\/testimine.kliimapluss.ee\/#website\",\"url\":\"https:\/\/testimine.kliimapluss.ee\/\",\"name\":\"Soojuspumbad\",\"description\":\"Siltums\u016bk\u0146i un gaisa kondicionieri\",\"publisher\":{\"@id\":\"https:\/\/testimine.kliimapluss.ee\/#organization\"},\"alternateName\":\"Soojuspumpade e-pood\",\"potentialAction\":[{\"@type\":\"SearchAction\",\"target\":{\"@type\":\"EntryPoint\",\"urlTemplate\":\"https:\/\/testimine.kliimapluss.ee\/?s={search_term_string}\"},\"query-input\":\"required name=search_term_string\"}],\"inLanguage\":\"lv-LV\"},{\"@type\":\"Organization\",\"@id\":\"https:\/\/testimine.kliimapluss.ee\/#organization\",\"name\":\"Romadini O\u00dc\",\"alternateName\":\"Soojuspumpade e-pood\",\"url\":\"https:\/\/testimine.kliimapluss.ee\/\",\"logo\":{\"@type\":\"ImageObject\",\"inLanguage\":\"lv-LV\",\"@id\":\"https:\/\/testimine.kliimapluss.ee\/#\/schema\/logo\/image\/\",\"url\":\"\",\"contentUrl\":\"\",\"caption\":\"Romadini O\u00dc\"},\"image\":{\"@id\":\"https:\/\/testimine.kliimapluss.ee\/#\/schema\/logo\/image\/\"},\"sameAs\":[\"https:\/\/www.facebook.com\/cooperandhunter.est\"]}]}<\/script>\n<!-- \/ Yoast SEO plugin. -->","yoast_head_json":{"title":"UNITERM 4 HP12 - Siltums\u016bk\u0146i","robots":{"index":"noindex","follow":"follow","max-snippet":"max-snippet:-1","max-image-preview":"max-image-preview:large","max-video-preview":"max-video-preview:-1"},"og_locale":"lv_LV","og_type":"article","og_title":"UNITERM 4 HP12 - Siltums\u016bk\u0146i","og_description":"Gaiss-\u016bdens siltums\u016bknis ar apkures jaudu 6 kW. \u016adens uzsild\u012b\u0161ana l\u012bdz +55\u00b0C l\u012bdz \u0101ra gaisa temperat\u016brai -20\u00b0C, neiesl\u0113dzot sildelementus. Darba temperat\u016bras diapazons no -25\u00b0\u0421 l\u012bdz +48\u00b0\u0421","og_url":"https:\/\/testimine.kliimapluss.ee\/lv\/toode\/11284\/","og_site_name":"Siltums\u016bk\u0146i","article_publisher":"https:\/\/www.facebook.com\/cooperandhunter.est","article_modified_time":"2024-05-01T20:53:54+00:00","og_image":[{"width":800,"height":800,"url":"https:\/\/testimine.kliimapluss.ee\/wp-content\/uploads\/2023\/10\/unitherm-4-complect-1.jpg","type":"image\/jpeg"}],"twitter_card":"summary_large_image","twitter_misc":{"Est. reading time":"2 minutes"},"schema":{"@context":"https:\/\/schema.org","@graph":[{"@type":"WebPage","@id":"https:\/\/testimine.kliimapluss.ee\/lv\/toode\/11284\/","url":"https:\/\/testimine.kliimapluss.ee\/lv\/toode\/11284\/","name":"UNITERM 4 HP12 - Siltums\u016bk\u0146i","isPartOf":{"@id":"https:\/\/testimine.kliimapluss.ee\/#website"},"datePublished":"2024-05-01T20:53:29+00:00","dateModified":"2024-05-01T20:53:54+00:00","breadcrumb":{"@id":"https:\/\/testimine.kliimapluss.ee\/lv\/toode\/11284\/#breadcrumb"},"inLanguage":"lv-LV","potentialAction":[{"@type":"ReadAction","target":["https:\/\/testimine.kliimapluss.ee\/lv\/toode\/11284\/"]}]},{"@type":"BreadcrumbList","@id":"https:\/\/testimine.kliimapluss.ee\/lv\/toode\/11284\/#breadcrumb","itemListElement":[{"@type":"ListItem","position":1,"name":"C&amp;H","item":"https:\/\/testimine.kliimapluss.ee\/lv\/"},{"@type":"ListItem","position":2,"name":"Veikals","item":"https:\/\/testimine.kliimapluss.ee\/lv\/veikals\/"},{"@type":"ListItem","position":3,"name":"UNITERM 4 HP12"}]},{"@type":"WebSite","@id":"https:\/\/testimine.kliimapluss.ee\/#website","url":"https:\/\/testimine.kliimapluss.ee\/","name":"Soojuspumbad","description":"Siltums\u016bk\u0146i un gaisa kondicionieri","publisher":{"@id":"https:\/\/testimine.kliimapluss.ee\/#organization"},"alternateName":"Soojuspumpade e-pood","potentialAction":[{"@type":"SearchAction","target":{"@type":"EntryPoint","urlTemplate":"https:\/\/testimine.kliimapluss.ee\/?s={search_term_string}"},"query-input":"required name=search_term_string"}],"inLanguage":"lv-LV"},{"@type":"Organization","@id":"https:\/\/testimine.kliimapluss.ee\/#organization","name":"Romadini O\u00dc","alternateName":"Soojuspumpade e-pood","url":"https:\/\/testimine.kliimapluss.ee\/","logo":{"@type":"ImageObject","inLanguage":"lv-LV","@id":"https:\/\/testimine.kliimapluss.ee\/#\/schema\/logo\/image\/","url":"","contentUrl":"","caption":"Romadini O\u00dc"},"image":{"@id":"https:\/\/testimine.kliimapluss.ee\/#\/schema\/logo\/image\/"},"sameAs":["https:\/\/www.facebook.com\/cooperandhunter.est"]}]}},"_links":{"self":[{"href":"https:\/\/testimine.kliimapluss.ee\/lv\/wp-json\/wp\/v2\/product\/11284","targetHints":{"allow":["GET"]}}],"collection":[{"href":"https:\/\/testimine.kliimapluss.ee\/lv\/wp-json\/wp\/v2\/product"}],"about":[{"href":"https:\/\/testimine.kliimapluss.ee\/lv\/wp-json\/wp\/v2\/types\/product"}],"replies":[{"embeddable":true,"href":"https:\/\/testimine.kliimapluss.ee\/lv\/wp-json\/wp\/v2\/comments?post=11284"}],"wp:featuredmedia":[{"embeddable":true,"href":"https:\/\/testimine.kliimapluss.ee\/lv\/wp-json\/wp\/v2\/media\/8988"}],"wp:attachment":[{"href":"https:\/\/testimine.kliimapluss.ee\/lv\/wp-json\/wp\/v2\/media?parent=11284"}],"wp:term":[{"taxonomy":"product_cat","embeddable":true,"href":"https:\/\/testimine.kliimapluss.ee\/lv\/wp-json\/wp\/v2\/product_cat?post=11284"},{"taxonomy":"product_tag","embeddable":true,"href":"https:\/\/testimine.kliimapluss.ee\/lv\/wp-json\/wp\/v2\/product_tag?post=11284"}],"curies":[{"name":"wp","href":"https:\/\/api.w.org\/{rel}","templated":true}]}}