{"id":11286,"date":"2023-03-23T23:46:30","date_gmt":"2024-05-01T20:57:23","guid":{"rendered":"https:\/\/testimine.kliimapluss.ee\/?post_type=product&#038;p=11286"},"modified":"2024-05-02T00:03:48","modified_gmt":"2024-05-01T21:03:48","slug":"ecopower-15kw-soojuspump","status":"publish","type":"product","link":"https:\/\/testimine.kliimapluss.ee\/lv\/toode\/ecopower-15kw-soojuspump\/","title":{"rendered":"ECOPOWER 15KW siltums\u016bknis"},"content":{"rendered":"<p>\u00d5hk-vesi soojuspump ECOPOWER 15KW. CH-HP15UIMPZM<\/p>\n<ul>\n<li>R290 \u2013 keskkonnas\u00f5bralik k\u00fclmutusagens.\u00a0GWP = 3<\/li>\n<li>SCOP (+35 \u00b0 C) = 5,15 15 kW puhul<\/li>\n<li>V\u00e4ga vaikne t\u00f6\u00f6.\u00a0Ainult 44 dB (A) 15 kW kohta<\/li>\n<li>Korpus on valmistatud kvaliteetsest ABS-st ja on v\u00e4ga korrosioonikindel, mis tagab pika kasutusea.<\/li>\n<li>A +++ energiaklass<\/li>\n<li>Maksimaalne pealevoolu temperatuur kuni +75 \u00b0C<\/li>\n<li>Soojuspumba kaugj\u00e4lgimine ja juhtimine l\u00e4bi sisseehitatud DTU (4G) mooduli k\u00e4ib kasutades telefonirakendust. SIM-kaart on juba tehases integreeritud ja tasutud.<\/li>\n<li>Kaugj\u00e4lgimine (veebiplatvorm) \u2013 v\u00f5imaldab j\u00e4lgida k\u00f5ikide paigaldatud soojuspumpade olekut kliendi kaupa, n\u00e4ha vigu, temperatuure, t\u00f6\u00f6graafikuid jne.<\/li>\n<\/ul>\n<p>Modernsus dikteerib uued tehnoloogilised, energias\u00e4\u00e4stlikud tingimused hoonete k\u00fctmiseks ja tarbijatele sooja vee korraldamiseks.<br \/>\nSamas peavad uusimad lahendused vastama k\u00f5igile rahvusvahelistele keskkonnastandarditele.<\/p>\n<p>Uus ECOPOWER soojuspump firmalt COOPER&amp;HUNTER, mis on t\u00e4idetud \u00f6kofreooniga R290, tagab t\u00f5husa vee soojendamise kuni 70\u00b0C k\u00fctteks ja sooja veevarustuseks.<br \/>\nUsaldusv\u00e4\u00e4rsemaks t\u00f6\u00f6ks kasutatakse plaatsoojusvahetit, mille sees on jaotur, mis v\u00f5imaldab igal veekanalil \u00fchesuguse voolu ning v\u00e4hendab k\u00fclmumisohtu.<br \/>\nSisseehitatud voolul\u00fcliti ja tsirkulatsioonipump kaitsevad soojuspumpa usaldusv\u00e4\u00e4rselt ebapiisava veevoolu eest l\u00e4bi soojusvaheti.<\/p>\n<p>ECOPOWERi lai mudelivalik v\u00f5imsusega 3 kW kuni 22 kW k\u00fctteks v\u00f5imaldab omakorda rakendada soojuspumpa v\u00e4ga erinevates hoonetes erinevatel eesm\u00e4rkidel.<\/p>\n","protected":false},"excerpt":{"rendered":"<h2>CH-HP15UIMPZM<\/h2>\n<p><strong>C&amp;H ECOPOWER R290 seadmed on\u00a0<a href=\"https:\/\/cooperandhunter.ee\/catalogue-ee\/heat-pump\/evipower-premium-inverter\/\">EVIPOWER seeria \u201cPremium\u201d<\/a>\u00a0versioonid.\u00a0Nende loomisel kasutati uusimaid soojuspumpades kasutatavaid tehnoloogiaid.\u00a0Need vastavad rangetele t\u00f5hususe, stabiilsuse ja m\u00fcraemissiooni n\u00f5uetele.\u00a0ECOPOWER R290 seeria kasutab k\u00fclmutusagensina R290 freooni (GWP = 3), mis on 30% efektiivsem kui varem kasutatud k\u00fclmutusagens ja lisaks on sellel ka EVI DC INVERTER kompressorid.\u00a0R290 kombinatsioon DC invertertehnoloogiaga v\u00f5imaldab soojuspumbal saavutada kuni +75 kraadise v\u00e4ljalasketemperatuuri.<\/strong><\/p>\n","protected":false},"featured_media":8865,"comment_status":"closed","ping_status":"closed","template":"","meta":{"_acf_changed":false},"product_cat":[3038],"product_tag":[],"class_list":{"0":"post-11286","1":"product","2":"type-product","3":"status-publish","4":"has-post-thumbnail","6":"product_cat-gaiss-udens-siltumsukni","7":"product_brand-cooper-hunter","9":"first","10":"instock","11":"taxable","12":"shipping-taxable","13":"purchasable","14":"product-type-simple"},"acf":[],"yoast_head":"<!-- This site is optimized with the Yoast SEO plugin v21.9 - https:\/\/yoast.com\/wordpress\/plugins\/seo\/ -->\n<title>ECOPOWER 15KW siltums\u016bknis - Siltums\u016bk\u0146i<\/title>\n<meta name=\"robots\" content=\"noindex, follow, max-snippet:-1, max-image-preview:large, max-video-preview:-1\" \/>\n<meta property=\"og:locale\" content=\"lv_LV\" \/>\n<meta property=\"og:type\" content=\"article\" \/>\n<meta property=\"og:title\" content=\"ECOPOWER 15KW siltums\u016bknis - Siltums\u016bk\u0146i\" \/>\n<meta property=\"og:description\" content=\"CH-HP15UIMPZM C&amp;H ECOPOWER R290 seadmed on\u00a0EVIPOWER seeria \u201cPremium\u201d\u00a0versioonid.\u00a0Nende loomisel kasutati uusimaid soojuspumpades kasutatavaid tehnoloogiaid.\u00a0Need vastavad rangetele t\u00f5hususe, stabiilsuse ja m\u00fcraemissiooni n\u00f5uetele.\u00a0ECOPOWER R290 seeria kasutab k\u00fclmutusagensina R290 freooni (GWP = 3), mis on 30% efektiivsem kui varem kasutatud k\u00fclmutusagens ja lisaks on sellel ka EVI DC INVERTER kompressorid.\u00a0R290 kombinatsioon DC invertertehnoloogiaga v\u00f5imaldab soojuspumbal saavutada kuni +75 kraadise v\u00e4ljalasketemperatuuri.\" \/>\n<meta property=\"og:url\" content=\"https:\/\/testimine.kliimapluss.ee\/lv\/toode\/ecopower-15kw-soojuspump\/\" \/>\n<meta property=\"og:site_name\" content=\"Siltums\u016bk\u0146i\" \/>\n<meta property=\"article:publisher\" content=\"https:\/\/www.facebook.com\/cooperandhunter.est\" \/>\n<meta property=\"article:modified_time\" content=\"2024-05-01T21:03:48+00:00\" \/>\n<meta property=\"og:image\" content=\"https:\/\/testimine.kliimapluss.ee\/wp-content\/uploads\/2023\/03\/monoblock-evipower-r32.jpg\" \/>\n\t<meta property=\"og:image:width\" content=\"1600\" \/>\n\t<meta property=\"og:image:height\" content=\"1600\" \/>\n\t<meta property=\"og:image:type\" content=\"image\/jpeg\" \/>\n<meta name=\"twitter:card\" content=\"summary_large_image\" \/>\n<meta name=\"twitter:label1\" content=\"Est. reading time\" \/>\n\t<meta name=\"twitter:data1\" content=\"2 minutes\" \/>\n<script type=\"application\/ld+json\" class=\"yoast-schema-graph\">{\"@context\":\"https:\/\/schema.org\",\"@graph\":[{\"@type\":\"WebPage\",\"@id\":\"https:\/\/testimine.kliimapluss.ee\/lv\/toode\/ecopower-15kw-soojuspump\/\",\"url\":\"https:\/\/testimine.kliimapluss.ee\/lv\/toode\/ecopower-15kw-soojuspump\/\",\"name\":\"ECOPOWER 15KW siltums\u016bknis - Siltums\u016bk\u0146i\",\"isPartOf\":{\"@id\":\"https:\/\/testimine.kliimapluss.ee\/#website\"},\"datePublished\":\"2024-05-01T20:57:23+00:00\",\"dateModified\":\"2024-05-01T21:03:48+00:00\",\"breadcrumb\":{\"@id\":\"https:\/\/testimine.kliimapluss.ee\/lv\/toode\/ecopower-15kw-soojuspump\/#breadcrumb\"},\"inLanguage\":\"lv-LV\",\"potentialAction\":[{\"@type\":\"ReadAction\",\"target\":[\"https:\/\/testimine.kliimapluss.ee\/lv\/toode\/ecopower-15kw-soojuspump\/\"]}]},{\"@type\":\"BreadcrumbList\",\"@id\":\"https:\/\/testimine.kliimapluss.ee\/lv\/toode\/ecopower-15kw-soojuspump\/#breadcrumb\",\"itemListElement\":[{\"@type\":\"ListItem\",\"position\":1,\"name\":\"C&amp;H\",\"item\":\"https:\/\/testimine.kliimapluss.ee\/lv\/\"},{\"@type\":\"ListItem\",\"position\":2,\"name\":\"Veikals\",\"item\":\"https:\/\/testimine.kliimapluss.ee\/lv\/veikals\/\"},{\"@type\":\"ListItem\",\"position\":3,\"name\":\"ECOPOWER 15KW siltums\u016bknis\"}]},{\"@type\":\"WebSite\",\"@id\":\"https:\/\/testimine.kliimapluss.ee\/#website\",\"url\":\"https:\/\/testimine.kliimapluss.ee\/\",\"name\":\"Soojuspumbad\",\"description\":\"Siltums\u016bk\u0146i un gaisa kondicionieri\",\"publisher\":{\"@id\":\"https:\/\/testimine.kliimapluss.ee\/#organization\"},\"alternateName\":\"Soojuspumpade e-pood\",\"potentialAction\":[{\"@type\":\"SearchAction\",\"target\":{\"@type\":\"EntryPoint\",\"urlTemplate\":\"https:\/\/testimine.kliimapluss.ee\/?s={search_term_string}\"},\"query-input\":\"required name=search_term_string\"}],\"inLanguage\":\"lv-LV\"},{\"@type\":\"Organization\",\"@id\":\"https:\/\/testimine.kliimapluss.ee\/#organization\",\"name\":\"Romadini O\u00dc\",\"alternateName\":\"Soojuspumpade e-pood\",\"url\":\"https:\/\/testimine.kliimapluss.ee\/\",\"logo\":{\"@type\":\"ImageObject\",\"inLanguage\":\"lv-LV\",\"@id\":\"https:\/\/testimine.kliimapluss.ee\/#\/schema\/logo\/image\/\",\"url\":\"\",\"contentUrl\":\"\",\"caption\":\"Romadini O\u00dc\"},\"image\":{\"@id\":\"https:\/\/testimine.kliimapluss.ee\/#\/schema\/logo\/image\/\"},\"sameAs\":[\"https:\/\/www.facebook.com\/cooperandhunter.est\"]}]}<\/script>\n<!-- \/ Yoast SEO plugin. -->","yoast_head_json":{"title":"ECOPOWER 15KW siltums\u016bknis - Siltums\u016bk\u0146i","robots":{"index":"noindex","follow":"follow","max-snippet":"max-snippet:-1","max-image-preview":"max-image-preview:large","max-video-preview":"max-video-preview:-1"},"og_locale":"lv_LV","og_type":"article","og_title":"ECOPOWER 15KW siltums\u016bknis - Siltums\u016bk\u0146i","og_description":"CH-HP15UIMPZM C&amp;H ECOPOWER R290 seadmed on\u00a0EVIPOWER seeria \u201cPremium\u201d\u00a0versioonid.\u00a0Nende loomisel kasutati uusimaid soojuspumpades kasutatavaid tehnoloogiaid.\u00a0Need vastavad rangetele t\u00f5hususe, stabiilsuse ja m\u00fcraemissiooni n\u00f5uetele.\u00a0ECOPOWER R290 seeria kasutab k\u00fclmutusagensina R290 freooni (GWP = 3), mis on 30% efektiivsem kui varem kasutatud k\u00fclmutusagens ja lisaks on sellel ka EVI DC INVERTER kompressorid.\u00a0R290 kombinatsioon DC invertertehnoloogiaga v\u00f5imaldab soojuspumbal saavutada kuni +75 kraadise v\u00e4ljalasketemperatuuri.","og_url":"https:\/\/testimine.kliimapluss.ee\/lv\/toode\/ecopower-15kw-soojuspump\/","og_site_name":"Siltums\u016bk\u0146i","article_publisher":"https:\/\/www.facebook.com\/cooperandhunter.est","article_modified_time":"2024-05-01T21:03:48+00:00","og_image":[{"width":1600,"height":1600,"url":"https:\/\/testimine.kliimapluss.ee\/wp-content\/uploads\/2023\/03\/monoblock-evipower-r32.jpg","type":"image\/jpeg"}],"twitter_card":"summary_large_image","twitter_misc":{"Est. reading time":"2 minutes"},"schema":{"@context":"https:\/\/schema.org","@graph":[{"@type":"WebPage","@id":"https:\/\/testimine.kliimapluss.ee\/lv\/toode\/ecopower-15kw-soojuspump\/","url":"https:\/\/testimine.kliimapluss.ee\/lv\/toode\/ecopower-15kw-soojuspump\/","name":"ECOPOWER 15KW siltums\u016bknis - Siltums\u016bk\u0146i","isPartOf":{"@id":"https:\/\/testimine.kliimapluss.ee\/#website"},"datePublished":"2024-05-01T20:57:23+00:00","dateModified":"2024-05-01T21:03:48+00:00","breadcrumb":{"@id":"https:\/\/testimine.kliimapluss.ee\/lv\/toode\/ecopower-15kw-soojuspump\/#breadcrumb"},"inLanguage":"lv-LV","potentialAction":[{"@type":"ReadAction","target":["https:\/\/testimine.kliimapluss.ee\/lv\/toode\/ecopower-15kw-soojuspump\/"]}]},{"@type":"BreadcrumbList","@id":"https:\/\/testimine.kliimapluss.ee\/lv\/toode\/ecopower-15kw-soojuspump\/#breadcrumb","itemListElement":[{"@type":"ListItem","position":1,"name":"C&amp;H","item":"https:\/\/testimine.kliimapluss.ee\/lv\/"},{"@type":"ListItem","position":2,"name":"Veikals","item":"https:\/\/testimine.kliimapluss.ee\/lv\/veikals\/"},{"@type":"ListItem","position":3,"name":"ECOPOWER 15KW siltums\u016bknis"}]},{"@type":"WebSite","@id":"https:\/\/testimine.kliimapluss.ee\/#website","url":"https:\/\/testimine.kliimapluss.ee\/","name":"Soojuspumbad","description":"Siltums\u016bk\u0146i un gaisa kondicionieri","publisher":{"@id":"https:\/\/testimine.kliimapluss.ee\/#organization"},"alternateName":"Soojuspumpade e-pood","potentialAction":[{"@type":"SearchAction","target":{"@type":"EntryPoint","urlTemplate":"https:\/\/testimine.kliimapluss.ee\/?s={search_term_string}"},"query-input":"required name=search_term_string"}],"inLanguage":"lv-LV"},{"@type":"Organization","@id":"https:\/\/testimine.kliimapluss.ee\/#organization","name":"Romadini O\u00dc","alternateName":"Soojuspumpade e-pood","url":"https:\/\/testimine.kliimapluss.ee\/","logo":{"@type":"ImageObject","inLanguage":"lv-LV","@id":"https:\/\/testimine.kliimapluss.ee\/#\/schema\/logo\/image\/","url":"","contentUrl":"","caption":"Romadini O\u00dc"},"image":{"@id":"https:\/\/testimine.kliimapluss.ee\/#\/schema\/logo\/image\/"},"sameAs":["https:\/\/www.facebook.com\/cooperandhunter.est"]}]}},"_links":{"self":[{"href":"https:\/\/testimine.kliimapluss.ee\/lv\/wp-json\/wp\/v2\/product\/11286","targetHints":{"allow":["GET"]}}],"collection":[{"href":"https:\/\/testimine.kliimapluss.ee\/lv\/wp-json\/wp\/v2\/product"}],"about":[{"href":"https:\/\/testimine.kliimapluss.ee\/lv\/wp-json\/wp\/v2\/types\/product"}],"replies":[{"embeddable":true,"href":"https:\/\/testimine.kliimapluss.ee\/lv\/wp-json\/wp\/v2\/comments?post=11286"}],"wp:featuredmedia":[{"embeddable":true,"href":"https:\/\/testimine.kliimapluss.ee\/lv\/wp-json\/wp\/v2\/media\/8865"}],"wp:attachment":[{"href":"https:\/\/testimine.kliimapluss.ee\/lv\/wp-json\/wp\/v2\/media?parent=11286"}],"wp:term":[{"taxonomy":"product_cat","embeddable":true,"href":"https:\/\/testimine.kliimapluss.ee\/lv\/wp-json\/wp\/v2\/product_cat?post=11286"},{"taxonomy":"product_tag","embeddable":true,"href":"https:\/\/testimine.kliimapluss.ee\/lv\/wp-json\/wp\/v2\/product_tag?post=11286"}],"curies":[{"name":"wp","href":"https:\/\/api.w.org\/{rel}","templated":true}]}}