{"id":9098,"date":"2024-04-10T15:09:54","date_gmt":"2024-04-14T17:48:55","guid":{"rendered":"https:\/\/testimine.kliimapluss.ee\/?post_type=product&#038;p=9098"},"modified":"2024-04-14T23:04:59","modified_gmt":"2024-04-14T20:04:59","slug":"vivax-m-design-09","status":"publish","type":"product","link":"https:\/\/testimine.kliimapluss.ee\/lv\/toode\/vivax-m-design-09\/","title":{"rendered":"VIVAX M DESIGN 09"},"content":{"rendered":"<p>Vivax M Design ir sald\u0113\u0161anas siltums\u016bknis ar biofiltr\u0101cijas sist\u0113mu, kas sast\u0101v no \u012bpa\u0161iem biolo\u0123iskiem fermentiem un ekofiltriem, kas aiztur putek\u013cus, neitraliz\u0113 un izn\u012bcina bakt\u0113rijas, s\u0113n\u012btes un mikrobus.<br \/>\nPievienojot Wi-Fi moduli, M Design modelis \u013cauj kontrol\u0113t gaisa kondicion\u0113t\u0101ju, lai kur j\u016bs atrastos.<\/p>\n<p>Ieg\u0101d\u0101joties pie mums gaisa kondicionieri \u201cVIVAX M DESIGN\u201d, J\u016bs autom\u0101tiski sa\u0146emsiet pat\u012bkamus bonusus, piem\u0113ram:<\/p>\n<ul>\n<li><a href=\"https:\/\/vivaxkliima.ee\/\">VIVAX<\/a>\u00a0kvalit\u0101tes nodro\u0161in\u0101\u0161ana<\/li>\n<li>Bezmaksas transports pa Igauniju<\/li>\n<li>\u0100tra uzst\u0101d\u012b\u0161ana<\/li>\n<li>Pieg\u0101des laiks Igaunij\u0101 1-4 darba dienas<\/li>\n<\/ul>\n<p>Ra\u017eot\u0101js:\u00a0<a href=\"https:\/\/vivax.com\/en\/\">VIVAX<\/a><\/p>\n<p>Papildus inform\u0101cija:\u00a0<a href=\"https:\/\/testimine.kliimapluss.ee\/wp-content\/uploads\/2024\/04\/vivax-m-design-2022-a4-ee-2.pdf\">Vivax-M-design-2022-A4-EE-2<\/a><\/p>\n<p>Lietot\u0101ja rokasgr\u0101mata:\u00a0<a href=\"https:\/\/testimine.kliimapluss.ee\/wp-content\/uploads\/2024\/04\/m_q-design-ee.pdf\">M_Q-Design-EE<\/a><\/p>\n","protected":false},"excerpt":{"rendered":"<h2>GAISA KONDICIONIERIS<\/h2>\n<ul>\n<li>\n<h3>SCOP 4,0 \u0410 +<\/h3>\n<\/li>\n<li>\n<h3>SEER 6.3 \u0410++<\/h3>\n<\/li>\n<li>\n<h3>DZES\u0112\u0160ANA 2,6 kW<\/h3>\n<\/li>\n<li>\n<h3>APKURE 2,9 kW<\/h3>\n<\/li>\n<li>\n<h3>APKUREI l\u012bdz 40m\u00b2<\/h3>\n<\/li>\n<li>\n<h3>DZES\u0112\u0160ANAI l\u012bdz 25m\u00b2<\/h3>\n<\/li>\n<li>\n<h3>Dzes\u0113\u0161anas temperat\u016bras diapazons: -15C \u2013 50C<\/h3>\n<\/li>\n<li>\n<h3>Apkures temperat\u016bras diapazons: -15 C \u2013 30 C<\/h3>\n<\/li>\n<li>\n<h3>Biofiltrs<\/h3>\n<\/li>\n<li>\n<h3>Pa\u0161att\u012bro\u0161s<\/h3>\n<\/li>\n<li>\n<h3>ECO re\u017e\u012bms ietaupa ener\u0123iju<\/h3>\n<\/li>\n<li>\n<h3>Wifi gatavs (var pievienot)<\/h3>\n<\/li>\n<li>\n<h3>5 gadu garantija<\/h3>\n<\/li>\n<\/ul>\n","protected":false},"featured_media":9060,"comment_status":"closed","ping_status":"closed","template":"","meta":{"_acf_changed":false},"product_cat":[3036],"product_tag":[],"class_list":{"0":"post-9098","1":"product","2":"type-product","3":"status-publish","4":"has-post-thumbnail","6":"product_cat-kondicionetaji","7":"product_brand-vivax","9":"first","10":"instock","11":"taxable","12":"shipping-taxable","13":"purchasable","14":"product-type-simple"},"acf":[],"yoast_head":"<!-- This site is optimized with the Yoast SEO plugin v21.9 - https:\/\/yoast.com\/wordpress\/plugins\/seo\/ -->\n<title>VIVAX M DESIGN 09 - Siltums\u016bk\u0146i<\/title>\n<meta name=\"robots\" content=\"noindex, follow, max-snippet:-1, max-image-preview:large, max-video-preview:-1\" \/>\n<meta property=\"og:locale\" content=\"lv_LV\" \/>\n<meta property=\"og:type\" content=\"article\" \/>\n<meta property=\"og:title\" content=\"VIVAX M DESIGN 09 - Siltums\u016bk\u0146i\" \/>\n<meta property=\"og:description\" content=\"GAISA KONDICIONIERIS    SCOP 4,0 \u0410 +    SEER 6.3 \u0410++    DZES\u0112\u0160ANA 2,6 kW    APKURE 2,9 kW    APKUREI l\u012bdz 40m\u00b2    DZES\u0112\u0160ANAI l\u012bdz 25m\u00b2    Dzes\u0113\u0161anas temperat\u016bras diapazons: -15C \u2013 50C    Apkures temperat\u016bras diapazons: -15 C \u2013 30 C    Biofiltrs    Pa\u0161att\u012bro\u0161s    ECO re\u017e\u012bms ietaupa ener\u0123iju    Wifi gatavs (var pievienot)    5 gadu garantija\" \/>\n<meta property=\"og:url\" content=\"https:\/\/testimine.kliimapluss.ee\/lv\/toode\/vivax-m-design-09\/\" \/>\n<meta property=\"og:site_name\" content=\"Siltums\u016bk\u0146i\" \/>\n<meta property=\"article:publisher\" content=\"https:\/\/www.facebook.com\/cooperandhunter.est\" \/>\n<meta property=\"article:modified_time\" content=\"2024-04-14T20:04:59+00:00\" \/>\n<meta property=\"og:image\" content=\"https:\/\/testimine.kliimapluss.ee\/wp-content\/uploads\/2024\/04\/vivax-m-design-12-scaled.jpg\" \/>\n\t<meta property=\"og:image:width\" content=\"2560\" \/>\n\t<meta property=\"og:image:height\" content=\"2560\" \/>\n\t<meta property=\"og:image:type\" content=\"image\/jpeg\" \/>\n<meta name=\"twitter:card\" content=\"summary_large_image\" \/>\n<meta name=\"twitter:label1\" content=\"Est. reading time\" \/>\n\t<meta name=\"twitter:data1\" content=\"1 minute\" \/>\n<script type=\"application\/ld+json\" class=\"yoast-schema-graph\">{\"@context\":\"https:\/\/schema.org\",\"@graph\":[{\"@type\":\"WebPage\",\"@id\":\"https:\/\/testimine.kliimapluss.ee\/lv\/toode\/vivax-m-design-09\/\",\"url\":\"https:\/\/testimine.kliimapluss.ee\/lv\/toode\/vivax-m-design-09\/\",\"name\":\"VIVAX M DESIGN 09 - Siltums\u016bk\u0146i\",\"isPartOf\":{\"@id\":\"https:\/\/testimine.kliimapluss.ee\/#website\"},\"datePublished\":\"2024-04-14T17:48:55+00:00\",\"dateModified\":\"2024-04-14T20:04:59+00:00\",\"breadcrumb\":{\"@id\":\"https:\/\/testimine.kliimapluss.ee\/lv\/toode\/vivax-m-design-09\/#breadcrumb\"},\"inLanguage\":\"lv-LV\",\"potentialAction\":[{\"@type\":\"ReadAction\",\"target\":[\"https:\/\/testimine.kliimapluss.ee\/lv\/toode\/vivax-m-design-09\/\"]}]},{\"@type\":\"BreadcrumbList\",\"@id\":\"https:\/\/testimine.kliimapluss.ee\/lv\/toode\/vivax-m-design-09\/#breadcrumb\",\"itemListElement\":[{\"@type\":\"ListItem\",\"position\":1,\"name\":\"C&amp;H\",\"item\":\"https:\/\/testimine.kliimapluss.ee\/lv\/\"},{\"@type\":\"ListItem\",\"position\":2,\"name\":\"Veikals\",\"item\":\"https:\/\/testimine.kliimapluss.ee\/lv\/veikals\/\"},{\"@type\":\"ListItem\",\"position\":3,\"name\":\"VIVAX M DESIGN 09\"}]},{\"@type\":\"WebSite\",\"@id\":\"https:\/\/testimine.kliimapluss.ee\/#website\",\"url\":\"https:\/\/testimine.kliimapluss.ee\/\",\"name\":\"Soojuspumbad\",\"description\":\"Siltums\u016bk\u0146i un gaisa kondicionieri\",\"publisher\":{\"@id\":\"https:\/\/testimine.kliimapluss.ee\/#organization\"},\"alternateName\":\"Soojuspumpade e-pood\",\"potentialAction\":[{\"@type\":\"SearchAction\",\"target\":{\"@type\":\"EntryPoint\",\"urlTemplate\":\"https:\/\/testimine.kliimapluss.ee\/?s={search_term_string}\"},\"query-input\":\"required name=search_term_string\"}],\"inLanguage\":\"lv-LV\"},{\"@type\":\"Organization\",\"@id\":\"https:\/\/testimine.kliimapluss.ee\/#organization\",\"name\":\"Romadini O\u00dc\",\"alternateName\":\"Soojuspumpade e-pood\",\"url\":\"https:\/\/testimine.kliimapluss.ee\/\",\"logo\":{\"@type\":\"ImageObject\",\"inLanguage\":\"lv-LV\",\"@id\":\"https:\/\/testimine.kliimapluss.ee\/#\/schema\/logo\/image\/\",\"url\":\"\",\"contentUrl\":\"\",\"caption\":\"Romadini O\u00dc\"},\"image\":{\"@id\":\"https:\/\/testimine.kliimapluss.ee\/#\/schema\/logo\/image\/\"},\"sameAs\":[\"https:\/\/www.facebook.com\/cooperandhunter.est\"]}]}<\/script>\n<!-- \/ Yoast SEO plugin. -->","yoast_head_json":{"title":"VIVAX M DESIGN 09 - Siltums\u016bk\u0146i","robots":{"index":"noindex","follow":"follow","max-snippet":"max-snippet:-1","max-image-preview":"max-image-preview:large","max-video-preview":"max-video-preview:-1"},"og_locale":"lv_LV","og_type":"article","og_title":"VIVAX M DESIGN 09 - Siltums\u016bk\u0146i","og_description":"GAISA KONDICIONIERIS    SCOP 4,0 \u0410 +    SEER 6.3 \u0410++    DZES\u0112\u0160ANA 2,6 kW    APKURE 2,9 kW    APKUREI l\u012bdz 40m\u00b2    DZES\u0112\u0160ANAI l\u012bdz 25m\u00b2    Dzes\u0113\u0161anas temperat\u016bras diapazons: -15C \u2013 50C    Apkures temperat\u016bras diapazons: -15 C \u2013 30 C    Biofiltrs    Pa\u0161att\u012bro\u0161s    ECO re\u017e\u012bms ietaupa ener\u0123iju    Wifi gatavs (var pievienot)    5 gadu garantija","og_url":"https:\/\/testimine.kliimapluss.ee\/lv\/toode\/vivax-m-design-09\/","og_site_name":"Siltums\u016bk\u0146i","article_publisher":"https:\/\/www.facebook.com\/cooperandhunter.est","article_modified_time":"2024-04-14T20:04:59+00:00","og_image":[{"width":2560,"height":2560,"url":"https:\/\/testimine.kliimapluss.ee\/wp-content\/uploads\/2024\/04\/vivax-m-design-12-scaled.jpg","type":"image\/jpeg"}],"twitter_card":"summary_large_image","twitter_misc":{"Est. reading time":"1 minute"},"schema":{"@context":"https:\/\/schema.org","@graph":[{"@type":"WebPage","@id":"https:\/\/testimine.kliimapluss.ee\/lv\/toode\/vivax-m-design-09\/","url":"https:\/\/testimine.kliimapluss.ee\/lv\/toode\/vivax-m-design-09\/","name":"VIVAX M DESIGN 09 - Siltums\u016bk\u0146i","isPartOf":{"@id":"https:\/\/testimine.kliimapluss.ee\/#website"},"datePublished":"2024-04-14T17:48:55+00:00","dateModified":"2024-04-14T20:04:59+00:00","breadcrumb":{"@id":"https:\/\/testimine.kliimapluss.ee\/lv\/toode\/vivax-m-design-09\/#breadcrumb"},"inLanguage":"lv-LV","potentialAction":[{"@type":"ReadAction","target":["https:\/\/testimine.kliimapluss.ee\/lv\/toode\/vivax-m-design-09\/"]}]},{"@type":"BreadcrumbList","@id":"https:\/\/testimine.kliimapluss.ee\/lv\/toode\/vivax-m-design-09\/#breadcrumb","itemListElement":[{"@type":"ListItem","position":1,"name":"C&amp;H","item":"https:\/\/testimine.kliimapluss.ee\/lv\/"},{"@type":"ListItem","position":2,"name":"Veikals","item":"https:\/\/testimine.kliimapluss.ee\/lv\/veikals\/"},{"@type":"ListItem","position":3,"name":"VIVAX M DESIGN 09"}]},{"@type":"WebSite","@id":"https:\/\/testimine.kliimapluss.ee\/#website","url":"https:\/\/testimine.kliimapluss.ee\/","name":"Soojuspumbad","description":"Siltums\u016bk\u0146i un gaisa kondicionieri","publisher":{"@id":"https:\/\/testimine.kliimapluss.ee\/#organization"},"alternateName":"Soojuspumpade e-pood","potentialAction":[{"@type":"SearchAction","target":{"@type":"EntryPoint","urlTemplate":"https:\/\/testimine.kliimapluss.ee\/?s={search_term_string}"},"query-input":"required name=search_term_string"}],"inLanguage":"lv-LV"},{"@type":"Organization","@id":"https:\/\/testimine.kliimapluss.ee\/#organization","name":"Romadini O\u00dc","alternateName":"Soojuspumpade e-pood","url":"https:\/\/testimine.kliimapluss.ee\/","logo":{"@type":"ImageObject","inLanguage":"lv-LV","@id":"https:\/\/testimine.kliimapluss.ee\/#\/schema\/logo\/image\/","url":"","contentUrl":"","caption":"Romadini O\u00dc"},"image":{"@id":"https:\/\/testimine.kliimapluss.ee\/#\/schema\/logo\/image\/"},"sameAs":["https:\/\/www.facebook.com\/cooperandhunter.est"]}]}},"_links":{"self":[{"href":"https:\/\/testimine.kliimapluss.ee\/lv\/wp-json\/wp\/v2\/product\/9098","targetHints":{"allow":["GET"]}}],"collection":[{"href":"https:\/\/testimine.kliimapluss.ee\/lv\/wp-json\/wp\/v2\/product"}],"about":[{"href":"https:\/\/testimine.kliimapluss.ee\/lv\/wp-json\/wp\/v2\/types\/product"}],"replies":[{"embeddable":true,"href":"https:\/\/testimine.kliimapluss.ee\/lv\/wp-json\/wp\/v2\/comments?post=9098"}],"wp:featuredmedia":[{"embeddable":true,"href":"https:\/\/testimine.kliimapluss.ee\/lv\/wp-json\/wp\/v2\/media\/9060"}],"wp:attachment":[{"href":"https:\/\/testimine.kliimapluss.ee\/lv\/wp-json\/wp\/v2\/media?parent=9098"}],"wp:term":[{"taxonomy":"product_cat","embeddable":true,"href":"https:\/\/testimine.kliimapluss.ee\/lv\/wp-json\/wp\/v2\/product_cat?post=9098"},{"taxonomy":"product_tag","embeddable":true,"href":"https:\/\/testimine.kliimapluss.ee\/lv\/wp-json\/wp\/v2\/product_tag?post=9098"}],"curies":[{"name":"wp","href":"https:\/\/api.w.org\/{rel}","templated":true}]}}